{"id":732468,"date":"2025-08-27T21:51:30","date_gmt":"2025-08-27T18:51:30","guid":{"rendered":"https:\/\/roveyayinevi.com.tr\/index.php\/urun\/sanatcinin-portresi-georgia-okeeffe\/"},"modified":"2026-03-12T02:50:43","modified_gmt":"2026-03-11T23:50:43","slug":"sanatcinin-portresi-georgia-okeeffe","status":"publish","type":"product","link":"https:\/\/roveyayinevi.com.tr\/index.php\/urun\/sanatcinin-portresi-georgia-okeeffe\/","title":{"rendered":"Sanat\u00e7\u0131n\u0131n Portresi: Georgia O&#8217;Keeffe"},"content":{"rendered":"<p>Georgia O&#8217;Keeffe, pek \u00e7ok insan\u0131n fark\u0131na varmad\u0131\u011f\u0131 ufak ayr\u0131nt\u0131larda sakl\u0131 g\u00fczellikleri g\u00f6ren Amerikal\u0131 bir sanat\u00e7\u0131yd\u0131. G\u00f6kdelenlerden minik \u00e7i\u00e7eklere, engin \u00e7\u00f6llere kadar Georgia, etraf\u0131ndaki cisimleri etkileyici bir resme d\u00f6n\u00fc\u015ft\u00fcrd\u00fc. Onun dingin, b\u00fcy\u00fck boyutlu resimleri, d\u00fcnyan\u0131n t\u00fcm karma\u015fas\u0131n\u0131 yok edip g\u00fcr\u00fclt\u00fcs\u00fcn\u00fc susturmas\u0131na yard\u0131mc\u0131 oldu. Bir \u00e7iftlikte ba\u015flayan ya\u015fam\u0131yla Georgia\u2019n\u0131n resimleri onu \u00f6nce New York\u2019un, sonra da Amerika\u2019n\u0131n en \u00fcnl\u00fc sanat\u00e7\u0131s\u0131 k\u0131ld\u0131. \u201cAmerika Modernizmi\u2019nin annesi\u201d olarak an\u0131lan bu sanat\u00e7\u0131n\u0131n ba\u015fyap\u0131tlar\u0131yla birlikte anlat\u0131lan \u00f6yk\u00fcs\u00fcnden sen de ilham al.Bu sanat \u00f6yk\u00fcs\u00fcn\u00fc okurken Georgia O\u2019Keeffe\u2019nin 10 tablosuna daha yak\u0131ndan bakabilirsin. \u00dcstelik kitab\u0131n arkas\u0131nda tablolar hakk\u0131nda daha fazla bilgi bulabilirsin!<\/p>\n","protected":false},"excerpt":{"rendered":"<p>Georgia O&#8217;Keeffe, pek \u00e7ok insan\u0131n fark\u0131na varmad\u0131\u011f\u0131 ufak ayr\u0131nt\u0131larda sakl\u0131 g\u00fczellikleri g\u00f6ren Amerikal\u0131 bir sanat\u00e7\u0131yd\u0131. G\u00f6kdelenlerden minik \u00e7i\u00e7eklere, engin \u00e7\u00f6llere kadar Georgia, etraf\u0131ndaki cisimleri etkileyici bir<span class=\"excerpt-hellip\"> [\u2026]<\/span><\/p>\n","protected":false},"featured_media":0,"template":"","meta":{"_monsterinsights_skip_tracking":false,"_monsterinsights_sitenote_active":false,"_monsterinsights_sitenote_note":"","_monsterinsights_sitenote_category":0},"product_brand":[],"product_cat":[12274,14573],"product_tag":[],"class_list":{"0":"post-732468","1":"product","2":"type-product","3":"status-publish","5":"product_cat-cocuk-ve-genclik-kitaplari","6":"product_cat-referans-kitaplar-cocuk-ve-genclik-kitaplari","7":"pa_cilt-ciltli","8":"pa_tur-kitap","9":"pa_yayinevi-hayalperest-yayinlari","10":"pa_yazar-lucy-brownridge","12":"first","13":"instock","14":"sale","15":"shipping-taxable","16":"purchasable","17":"product-type-simple"},"_links":{"self":[{"href":"https:\/\/roveyayinevi.com.tr\/index.php\/wp-json\/wp\/v2\/product\/732468","targetHints":{"allow":["GET"]}}],"collection":[{"href":"https:\/\/roveyayinevi.com.tr\/index.php\/wp-json\/wp\/v2\/product"}],"about":[{"href":"https:\/\/roveyayinevi.com.tr\/index.php\/wp-json\/wp\/v2\/types\/product"}],"wp:attachment":[{"href":"https:\/\/roveyayinevi.com.tr\/index.php\/wp-json\/wp\/v2\/media?parent=732468"}],"wp:term":[{"taxonomy":"product_brand","embeddable":true,"href":"https:\/\/roveyayinevi.com.tr\/index.php\/wp-json\/wp\/v2\/product_brand?post=732468"},{"taxonomy":"product_cat","embeddable":true,"href":"https:\/\/roveyayinevi.com.tr\/index.php\/wp-json\/wp\/v2\/product_cat?post=732468"},{"taxonomy":"product_tag","embeddable":true,"href":"https:\/\/roveyayinevi.com.tr\/index.php\/wp-json\/wp\/v2\/product_tag?post=732468"}],"curies":[{"name":"wp","href":"https:\/\/api.w.org\/{rel}","templated":true}]}}