{"id":732467,"date":"2025-08-27T21:51:29","date_gmt":"2025-08-27T18:51:29","guid":{"rendered":"https:\/\/roveyayinevi.com.tr\/index.php\/urun\/sanatcinin-portresi-frida-kahlo\/"},"modified":"2026-02-03T02:56:47","modified_gmt":"2026-02-02T23:56:47","slug":"sanatcinin-portresi-frida-kahlo","status":"publish","type":"product","link":"https:\/\/roveyayinevi.com.tr\/index.php\/urun\/sanatcinin-portresi-frida-kahlo\/","title":{"rendered":"Sanat\u00e7\u0131n\u0131n Portresi: Frida Kahlo"},"content":{"rendered":"<p>Frida Kahlo, ya\u015fam\u0131 da resimleri kadar parlak ve renkli olan Meksikal\u0131 sanat\u00e7\u0131yd\u0131. Ya\u015fam\u0131 boyunca pek \u00e7ok hastal\u0131kla sava\u015ft\u0131 ama resim yapmay\u0131 hi\u00e7 b\u0131rakmad\u0131. Yetene\u011fiyle t\u00fcm d\u00fcnyada \u00fcn kazand\u0131. Frida\u2019n\u0131n ya\u015fam\u0131nda ne zaman iyi ya da k\u00f6t\u00fc bir olay olsa o, bunu resme d\u00f6n\u00fc\u015ft\u00fcrmenin bir yolunu buldu.T\u00fcm zamanlar\u0131n en tan\u0131nm\u0131\u015f Meksikal\u0131 ressam\u0131n\u0131n \u00f6yk\u00fcs\u00fcnden sen de ilham al. \u00dcstelik bu \u00f6yk\u00fc, Frida\u2019n\u0131n resimleriyle seni b\u00fcy\u00fcl\u00fc bir yolculu\u011fa da \u00e7\u0131karacak.Bu sanat \u00f6yk\u00fcs\u00fcn\u00fc okurken Frida Kahlo\u2019nun 10 tablosuna daha yak\u0131ndan bakabilirsin. \u00dcstelik kitab\u0131n arkas\u0131nda tablolar hakk\u0131nda daha fazla bilgi bulabilirsin!<\/p>\n","protected":false},"excerpt":{"rendered":"<p>Frida Kahlo, ya\u015fam\u0131 da resimleri kadar parlak ve renkli olan Meksikal\u0131 sanat\u00e7\u0131yd\u0131. Ya\u015fam\u0131 boyunca pek \u00e7ok hastal\u0131kla sava\u015ft\u0131 ama resim yapmay\u0131 hi\u00e7 b\u0131rakmad\u0131. Yetene\u011fiyle t\u00fcm d\u00fcnyada<span class=\"excerpt-hellip\"> [\u2026]<\/span><\/p>\n","protected":false},"featured_media":0,"template":"","meta":{"_monsterinsights_skip_tracking":false,"_monsterinsights_sitenote_active":false,"_monsterinsights_sitenote_note":"","_monsterinsights_sitenote_category":0},"product_brand":[],"product_cat":[12274,14573],"product_tag":[],"class_list":{"0":"post-732467","1":"product","2":"type-product","3":"status-publish","5":"product_cat-cocuk-ve-genclik-kitaplari","6":"product_cat-referans-kitaplar-cocuk-ve-genclik-kitaplari","7":"pa_cilt-ciltli","8":"pa_tur-kitap","9":"pa_yayinevi-hayalperest-yayinlari","10":"pa_yazar-lucy-brownridge","12":"first","13":"instock","14":"sale","15":"shipping-taxable","16":"purchasable","17":"product-type-simple"},"_links":{"self":[{"href":"https:\/\/roveyayinevi.com.tr\/index.php\/wp-json\/wp\/v2\/product\/732467","targetHints":{"allow":["GET"]}}],"collection":[{"href":"https:\/\/roveyayinevi.com.tr\/index.php\/wp-json\/wp\/v2\/product"}],"about":[{"href":"https:\/\/roveyayinevi.com.tr\/index.php\/wp-json\/wp\/v2\/types\/product"}],"wp:attachment":[{"href":"https:\/\/roveyayinevi.com.tr\/index.php\/wp-json\/wp\/v2\/media?parent=732467"}],"wp:term":[{"taxonomy":"product_brand","embeddable":true,"href":"https:\/\/roveyayinevi.com.tr\/index.php\/wp-json\/wp\/v2\/product_brand?post=732467"},{"taxonomy":"product_cat","embeddable":true,"href":"https:\/\/roveyayinevi.com.tr\/index.php\/wp-json\/wp\/v2\/product_cat?post=732467"},{"taxonomy":"product_tag","embeddable":true,"href":"https:\/\/roveyayinevi.com.tr\/index.php\/wp-json\/wp\/v2\/product_tag?post=732467"}],"curies":[{"name":"wp","href":"https:\/\/api.w.org\/{rel}","templated":true}]}}