{"id":732466,"date":"2025-08-27T21:51:28","date_gmt":"2025-08-27T18:51:28","guid":{"rendered":"https:\/\/roveyayinevi.com.tr\/index.php\/urun\/sanatcinin-portresi-claude-monet\/"},"modified":"2026-03-12T02:50:43","modified_gmt":"2026-03-11T23:50:43","slug":"sanatcinin-portresi-claude-monet","status":"publish","type":"product","link":"https:\/\/roveyayinevi.com.tr\/index.php\/urun\/sanatcinin-portresi-claude-monet\/","title":{"rendered":"Sanat\u00e7\u0131n\u0131n Portresi: Claude Monet"},"content":{"rendered":"<p>Claude Monet ya\u015fam\u0131 boyunca g\u00fcn\u0131\u015f\u0131\u011f\u0131n\u0131 ve \u0131\u015f\u0131ldayan suyu resmetmeye \u00e7al\u0131\u015fan Frans\u0131z bir ressamd\u0131. Baz\u0131 yak\u0131n arkada\u015flar\u0131yla \u0130zlenimcilik ad\u0131 verilen, sanat tarihinin en sevilen ak\u0131mlar\u0131ndan birini ba\u015flatt\u0131. Claude\u2019un \u0131\u015f\u0131\u011f\u0131 ve suyu resmetmekteki \u00f6zel yetene\u011fi, insanlar\u0131n resim yapma \u015feklini sonsuza dek de\u011fi\u015ftirdi. \u0130zlenimcilik\u2019in bu \u00f6nc\u00fc ressam\u0131n\u0131n ba\u015fyap\u0131tlar\u0131yla birlikte anlat\u0131lan \u00f6yk\u00fcs\u00fcnden sen de ilham al.Bu sanat \u00f6yk\u00fcs\u00fcn\u00fc okurken Claude Monet\u2019nin 10 tablosuna daha yak\u0131ndan bakabilirsiniz. \u00dcstelik kitab\u0131n arkas\u0131nda tablolar hakk\u0131nda daha fazla bilgi bulabilirsin!<\/p>\n","protected":false},"excerpt":{"rendered":"<p>Claude Monet ya\u015fam\u0131 boyunca g\u00fcn\u0131\u015f\u0131\u011f\u0131n\u0131 ve \u0131\u015f\u0131ldayan suyu resmetmeye \u00e7al\u0131\u015fan Frans\u0131z bir ressamd\u0131. Baz\u0131 yak\u0131n arkada\u015flar\u0131yla \u0130zlenimcilik ad\u0131 verilen, sanat tarihinin en sevilen ak\u0131mlar\u0131ndan birini ba\u015flatt\u0131.<span class=\"excerpt-hellip\"> [\u2026]<\/span><\/p>\n","protected":false},"featured_media":0,"template":"","meta":{"_monsterinsights_skip_tracking":false,"_monsterinsights_sitenote_active":false,"_monsterinsights_sitenote_note":"","_monsterinsights_sitenote_category":0},"product_brand":[],"product_cat":[12274,14573],"product_tag":[],"class_list":{"0":"post-732466","1":"product","2":"type-product","3":"status-publish","5":"product_cat-cocuk-ve-genclik-kitaplari","6":"product_cat-referans-kitaplar-cocuk-ve-genclik-kitaplari","7":"pa_cilt-ciltli","8":"pa_tur-kitap","9":"pa_yayinevi-hayalperest-yayinlari","10":"pa_yazar-lucy-brownridge","12":"first","13":"instock","14":"sale","15":"shipping-taxable","16":"purchasable","17":"product-type-simple"},"_links":{"self":[{"href":"https:\/\/roveyayinevi.com.tr\/index.php\/wp-json\/wp\/v2\/product\/732466","targetHints":{"allow":["GET"]}}],"collection":[{"href":"https:\/\/roveyayinevi.com.tr\/index.php\/wp-json\/wp\/v2\/product"}],"about":[{"href":"https:\/\/roveyayinevi.com.tr\/index.php\/wp-json\/wp\/v2\/types\/product"}],"wp:attachment":[{"href":"https:\/\/roveyayinevi.com.tr\/index.php\/wp-json\/wp\/v2\/media?parent=732466"}],"wp:term":[{"taxonomy":"product_brand","embeddable":true,"href":"https:\/\/roveyayinevi.com.tr\/index.php\/wp-json\/wp\/v2\/product_brand?post=732466"},{"taxonomy":"product_cat","embeddable":true,"href":"https:\/\/roveyayinevi.com.tr\/index.php\/wp-json\/wp\/v2\/product_cat?post=732466"},{"taxonomy":"product_tag","embeddable":true,"href":"https:\/\/roveyayinevi.com.tr\/index.php\/wp-json\/wp\/v2\/product_tag?post=732466"}],"curies":[{"name":"wp","href":"https:\/\/api.w.org\/{rel}","templated":true}]}}