{"id":732464,"date":"2025-08-27T21:51:25","date_gmt":"2025-08-27T18:51:25","guid":{"rendered":"https:\/\/roveyayinevi.com.tr\/index.php\/urun\/hircin-kiz-4\/"},"modified":"2026-04-16T02:40:20","modified_gmt":"2026-04-15T23:40:20","slug":"hircin-kiz-4","status":"publish","type":"product","link":"https:\/\/roveyayinevi.com.tr\/index.php\/urun\/hircin-kiz-4\/","title":{"rendered":"H\u0131r\u00e7\u0131n K\u0131z"},"content":{"rendered":"<p>Shakespeare\u2019in erken d\u00f6nem komedilerinden H\u0131r\u00e7\u0131n K\u0131z, zengin t\u00fcccar Baptista&#8217;n\u0131n iki k\u0131z\u0131n\u0131n \u00f6yk\u00fcs\u00fcn\u00fc anlat\u0131r. Biri munis, uyumlu, nazik Bianca; di\u011feri h\u0131r\u00e7\u0131n, ba\u015f\u0131na buyruk, sivri dilli Katharina. Hik\u00e2ye Baptista&#8217;n\u0131n asi k\u0131z\u0131n\u0131 evlendirmek \u00fczere giri\u015fti\u011fi bir oyunla ba\u015flar. \u201cOyun i\u00e7inde oyun\u201d bi\u00e7iminde kurgulanan H\u0131r\u00e7\u0131n K\u0131z, ba\u015f\u0131na buyruk Katharina\u2019n\u0131n yola getirilme \u00e7abalar\u0131n\u0131 anlat\u0131r.Shakespeare\u2019in \u0130talyan halk tiyatrosu commedia dell\u2019arte\u2019den esinlendi\u011fi oyun, entrikalar, kelime oyunlar\u0131, k\u0131l\u0131k ve kimlik de\u011fi\u015ftirme, yanl\u0131\u015f anlamalar, terslikler gibi yazar\u0131n \u00fcstad\u0131 oldu\u011fu motifleri i\u00e7ermesinin yan\u0131 s\u0131ra, bir a\u015fk hik\u00e2yesi \u00e7er\u00e7evesinde kad\u0131n erkek ili\u015fkilerini mercek alt\u0131na al\u0131r.<\/p>\n","protected":false},"excerpt":{"rendered":"<p>Shakespeare\u2019in erken d\u00f6nem komedilerinden H\u0131r\u00e7\u0131n K\u0131z, zengin t\u00fcccar Baptista&#8217;n\u0131n iki k\u0131z\u0131n\u0131n \u00f6yk\u00fcs\u00fcn\u00fc anlat\u0131r. Biri munis, uyumlu, nazik Bianca; di\u011feri h\u0131r\u00e7\u0131n, ba\u015f\u0131na buyruk, sivri dilli Katharina. Hik\u00e2ye<span class=\"excerpt-hellip\"> [\u2026]<\/span><\/p>\n","protected":false},"featured_media":0,"template":"","meta":{"_monsterinsights_skip_tracking":false,"_monsterinsights_sitenote_active":false,"_monsterinsights_sitenote_note":"","_monsterinsights_sitenote_category":0},"product_brand":[],"product_cat":[12291,15566],"product_tag":[],"class_list":{"0":"post-732464","1":"product","2":"type-product","3":"status-publish","5":"product_cat-edebiyat","6":"product_cat-oyun","7":"pa_cilt-ciltsiz","8":"pa_tur-kitap","9":"pa_yayinevi-can-yayinlari","10":"pa_yazar-william-shakespeare","12":"first","13":"instock","14":"sale","15":"shipping-taxable","16":"purchasable","17":"product-type-simple"},"_links":{"self":[{"href":"https:\/\/roveyayinevi.com.tr\/index.php\/wp-json\/wp\/v2\/product\/732464","targetHints":{"allow":["GET"]}}],"collection":[{"href":"https:\/\/roveyayinevi.com.tr\/index.php\/wp-json\/wp\/v2\/product"}],"about":[{"href":"https:\/\/roveyayinevi.com.tr\/index.php\/wp-json\/wp\/v2\/types\/product"}],"wp:attachment":[{"href":"https:\/\/roveyayinevi.com.tr\/index.php\/wp-json\/wp\/v2\/media?parent=732464"}],"wp:term":[{"taxonomy":"product_brand","embeddable":true,"href":"https:\/\/roveyayinevi.com.tr\/index.php\/wp-json\/wp\/v2\/product_brand?post=732464"},{"taxonomy":"product_cat","embeddable":true,"href":"https:\/\/roveyayinevi.com.tr\/index.php\/wp-json\/wp\/v2\/product_cat?post=732464"},{"taxonomy":"product_tag","embeddable":true,"href":"https:\/\/roveyayinevi.com.tr\/index.php\/wp-json\/wp\/v2\/product_tag?post=732464"}],"curies":[{"name":"wp","href":"https:\/\/api.w.org\/{rel}","templated":true}]}}