{"id":732463,"date":"2025-08-27T21:51:24","date_gmt":"2025-08-27T18:51:24","guid":{"rendered":"https:\/\/roveyayinevi.com.tr\/index.php\/urun\/sadakat-3\/"},"modified":"2026-04-16T02:40:20","modified_gmt":"2026-04-15T23:40:20","slug":"sadakat-3","status":"publish","type":"product","link":"https:\/\/roveyayinevi.com.tr\/index.php\/urun\/sadakat-3\/","title":{"rendered":"Sadakat"},"content":{"rendered":"<p>Unutulmu\u015f bir modern ustadan m\u00fccevher niteli\u011finde bir hik\u00e2ye: Sadakat. \u00c7ok ge\u00e7meden t\u00fcm d\u00fcnyaya yay\u0131lacak karanl\u0131\u011f\u0131n sinmeye ba\u015flad\u0131\u011f\u0131 caddelerde, salonlarda ve davetlerde bir gen\u00e7 ku\u015fa\u011f\u0131n masumiyetini kaybedi\u015finin hik\u00e2yesi. Elie Wiesel\u2019\u0131n deyimiyle \u201cg\u00fcn\u00fcm\u00fcz\u00fcn sorunlar\u0131n\u0131 usta bir hik\u00e2yecinin tekinsiz ve muhte\u015fem b\u00fcy\u00fcs\u00fcyle anlatan\u201d Gregor von Rezzori\u2019nin kendi deneyimlerinden yola \u00e7\u0131karak yazd\u0131\u011f\u0131 Sadakat, aileden \u00f6\u011frenilmi\u015f bir fa\u015fizmin g\u00fcnl\u00fck hayata nas\u0131l yerle\u015fti\u011fine dair bir anlat\u0131<\/p>\n","protected":false},"excerpt":{"rendered":"<p>Unutulmu\u015f bir modern ustadan m\u00fccevher niteli\u011finde bir hik\u00e2ye: Sadakat. \u00c7ok ge\u00e7meden t\u00fcm d\u00fcnyaya yay\u0131lacak karanl\u0131\u011f\u0131n sinmeye ba\u015flad\u0131\u011f\u0131 caddelerde, salonlarda ve davetlerde bir gen\u00e7 ku\u015fa\u011f\u0131n masumiyetini kaybedi\u015finin<span class=\"excerpt-hellip\"> [\u2026]<\/span><\/p>\n","protected":false},"featured_media":0,"template":"","meta":{"_monsterinsights_skip_tracking":false,"_monsterinsights_sitenote_active":false,"_monsterinsights_sitenote_note":"","_monsterinsights_sitenote_category":0},"product_brand":[],"product_cat":[18545,12291],"product_tag":[],"class_list":{"0":"post-732463","1":"product","2":"type-product","3":"status-publish","5":"product_cat-anlati","6":"product_cat-edebiyat","7":"pa_cilt-ciltsiz","8":"pa_tur-kitap","9":"pa_yayinevi-can-yayinlari","10":"pa_yazar-gregor-von-rezzori","12":"first","13":"instock","14":"sale","15":"shipping-taxable","16":"purchasable","17":"product-type-simple"},"_links":{"self":[{"href":"https:\/\/roveyayinevi.com.tr\/index.php\/wp-json\/wp\/v2\/product\/732463","targetHints":{"allow":["GET"]}}],"collection":[{"href":"https:\/\/roveyayinevi.com.tr\/index.php\/wp-json\/wp\/v2\/product"}],"about":[{"href":"https:\/\/roveyayinevi.com.tr\/index.php\/wp-json\/wp\/v2\/types\/product"}],"wp:attachment":[{"href":"https:\/\/roveyayinevi.com.tr\/index.php\/wp-json\/wp\/v2\/media?parent=732463"}],"wp:term":[{"taxonomy":"product_brand","embeddable":true,"href":"https:\/\/roveyayinevi.com.tr\/index.php\/wp-json\/wp\/v2\/product_brand?post=732463"},{"taxonomy":"product_cat","embeddable":true,"href":"https:\/\/roveyayinevi.com.tr\/index.php\/wp-json\/wp\/v2\/product_cat?post=732463"},{"taxonomy":"product_tag","embeddable":true,"href":"https:\/\/roveyayinevi.com.tr\/index.php\/wp-json\/wp\/v2\/product_tag?post=732463"}],"curies":[{"name":"wp","href":"https:\/\/api.w.org\/{rel}","templated":true}]}}