{"id":732459,"date":"2025-08-27T21:51:20","date_gmt":"2025-08-27T18:51:20","guid":{"rendered":"https:\/\/roveyayinevi.com.tr\/index.php\/urun\/ilk-1000-sozcuk\/"},"modified":"2026-04-16T02:40:20","modified_gmt":"2026-04-15T23:40:20","slug":"ilk-1000-sozcuk","status":"publish","type":"product","link":"https:\/\/roveyayinevi.com.tr\/index.php\/urun\/ilk-1000-sozcuk\/","title":{"rendered":"\u0130lk 1000 S\u00f6zc\u00fck"},"content":{"rendered":"<p>Okul \u00f6ncesi \u00e7a\u011f\u0131 \u00e7ocuklar\u0131 i\u00e7in e\u011flenceli renkli bir nesneler ve kavramlar kitab\u0131&#8230; Anneler ve Babalar: Foto\u011fraflar ve resimlerle dolu bu renkli kitap, \u00e7ocu\u011funuzu 1000 s\u00f6zc\u00fckle tan\u0131\u015ft\u0131racak. T\u00fcr \u0130lk S\u00f6zc\u00fckler + Konu\u015fma Becerisi + Okuma Becerisi.<\/p>\n","protected":false},"excerpt":{"rendered":"<p>Okul \u00f6ncesi \u00e7a\u011f\u0131 \u00e7ocuklar\u0131 i\u00e7in e\u011flenceli renkli bir nesneler ve kavramlar kitab\u0131&#8230; Anneler ve Babalar: Foto\u011fraflar ve resimlerle dolu bu renkli kitap, \u00e7ocu\u011funuzu 1000 s\u00f6zc\u00fckle tan\u0131\u015ft\u0131racak.<span class=\"excerpt-hellip\"> [\u2026]<\/span><\/p>\n","protected":false},"featured_media":0,"template":"","meta":{"_monsterinsights_skip_tracking":false,"_monsterinsights_sitenote_active":false,"_monsterinsights_sitenote_note":"","_monsterinsights_sitenote_category":0},"product_brand":[],"product_cat":[12274,12518],"product_tag":[],"class_list":{"0":"post-732459","1":"product","2":"type-product","3":"status-publish","5":"product_cat-cocuk-ve-genclik-kitaplari","6":"product_cat-okul-oncesi-kitaplar","7":"pa_cilt-ciltsiz","8":"pa_tur-kitap","9":"pa_yayinevi-remzi-kitabevi","10":"pa_yazar-kolektif","12":"first","13":"instock","14":"sale","15":"shipping-taxable","16":"purchasable","17":"product-type-simple"},"_links":{"self":[{"href":"https:\/\/roveyayinevi.com.tr\/index.php\/wp-json\/wp\/v2\/product\/732459","targetHints":{"allow":["GET"]}}],"collection":[{"href":"https:\/\/roveyayinevi.com.tr\/index.php\/wp-json\/wp\/v2\/product"}],"about":[{"href":"https:\/\/roveyayinevi.com.tr\/index.php\/wp-json\/wp\/v2\/types\/product"}],"wp:attachment":[{"href":"https:\/\/roveyayinevi.com.tr\/index.php\/wp-json\/wp\/v2\/media?parent=732459"}],"wp:term":[{"taxonomy":"product_brand","embeddable":true,"href":"https:\/\/roveyayinevi.com.tr\/index.php\/wp-json\/wp\/v2\/product_brand?post=732459"},{"taxonomy":"product_cat","embeddable":true,"href":"https:\/\/roveyayinevi.com.tr\/index.php\/wp-json\/wp\/v2\/product_cat?post=732459"},{"taxonomy":"product_tag","embeddable":true,"href":"https:\/\/roveyayinevi.com.tr\/index.php\/wp-json\/wp\/v2\/product_tag?post=732459"}],"curies":[{"name":"wp","href":"https:\/\/api.w.org\/{rel}","templated":true}]}}