{"id":732457,"date":"2025-08-27T21:51:18","date_gmt":"2025-08-27T18:51:18","guid":{"rendered":"https:\/\/roveyayinevi.com.tr\/index.php\/urun\/bir-gun-yeniden\/"},"modified":"2026-04-16T02:40:20","modified_gmt":"2026-04-15T23:40:20","slug":"bir-gun-yeniden","status":"publish","type":"product","link":"https:\/\/roveyayinevi.com.tr\/index.php\/urun\/bir-gun-yeniden\/","title":{"rendered":"Bir G\u00fcn Yeniden"},"content":{"rendered":"<p>Her \u015feyi ba\u015flatan, en \u00e7ok ihtiyac\u0131m oldu\u011fu anda bana yard\u0131m elini uzatan o adam&#8230; Muhte\u015fem g\u00f6r\u00fcn\u00fcyordu\u2026 derken beni \u00f6pt\u00fc ve sonra ortadan kayboldu. Ona ad\u0131n\u0131 bile sormaya f\u0131rsat\u0131m olmad\u0131. Muhtemelen delirdi\u011fimi d\u00fc\u015f\u00fcn\u00fcyorsunuz ama benim ne yap\u0131p edip onu bulmam gerek. Hi\u00e7 de\u011filse ba\u015f\u0131ma gelen bu olay\u0131 kan\u0131tlaman\u0131n bir yolunu bulmal\u0131y\u0131m.Bir d\u00fc\u011f\u00fcn \u015fark\u0131c\u0131s\u0131 olan Romily Parker, her ne kadar kendi a\u015fk hayat\u0131 yolunda gitmese de kat\u0131ld\u0131\u011f\u0131 d\u00fc\u011f\u00fcnlerde mutlu sonlara \u015fahit olmaktad\u0131r\u2026 Romily, Noel\u2019den \u00f6nceki son cumartesi, en yak\u0131n arkada\u015f\u0131 Charlie\u2019ye ilan\u0131 a\u015fk ettikten hemen sonra, muhtemelen hayallerinin erke\u011fi olabilecek yak\u0131\u015f\u0131kl\u0131 bir yabanc\u0131yla kar\u015f\u0131la\u015f\u0131r. Bu k\u0131sa kar\u015f\u0131la\u015fmadaki kalbini durduran \u00f6p\u00fcc\u00fck her \u015feyi de\u011fi\u015ftirecek g\u00fc\u00e7tedir.Onu yeniden bulmak Romily\u2019nin en \u00f6nemli amac\u0131 haline gelir ve bir y\u0131l s\u00fcrecek macera ba\u015flar\u2026 Romily, hayallerinin erke\u011fini bulabilecek midir, yoksa ger\u00e7ek a\u015fk d\u00fc\u015f\u00fcnd\u00fc\u011f\u00fcnden daha m\u0131 yak\u0131nd\u0131r? <\/p>\n","protected":false},"excerpt":{"rendered":"<p>Her \u015feyi ba\u015flatan, en \u00e7ok ihtiyac\u0131m oldu\u011fu anda bana yard\u0131m elini uzatan o adam&#8230; Muhte\u015fem g\u00f6r\u00fcn\u00fcyordu\u2026 derken beni \u00f6pt\u00fc ve sonra ortadan kayboldu. Ona ad\u0131n\u0131 bile<span class=\"excerpt-hellip\"> [\u2026]<\/span><\/p>\n","protected":false},"featured_media":0,"template":"","meta":{"_monsterinsights_skip_tracking":false,"_monsterinsights_sitenote_active":false,"_monsterinsights_sitenote_note":"","_monsterinsights_sitenote_category":0},"product_brand":[],"product_cat":[14643,12291],"product_tag":[],"class_list":{"0":"post-732457","1":"product","2":"type-product","3":"status-publish","5":"product_cat-ask","6":"product_cat-edebiyat","7":"pa_cilt-ciltsiz","8":"pa_tur-kitap","9":"pa_yayinevi-indigo-kitap","10":"pa_yazar-miranda-dickinson","12":"first","13":"instock","14":"sale","15":"shipping-taxable","16":"purchasable","17":"product-type-simple"},"_links":{"self":[{"href":"https:\/\/roveyayinevi.com.tr\/index.php\/wp-json\/wp\/v2\/product\/732457","targetHints":{"allow":["GET"]}}],"collection":[{"href":"https:\/\/roveyayinevi.com.tr\/index.php\/wp-json\/wp\/v2\/product"}],"about":[{"href":"https:\/\/roveyayinevi.com.tr\/index.php\/wp-json\/wp\/v2\/types\/product"}],"wp:attachment":[{"href":"https:\/\/roveyayinevi.com.tr\/index.php\/wp-json\/wp\/v2\/media?parent=732457"}],"wp:term":[{"taxonomy":"product_brand","embeddable":true,"href":"https:\/\/roveyayinevi.com.tr\/index.php\/wp-json\/wp\/v2\/product_brand?post=732457"},{"taxonomy":"product_cat","embeddable":true,"href":"https:\/\/roveyayinevi.com.tr\/index.php\/wp-json\/wp\/v2\/product_cat?post=732457"},{"taxonomy":"product_tag","embeddable":true,"href":"https:\/\/roveyayinevi.com.tr\/index.php\/wp-json\/wp\/v2\/product_tag?post=732457"}],"curies":[{"name":"wp","href":"https:\/\/api.w.org\/{rel}","templated":true}]}}