{"id":732456,"date":"2025-08-27T21:51:17","date_gmt":"2025-08-27T18:51:17","guid":{"rendered":"https:\/\/roveyayinevi.com.tr\/index.php\/urun\/kent-ve-maneviyat\/"},"modified":"2026-04-16T02:40:20","modified_gmt":"2026-04-15T23:40:20","slug":"kent-ve-maneviyat","status":"publish","type":"product","link":"https:\/\/roveyayinevi.com.tr\/index.php\/urun\/kent-ve-maneviyat\/","title":{"rendered":"Kent ve Maneviyat"},"content":{"rendered":"<p>Zaman ve mek\u00e2n boyutlar\u0131nda ya\u015fayan insan, e\u015fyaya ve olaylara bu \u00e7er\u00e7evede \u015fekil ve anlam vermi\u015ftir. \u0130nsan, yery\u00fcz\u00fc hayat\u0131yla birlikte ba\u015flayan bar\u0131nma ihtiyac\u0131n\u0131 da zaman\u0131n ve mek\u00e2n\u0131n imk\u00e2nlar\u0131 ve anlay\u0131\u015flar\u0131 \u00e7er\u00e7evesinde kar\u015f\u0131lam\u0131\u015ft\u0131r. D\u00fcnden bug\u00fcne geli\u015fen konaklama ve yerle\u015fim yerleri, maddi ve manevi boyutlar\u0131yla kovukta ba\u015flam\u0131\u015f; sonra kul\u00fcbeye, akabinde konuta\/eve, ard\u0131ndan kona\u011fa nihayetinde de apartman ya da rezidanslara ge\u00e7ilmi\u015ftir. Bir konut ile ba\u015flayan yerle\u015fme; k\u00f6yden kasabaya oradan da kente\/\u015fehre do\u011fru geni\u015fleme ve geli\u015fme basamaklar\u0131n\u0131 \u00e7\u0131km\u0131\u015ft\u0131r. Bu yap\u0131la\u015fmada evin \u201cyuva\u201dya, kasaba veya kentin de \u201cmemleket\u201de d\u00f6n\u00fc\u015fmesi onlara kat\u0131lan ya da atfedilen mana ile ger\u00e7ekle\u015fmi\u015ftir. Bu ba\u011flamda \u00f6ne \u00e7\u0131kan iki kavram kent\/\u015fehir ve maneviyatt\u0131r.\u015eehir \u201cn\u00fcfusunun \u00e7o\u011fu ticaret, sanayi, hizmet veya y\u00f6netimle ilgili i\u015flerle u\u011fra\u015fan, genellikle tar\u0131msal etkinliklerin olmad\u0131\u011f\u0131 yerle\u015fim alan\u0131, kent, site\u201d olarak tan\u0131mlan\u0131rken (TDK), maneviyat ise \u201cmaddi olmayan, manevi \u015feyler\u201d; \u201cy\u00fcrek g\u00fcc\u00fc, moral\u201d gibi iki farkl\u0131 anlama sahiptir. Maneviyat, kimi medeniyetlerde hatta modern zamanlara kadar varl\u0131\u011f\u0131n\u0131 s\u00fcrd\u00fcren medeniyet unsurlar\u0131nda din a\u011f\u0131rl\u0131kl\u0131 iken; modern anlamda, duyguya dayal\u0131 olan ve sanat gibi unsurlar\u0131 da i\u00e7eren daha sek\u00fcler bir nitelik kazanm\u0131\u015ft\u0131r. Her iki durumda da bizim kavram\u0131m\u0131z; kent ile maneviyat\u0131n i\u00e7i\u00e7e oldu\u011fu \u201ckent maneviyat\u0131\u201dd\u0131r.Modern hayat olabildi\u011fince sek\u00fcler de\u011ferler \u00fczerinden ya\u015fan\u0131rken, maneviyat\u0131n anlam\u0131 ve alanlar\u0131 da de\u011fi\u015fim ve d\u00f6n\u00fc\u015f\u00fcm g\u00f6stermi\u015ftir. T\u0131pk\u0131 kadim zamanlarda g\u00f6r\u00fclen, heykel gibi plastik sanatlar, e\u011flence ve spor daha \u00f6ne \u00e7\u0131karken, kapitalizmin in\u015fa etti\u011fi t\u00fcketim toplumunda maneviyat alanlar\u0131 daha ziyade AVM gibi \u00e7e\u015fitli ticaret mek\u00e2nlar\u0131na ta\u015f\u0131nm\u0131\u015ft\u0131r. Hatta sanat ve spor alanlar\u0131 birer sek\u00fcler maneviyat merkezleri konumuna gelmi\u015ftir. Kentin maneviyat\u0131n\u0131n in\u015fas\u0131nda ink\u00e2r edilemez bir i\u015flev \u00fcstlenen konser salonlar\u0131, tiyatro binalar\u0131, sinema salonlar\u0131, m\u00fczeler, fuar alanlar\u0131 vb. mek\u00e2nlar kentin hem siluet plan\u0131nda d\u0131\u015f g\u00f6r\u00fcn\u00fc\u015f\u00fcn\u00fc hem de sakinlerinin mana d\u00fcnyalar\u0131n\u0131 kurma g\u00f6revi \u00fcstlenmi\u015ftir.<\/p>\n","protected":false},"excerpt":{"rendered":"<p>Zaman ve mek\u00e2n boyutlar\u0131nda ya\u015fayan insan, e\u015fyaya ve olaylara bu \u00e7er\u00e7evede \u015fekil ve anlam vermi\u015ftir. \u0130nsan, yery\u00fcz\u00fc hayat\u0131yla birlikte ba\u015flayan bar\u0131nma ihtiyac\u0131n\u0131 da zaman\u0131n ve mek\u00e2n\u0131n<span class=\"excerpt-hellip\"> [\u2026]<\/span><\/p>\n","protected":false},"featured_media":0,"template":"","meta":{"_monsterinsights_skip_tracking":false,"_monsterinsights_sitenote_active":false,"_monsterinsights_sitenote_note":"","_monsterinsights_sitenote_category":0},"product_brand":[],"product_cat":[12767,12324],"product_tag":[],"class_list":{"0":"post-732456","1":"product","2":"type-product","3":"status-publish","5":"product_cat-kentlesme-modernlesme","6":"product_cat-sosyoloji","7":"pa_cilt-ciltsiz","8":"pa_tur-kitap","9":"pa_yayinevi-idealkent-yayincilik","10":"pa_yazar-seyfettin-ersahin","12":"first","13":"instock","14":"sale","15":"shipping-taxable","16":"purchasable","17":"product-type-simple"},"_links":{"self":[{"href":"https:\/\/roveyayinevi.com.tr\/index.php\/wp-json\/wp\/v2\/product\/732456","targetHints":{"allow":["GET"]}}],"collection":[{"href":"https:\/\/roveyayinevi.com.tr\/index.php\/wp-json\/wp\/v2\/product"}],"about":[{"href":"https:\/\/roveyayinevi.com.tr\/index.php\/wp-json\/wp\/v2\/types\/product"}],"wp:attachment":[{"href":"https:\/\/roveyayinevi.com.tr\/index.php\/wp-json\/wp\/v2\/media?parent=732456"}],"wp:term":[{"taxonomy":"product_brand","embeddable":true,"href":"https:\/\/roveyayinevi.com.tr\/index.php\/wp-json\/wp\/v2\/product_brand?post=732456"},{"taxonomy":"product_cat","embeddable":true,"href":"https:\/\/roveyayinevi.com.tr\/index.php\/wp-json\/wp\/v2\/product_cat?post=732456"},{"taxonomy":"product_tag","embeddable":true,"href":"https:\/\/roveyayinevi.com.tr\/index.php\/wp-json\/wp\/v2\/product_tag?post=732456"}],"curies":[{"name":"wp","href":"https:\/\/api.w.org\/{rel}","templated":true}]}}