{"id":732455,"date":"2025-08-27T21:51:16","date_gmt":"2025-08-27T18:51:16","guid":{"rendered":"https:\/\/roveyayinevi.com.tr\/index.php\/urun\/belediye-hizmetleri-ve-secmen-davranisi\/"},"modified":"2026-04-16T02:40:20","modified_gmt":"2026-04-15T23:40:20","slug":"belediye-hizmetleri-ve-secmen-davranisi","status":"publish","type":"product","link":"https:\/\/roveyayinevi.com.tr\/index.php\/urun\/belediye-hizmetleri-ve-secmen-davranisi\/","title":{"rendered":"Belediye Hizmetleri ve Se\u00e7men Davran\u0131\u015f\u0131"},"content":{"rendered":"<p>Yerel y\u00f6netimler, bilindi\u011fi gibi, bir yandan yurtta\u015fa en yak\u0131n birimler olarak yerel ortak nitelikli kamu hizmetlerini sunarken, \u00f6te yandan yerel d\u00fczeyde iktidar sava\u015f\u0131m\u0131 veren siyasal birimlerdir. Bu nedenle, sunduklar\u0131 hizmetlerin nicelik ve niteli\u011fi ile yerel se\u00e7imlerde tekrar y\u00f6netime gelebilmeleri aras\u0131nda bir ili\u015fki olup olmad\u0131\u011f\u0131 sorusu hakl\u0131 olarak ak\u0131llara gelmektedir. D\u00fcnyada ve T\u00fcrkiye\u2019de kentsel n\u00fcfusun giderek artmas\u0131 kent y\u00f6netimleri olan belediyeleri \u00f6n plana \u00e7\u0131karmaktad\u0131r. Belediyeler taraf\u0131ndan sunulan belediye hizmetlerinin se\u00e7menin oy verme davran\u0131\u015f\u0131 \u00fczerindeki etkisinin ara\u015ft\u0131r\u0131lmas\u0131, belediye hizmetlerinin se\u00e7men davran\u0131\u015f\u0131n\u0131 belirlemedeki yeri, \u00f6nemi ve boyutlar\u0131n\u0131n ara\u015ft\u0131r\u0131lmas\u0131 \u00f6nem ta\u015f\u0131maktad\u0131r. Belediye hizmetleri d\u0131\u015f\u0131nda, yerel se\u00e7imlerde adaylar\u0131n sahip oldu\u011fu kimi \u00f6zelliklerin (fiziksel, ki\u015fisel, e\u011fitim, ileti\u015fim becerisi, ideoloji hem\u015ferilik gibi), se\u00e7im vaatlerine yans\u0131yan ve adaylar\u0131n se\u00e7men tercihini etkilemeye y\u00f6nelik projeleri de elbette se\u00e7men tercihlerinde etkili olan yerel ko\u015fullardand\u0131r.Asmin Kavas Bilgi\u00e7, \u201cBelediye Hizmetleri ve Se\u00e7men Davran\u0131\u015f\u0131\u201d ba\u015fl\u0131kl\u0131 bu Kitab\u0131nda, belediye hizmetleri ile se\u00e7men davran\u0131\u015f\u0131 ili\u015fkisini, bu hizmetleri sunan il\u00e7e belediye ve b\u00fcy\u00fck\u015fehir belediye ba\u015fkanl\u0131\u011f\u0131 se\u00e7imleri ba\u011flam\u0131nda tart\u0131\u015fmaktad\u0131r. Ankara B\u00fcy\u00fck\u015fehir Belediyesi\u2019nin Alt\u0131nda\u011f ve Yenimahalle \u0130l\u00e7e Belediyeleri \u00f6rneklerinde s\u00f6z konusu tart\u0131\u015fman\u0131n somutla\u015ft\u0131r\u0131lmas\u0131, Kitab\u0131 daha da de\u011ferli k\u0131lmaktad\u0131r. Alt\u0131nda\u011f ve Yenimahalle \u0130l\u00e7elerinin yerel ve genel se\u00e7im sonu\u00e7lar\u0131n\u0131n analizlerine, se\u00e7men e\u011filimlerine ve parti tercihlerine yer verilmesi, \u00f6zellikle son d\u00f6nemlerde g\u00fcncel ve tart\u0131\u015fmaya a\u00e7\u0131k olan belediye hizmetlerinin, se\u00e7menin oy tercihlerindeki yeri ve \u00f6nemi \u00fczerinde yap\u0131lan s\u0131n\u0131rl\u0131 say\u0131daki ara\u015ft\u0131rmalara \u00f6nemli bir katk\u0131da bulunmaktad\u0131r.Kitap, y\u00f6neticilerin, politikac\u0131lar\u0131n, \u00f6\u011frencilerin, bilim insanlar\u0131n\u0131n ve de\u011fi\u015fen yeni sistemin do\u011frudan do\u011fruya etkiledi\u011fi yurtta\u015flar\u0131n yararlanabilecekleri bilgileri i\u00e7ermektedir. Titizlikle elde edilen verilerin \u0131\u015f\u0131\u011f\u0131nda ortaya konulan bu Kitapta ger\u00e7ek\u00e7i de\u011ferlendirme ve \u00f6neriler sunulmaktad\u0131r.Prof. Dr. Ru\u015fen Kele\u015f &#8211; Prof. Dr. Ay\u015feg\u00fcl Mengi<\/p>\n","protected":false},"excerpt":{"rendered":"<p>Yerel y\u00f6netimler, bilindi\u011fi gibi, bir yandan yurtta\u015fa en yak\u0131n birimler olarak yerel ortak nitelikli kamu hizmetlerini sunarken, \u00f6te yandan yerel d\u00fczeyde iktidar sava\u015f\u0131m\u0131 veren siyasal birimlerdir.<span class=\"excerpt-hellip\"> [\u2026]<\/span><\/p>\n","protected":false},"featured_media":0,"template":"","meta":{"_monsterinsights_skip_tracking":false,"_monsterinsights_sitenote_active":false,"_monsterinsights_sitenote_note":"","_monsterinsights_sitenote_category":0},"product_brand":[],"product_cat":[12767,12324],"product_tag":[],"class_list":{"0":"post-732455","1":"product","2":"type-product","3":"status-publish","5":"product_cat-kentlesme-modernlesme","6":"product_cat-sosyoloji","7":"pa_cilt-ciltsiz","8":"pa_tur-kitap","9":"pa_yayinevi-idealkent-yayincilik","10":"pa_yazar-asmin-kavas-bilgic","12":"first","13":"instock","14":"sale","15":"shipping-taxable","16":"purchasable","17":"product-type-simple"},"_links":{"self":[{"href":"https:\/\/roveyayinevi.com.tr\/index.php\/wp-json\/wp\/v2\/product\/732455","targetHints":{"allow":["GET"]}}],"collection":[{"href":"https:\/\/roveyayinevi.com.tr\/index.php\/wp-json\/wp\/v2\/product"}],"about":[{"href":"https:\/\/roveyayinevi.com.tr\/index.php\/wp-json\/wp\/v2\/types\/product"}],"wp:attachment":[{"href":"https:\/\/roveyayinevi.com.tr\/index.php\/wp-json\/wp\/v2\/media?parent=732455"}],"wp:term":[{"taxonomy":"product_brand","embeddable":true,"href":"https:\/\/roveyayinevi.com.tr\/index.php\/wp-json\/wp\/v2\/product_brand?post=732455"},{"taxonomy":"product_cat","embeddable":true,"href":"https:\/\/roveyayinevi.com.tr\/index.php\/wp-json\/wp\/v2\/product_cat?post=732455"},{"taxonomy":"product_tag","embeddable":true,"href":"https:\/\/roveyayinevi.com.tr\/index.php\/wp-json\/wp\/v2\/product_tag?post=732455"}],"curies":[{"name":"wp","href":"https:\/\/api.w.org\/{rel}","templated":true}]}}