{"id":732454,"date":"2025-08-27T21:51:16","date_gmt":"2025-08-27T18:51:16","guid":{"rendered":"https:\/\/roveyayinevi.com.tr\/index.php\/urun\/kendini-kuran-sehir\/"},"modified":"2026-04-16T02:40:20","modified_gmt":"2026-04-15T23:40:20","slug":"kendini-kuran-sehir","status":"publish","type":"product","link":"https:\/\/roveyayinevi.com.tr\/index.php\/urun\/kendini-kuran-sehir\/","title":{"rendered":"Kendini Kuran \u015eehir"},"content":{"rendered":"<p>Hukuk, siyaset ve y\u00f6netme gelene\u011fi \u015fehirlerde geli\u015fti. Tarih sahnesine \u00e7\u0131kan ilk \u015fehirler, ayn\u0131 zamanda ilk devletlerin habercisi oldu. Bat\u0131&#8217;da 14. y\u00fczy\u0131ldan itibaren merkezi h\u00fck\u00fcmetler kar\u015f\u0131s\u0131nda \u00f6zerkle\u015fen \u015fehirler, belediye, meslek odas\u0131, \u015fehir meclisi gibi yerel y\u00f6netim organlar\u0131n\u0131 geli\u015ftirerek, modern temsili sistemin ve demokratik devletin kurulmas\u0131na \u00f6nc\u00fcl\u00fck ettiler. Kendi i\u00e7 dinamikleriyle \u00f6rg\u00fctlenerek \u00f6zerk y\u00f6netimlerini kuramayan T\u00fcrk \u015fehirleri ise, merkezi otoritenin denetimi ile yerel \u00e7\u0131kar gruplar\u0131 aras\u0131nda s\u0131k\u0131\u015f\u0131p kald\u0131. D\u00f6neminin k\u00fclt\u00fcr ve ticaret merkezi olan d\u00fcnyaya a\u00e7\u0131k b\u00fcy\u00fck \u015fehirlerde do\u011fan, geli\u015fen ve olgunla\u015fan \u00fcst\u00fcn bir medeniyet, d\u00fcnyaya kapanan \u015fehirlerde donukla\u015f\u0131p canl\u0131l\u0131\u011f\u0131n\u0131 yitirerek zaman\u0131n d\u0131\u015f\u0131na d\u00fc\u015ft\u00fc.Kayseri, bir ticaret \u015fehri olmas\u0131 ve yerel y\u00f6netimlerde kendine \u00f6zg\u00fc uygulamalar geli\u015ftirmesi sayesinde, merkezi otoriteden belli \u00f6l\u00e7\u00fclerde \u00f6zerkle\u015fmeyi ba\u015fard\u0131. \u015e\u00fckr\u00fc Karatepe Kendini Kuran \u015eehirde, bir d\u00f6nem belediye ba\u015fkanl\u0131\u011f\u0131n\u0131 y\u00fcr\u00fctt\u00fc\u011f\u00fc Kayseri \u00f6rne\u011finden hareketle, merkezi h\u00fck\u00fcmetin a\u015f\u0131r\u0131 denetimi ile yerel gruplar\u0131n \u00e7\u0131karlar\u0131 aras\u0131na s\u0131k\u0131\u015fan \u015fehirlerimizde, hem\u015fehrilerin daha aktif sorumluluklar y\u00fcklendi\u011fi demokratik \u00e7\u0131k\u0131\u015f yollar\u0131 aramaktad\u0131r.<\/p>\n","protected":false},"excerpt":{"rendered":"<p>Hukuk, siyaset ve y\u00f6netme gelene\u011fi \u015fehirlerde geli\u015fti. Tarih sahnesine \u00e7\u0131kan ilk \u015fehirler, ayn\u0131 zamanda ilk devletlerin habercisi oldu. Bat\u0131&#8217;da 14. y\u00fczy\u0131ldan itibaren merkezi h\u00fck\u00fcmetler kar\u015f\u0131s\u0131nda \u00f6zerkle\u015fen<span class=\"excerpt-hellip\"> [\u2026]<\/span><\/p>\n","protected":false},"featured_media":0,"template":"","meta":{"_monsterinsights_skip_tracking":false,"_monsterinsights_sitenote_active":false,"_monsterinsights_sitenote_note":"","_monsterinsights_sitenote_category":0},"product_brand":[],"product_cat":[12370,12304],"product_tag":[],"class_list":{"0":"post-732454","1":"product","2":"type-product","3":"status-publish","5":"product_cat-arastirma-inceleme","6":"product_cat-tarih","7":"pa_cilt-ciltsiz","8":"pa_tur-kitap","9":"pa_yayinevi-idealkent-yayincilik","10":"pa_yazar-sukru-karatepe","12":"first","13":"instock","14":"sale","15":"shipping-taxable","16":"purchasable","17":"product-type-simple"},"_links":{"self":[{"href":"https:\/\/roveyayinevi.com.tr\/index.php\/wp-json\/wp\/v2\/product\/732454","targetHints":{"allow":["GET"]}}],"collection":[{"href":"https:\/\/roveyayinevi.com.tr\/index.php\/wp-json\/wp\/v2\/product"}],"about":[{"href":"https:\/\/roveyayinevi.com.tr\/index.php\/wp-json\/wp\/v2\/types\/product"}],"wp:attachment":[{"href":"https:\/\/roveyayinevi.com.tr\/index.php\/wp-json\/wp\/v2\/media?parent=732454"}],"wp:term":[{"taxonomy":"product_brand","embeddable":true,"href":"https:\/\/roveyayinevi.com.tr\/index.php\/wp-json\/wp\/v2\/product_brand?post=732454"},{"taxonomy":"product_cat","embeddable":true,"href":"https:\/\/roveyayinevi.com.tr\/index.php\/wp-json\/wp\/v2\/product_cat?post=732454"},{"taxonomy":"product_tag","embeddable":true,"href":"https:\/\/roveyayinevi.com.tr\/index.php\/wp-json\/wp\/v2\/product_tag?post=732454"}],"curies":[{"name":"wp","href":"https:\/\/api.w.org\/{rel}","templated":true}]}}