{"id":732452,"date":"2025-08-27T21:51:14","date_gmt":"2025-08-27T18:51:14","guid":{"rendered":"https:\/\/roveyayinevi.com.tr\/index.php\/urun\/kent-yasam\/"},"modified":"2026-04-16T02:40:20","modified_gmt":"2026-04-15T23:40:20","slug":"kent-yasam","status":"publish","type":"product","link":"https:\/\/roveyayinevi.com.tr\/index.php\/urun\/kent-yasam\/","title":{"rendered":"Kent &#8211; Ya\u015fam"},"content":{"rendered":"<p>Bu metin kentler \u00fczerinde mimari ya da planlama alanlar\u0131nda bilgi aktarmak amac\u0131nda de\u011fil. Fakat insanl\u0131\u011f\u0131n \u00e7o\u011funlu\u011fu gibi, ya\u015fam\u0131n\u0131 kentlerde ge\u00e7irmi\u015f biri olarak kent ya\u015fam\u0131n\u0131n bedenimize, zihnimize ve ruhumuza nas\u0131l i\u015fledi\u011fini, bir birey olarak hem \u00e7evre hem de toplum ile ili\u015fkilerimizi kentin nas\u0131l etkiledi\u011fini, kentlerde ya\u015fam kalitesinin herkes i\u00e7in nas\u0131l e\u015fit k\u0131l\u0131nabilece\u011fini ve belediyelerin ve planc\u0131lar\u0131n genellikle g\u00f6z ard\u0131 ettikleri g\u00fcndelik ya\u015fam\u0131n kentle ili\u015fkilerini irdelemeye \u00e7al\u0131\u015f\u0131yor. Bu bak\u0131mdan, baz\u0131 b\u00f6l\u00fcmlerde planc\u0131lar\u0131n, tarih\u00e7ilerin, kent yapt\u0131r\u0131mlar\u0131nda kendini yetkili g\u00f6ren ki\u015filerin alanlar\u0131na giriyor gibi g\u00f6r\u00fcnmesi, kentin her zaman bize par\u00e7alanamaz bir b\u00fct\u00fcn olarak hitap etti\u011finden ve kentlerin b\u00fct\u00fcn unsurlar\u0131n\u0131n hepimizi her an etkiledi\u011findendir. Kent \u00fczerine yaz\u0131lan kitaplar\u0131n \u00e7o\u011funda hava kalitesi, ses, koku, \u0131\u015f\u0131k, do\u011fa, sosyal ili\u015fkiler, e\u011flence, spor, e\u011fitim, kitap, sanat gibi konulara rastlamak zor. Fakat ya\u015fam kalitesini, caddelerde arabalar\u0131n ne h\u0131zla gitti\u011fi de\u011fil, bu t\u00fcr \u00f6zellikler olu\u015fturmuyor mu? \u0130\u015fte, bu kitapta, farkl\u0131 b\u00f6l\u00fcmler i\u00e7inde bu t\u00fcr ger\u00e7eklikleri ve kenti neden sevip neden sevmedi\u011fimizi g\u00fcndeme getirmeye \u00e7al\u0131\u015ft\u0131m.<\/p>\n","protected":false},"excerpt":{"rendered":"<p>Bu metin kentler \u00fczerinde mimari ya da planlama alanlar\u0131nda bilgi aktarmak amac\u0131nda de\u011fil. Fakat insanl\u0131\u011f\u0131n \u00e7o\u011funlu\u011fu gibi, ya\u015fam\u0131n\u0131 kentlerde ge\u00e7irmi\u015f biri olarak kent ya\u015fam\u0131n\u0131n bedenimize, zihnimize<span class=\"excerpt-hellip\"> [\u2026]<\/span><\/p>\n","protected":false},"featured_media":0,"template":"","meta":{"_monsterinsights_skip_tracking":false,"_monsterinsights_sitenote_active":false,"_monsterinsights_sitenote_note":"","_monsterinsights_sitenote_category":0},"product_brand":[],"product_cat":[12767,12324],"product_tag":[],"class_list":{"0":"post-732452","1":"product","2":"type-product","3":"status-publish","5":"product_cat-kentlesme-modernlesme","6":"product_cat-sosyoloji","7":"pa_cilt-ciltsiz","8":"pa_tur-kitap","9":"pa_yayinevi-idealkent-yayincilik","10":"pa_yazar-jale-nejdet-erzen","12":"first","13":"instock","14":"sale","15":"shipping-taxable","16":"purchasable","17":"product-type-simple"},"_links":{"self":[{"href":"https:\/\/roveyayinevi.com.tr\/index.php\/wp-json\/wp\/v2\/product\/732452","targetHints":{"allow":["GET"]}}],"collection":[{"href":"https:\/\/roveyayinevi.com.tr\/index.php\/wp-json\/wp\/v2\/product"}],"about":[{"href":"https:\/\/roveyayinevi.com.tr\/index.php\/wp-json\/wp\/v2\/types\/product"}],"wp:attachment":[{"href":"https:\/\/roveyayinevi.com.tr\/index.php\/wp-json\/wp\/v2\/media?parent=732452"}],"wp:term":[{"taxonomy":"product_brand","embeddable":true,"href":"https:\/\/roveyayinevi.com.tr\/index.php\/wp-json\/wp\/v2\/product_brand?post=732452"},{"taxonomy":"product_cat","embeddable":true,"href":"https:\/\/roveyayinevi.com.tr\/index.php\/wp-json\/wp\/v2\/product_cat?post=732452"},{"taxonomy":"product_tag","embeddable":true,"href":"https:\/\/roveyayinevi.com.tr\/index.php\/wp-json\/wp\/v2\/product_tag?post=732452"}],"curies":[{"name":"wp","href":"https:\/\/api.w.org\/{rel}","templated":true}]}}