{"id":732448,"date":"2025-08-27T21:51:10","date_gmt":"2025-08-27T18:51:10","guid":{"rendered":"https:\/\/roveyayinevi.com.tr\/index.php\/urun\/yeni-kent-paradigmasi\/"},"modified":"2026-04-16T02:40:19","modified_gmt":"2026-04-15T23:40:19","slug":"yeni-kent-paradigmasi","status":"publish","type":"product","link":"https:\/\/roveyayinevi.com.tr\/index.php\/urun\/yeni-kent-paradigmasi\/","title":{"rendered":"Yeni Kent Paradigmas\u0131"},"content":{"rendered":"<p>D\u00fcnyada ve T\u00fcrkiye\u2019de, metropoliten alanlar ba\u015fta olmak \u00fczere kent y\u00f6netimlerinin son 30 y\u0131l i\u00e7indeki geli\u015fimi uluslararas\u0131 alanda ortaya \u00e7\u0131kan yeni bir yakla\u015f\u0131m\u0131n ve modelin arac\u0131l\u0131\u011f\u0131yla bi\u00e7imlenmektedir. Yeni sa\u011f ekonomik politikalar k\u00fcresel d\u00fczenle uyumlu metropoliten alan y\u00f6netimlerinin ortaya \u00e7\u0131kmas\u0131na neden olmaktad\u0131r. Metropoliten alanlar\u0131n y\u00f6netiminden sorumlu olan b\u00fcy\u00fck\u015fehir belediyelerinin politika \u00fcretme ve hizmet sunma anlay\u0131\u015flar\u0131nda da bu do\u011frultuda de\u011fi\u015fiklikler olmaktad\u0131r. D\u00fcnyada \u201cyeni kentsel politikalar\u201d olarak bilinen bu model T\u00fcrkiye\u2019de de \u201cgiri\u015fimci kent\u201d bi\u00e7iminde kar\u015f\u0131l\u0131k bulmaktad\u0131r.Yeni Kent Paradigmas\u0131 adl\u0131 bu Kitab\u0131n T\u00fcrkiye\u2019de metropoliten alan y\u00f6netimi sisteminin niteli\u011finde \u00f6nemli de\u011fi\u015fiklikler yarat\u0131larak b\u00fcy\u00fck\u015fehir belediyelerinin, kamu hizmeti sunan birimler olmaktan \u00e7ok, piyasa odakl\u0131 akt\u00f6rler gibi hareket ettikleri ve ba\u015fka bir y\u00f6ne do\u011fru evrildikleri tezinden yola \u00e7\u0131kt\u0131\u011f\u0131 g\u00f6r\u00fclmektedir. Bu arada, T\u00fcrkiye\u2019de uygulanmaya \u00e7al\u0131\u015f\u0131lan yeni kent modelinin d\u00fcnyadaki geli\u015fme ve uygulamalarla ko\u015futluk g\u00f6stermesine kar\u015f\u0131n, kendi dinamikleri i\u00e7inde yeniden d\u00f6n\u00fc\u015ft\u00fc\u011f\u00fc de Kitab\u0131n \u00f6nemli saptamalar\u0131 aras\u0131nda yer almaktad\u0131r.Kitapta, yeni kent yakla\u015f\u0131m\u0131n\u0131n ve buna ba\u011fl\u0131 olarak yeni kentsel politikalar\u0131n T\u00fcrkiye\u2019deki b\u00fcy\u00fck\u015fehir belediye sistemini ve uygulanan kentsel politikalar\u0131 nas\u0131l d\u00f6n\u00fc\u015ft\u00fcrd\u00fc\u011f\u00fc yetkiyle incelenmektedir. Bu ba\u011flamda, \u00f6ncelikli olarak yeni kent yakla\u015f\u0131m\u0131n\u0131n do\u011fu\u015funa yol a\u00e7an devlet bunal\u0131m\u0131 ve bu bunal\u0131m\u0131n ard\u0131ndan ortaya \u00e7\u0131kan yeni kentsel politikalar ve yeni kent y\u00f6netim kuramlar\u0131 a\u00e7\u0131klanmaktad\u0131r. Kitab\u0131n amac\u0131 ile uyumlu olan bu \u00e7er\u00e7eve i\u00e7inde, yeni kent yakla\u015f\u0131m\u0131n\u0131n T\u00fcrkiye\u2019deki kentsel politikalar\u0131 \u00f6l\u00e7ek ve strateji olmak \u00fczere iki a\u00e7\u0131dan etkiledi\u011fi sonucuna var\u0131lmaktad\u0131r. Bu do\u011frultuda, metropoliten alanlara ili\u015fkin kuramsal tart\u0131\u015fmalar\u0131n yan\u0131 s\u0131ra, yerel y\u00f6netim reformlar\u0131 arac\u0131l\u0131\u011f\u0131yla T\u00fcrkiye\u2019de b\u00fcy\u00fck\u015fehir belediyelerinde ger\u00e7ekle\u015ftirilen de\u011fi\u015fiklikler y\u00f6netsel ve mali boyutlar\u0131 ile ele al\u0131nmaktad\u0131r. Yine, geni\u015f kapsaml\u0131 planlamaya dayanan kentsel politikalar\u0131n yerine, sermayeyi kentlere \u00e7ekme amac\u0131 ta\u015f\u0131yan kentsel giri\u015fimcilik stratejileri ele al\u0131nmakta; T\u00fcrkiye\u2019de kentsel politikalar\u0131n yeni kent yakla\u015f\u0131m\u0131n\u0131n temel nitelikleri ekseninde d\u00f6n\u00fc\u015ft\u00fc\u011f\u00fc, ancak bu d\u00f6n\u00fc\u015f\u00fcm s\u00fcreci i\u00e7inde kentsel geli\u015fmenin kendi dinamiklerinin belli noktalarda yakla\u015f\u0131m\u0131n genel \u00e7izgisinden sapmalara neden oldu\u011fu sonucuna ula\u015f\u0131lmaktad\u0131r.Yeni Kent Paradigmas\u0131 adl\u0131 bu Kitap, ku\u015fku yok ki, akademisyenler, \u00f6\u011frenciler, y\u00f6neticiler ve politikac\u0131lar i\u00e7in \u00e7ok \u00f6nemli bir ba\u015fvuru kayna\u011f\u0131 olacak, uzmanl\u0131k alan\u0131m\u0131za \u00f6nemli katk\u0131da bulunacak niteliktedir.Ankara \u00dcniversitesi Siyasal Bilgiler Fak\u00fcltesi\u2019nin gen\u00e7 ve de\u011ferli \u00f6\u011fretim \u00fcyesi, doktora \u00e7al\u0131\u015fmalar\u0131 s\u0131ras\u0131nda \u00f6\u011frencimiz olan ve \u015fimdi de ayn\u0131 K\u00fcrs\u00fc\u2019y\u00fc payla\u015ft\u0131\u011f\u0131m\u0131z de\u011ferli bir u\u011fra\u015f arkada\u015f\u0131m\u0131z olmas\u0131ndan her zaman gurur duydu\u011fumuz Can Giray \u00d6zg\u00fcl, bu kitab\u0131yla da kendisiyle \u00f6v\u00fcnmekte ne kadar hakl\u0131 oldu\u011fumuzu kan\u0131tlamaktad\u0131r.Prof. Dr. Ru\u015fen Kele\u015fProf. Dr. Ay\u015feg\u00fcl Mengi<\/p>\n","protected":false},"excerpt":{"rendered":"<p>D\u00fcnyada ve T\u00fcrkiye\u2019de, metropoliten alanlar ba\u015fta olmak \u00fczere kent y\u00f6netimlerinin son 30 y\u0131l i\u00e7indeki geli\u015fimi uluslararas\u0131 alanda ortaya \u00e7\u0131kan yeni bir yakla\u015f\u0131m\u0131n ve modelin arac\u0131l\u0131\u011f\u0131yla bi\u00e7imlenmektedir.<span class=\"excerpt-hellip\"> [\u2026]<\/span><\/p>\n","protected":false},"featured_media":0,"template":"","meta":{"_monsterinsights_skip_tracking":false,"_monsterinsights_sitenote_active":false,"_monsterinsights_sitenote_note":"","_monsterinsights_sitenote_category":0},"product_brand":[],"product_cat":[20333,13043],"product_tag":[],"class_list":{"0":"post-732448","1":"product","2":"type-product","3":"status-publish","5":"product_cat-diger-ekonomi","6":"product_cat-ekonomi","7":"pa_cilt-ciltsiz","8":"pa_tur-kitap","9":"pa_yayinevi-idealkent-yayincilik","10":"pa_yazar-can-giray-ozgul","12":"first","13":"instock","14":"sale","15":"shipping-taxable","16":"purchasable","17":"product-type-simple"},"_links":{"self":[{"href":"https:\/\/roveyayinevi.com.tr\/index.php\/wp-json\/wp\/v2\/product\/732448","targetHints":{"allow":["GET"]}}],"collection":[{"href":"https:\/\/roveyayinevi.com.tr\/index.php\/wp-json\/wp\/v2\/product"}],"about":[{"href":"https:\/\/roveyayinevi.com.tr\/index.php\/wp-json\/wp\/v2\/types\/product"}],"wp:attachment":[{"href":"https:\/\/roveyayinevi.com.tr\/index.php\/wp-json\/wp\/v2\/media?parent=732448"}],"wp:term":[{"taxonomy":"product_brand","embeddable":true,"href":"https:\/\/roveyayinevi.com.tr\/index.php\/wp-json\/wp\/v2\/product_brand?post=732448"},{"taxonomy":"product_cat","embeddable":true,"href":"https:\/\/roveyayinevi.com.tr\/index.php\/wp-json\/wp\/v2\/product_cat?post=732448"},{"taxonomy":"product_tag","embeddable":true,"href":"https:\/\/roveyayinevi.com.tr\/index.php\/wp-json\/wp\/v2\/product_tag?post=732448"}],"curies":[{"name":"wp","href":"https:\/\/api.w.org\/{rel}","templated":true}]}}