{"id":732447,"date":"2025-08-27T21:51:09","date_gmt":"2025-08-27T18:51:09","guid":{"rendered":"https:\/\/roveyayinevi.com.tr\/index.php\/urun\/uzaklar-agaci-sakinleri-sihirli-uzaklar-agaci-serisi\/"},"modified":"2026-04-16T02:40:19","modified_gmt":"2026-04-15T23:40:19","slug":"uzaklar-agaci-sakinleri-sihirli-uzaklar-agaci-serisi","status":"publish","type":"product","link":"https:\/\/roveyayinevi.com.tr\/index.php\/urun\/uzaklar-agaci-sakinleri-sihirli-uzaklar-agaci-serisi\/","title":{"rendered":"Uzaklar A\u011fac\u0131 Sakinleri &#8211; Sihirli Uzaklar A\u011fac\u0131 Serisi"},"content":{"rendered":"<p>Sihirli Uzaklar A\u011fac\u0131 Serisi\u2019nin \u00fc\u00e7\u00fcnc\u00fc kitab\u0131nda Joe, Beth ve Frannie pek sevinemedikleri bir haber al\u0131rlar: Aile dostlar\u0131 Connie onlarda kalmaya gelecektir. Connie inat\u00e7\u0131 ve bencildir, \u00fcstelik Sihirli Uzaklar A\u011fac\u0131\u2019na da inanmaz \u2013 ta ki Ay Surat, Tavasap\u0131 ve Balperi ile tan\u0131\u015fana kadar! A\u011fac\u0131n tepesine gelen \u00fclkelerde s\u0131rad\u0131\u015f\u0131 maceralar ya\u015famaya devam eden \u00e7ocuklar bir g\u00fcn Sihirli Uzaklar A\u011fac\u0131\u2019n\u0131n yapraklar\u0131n\u0131n d\u00f6k\u00fcld\u00fc\u011f\u00fcn\u00fc g\u00f6r\u00fcp endi\u015felenirler. Eyvah, yoksa bir \u015feyler yapmazlarsa a\u011fa\u00e7 \u00f6lecek midir?Sihirli Uzaklar A\u011fac\u0131\u2019nda her \u015fey m\u00fcmk\u00fcn!D\u00fcnyan\u0131n d\u00f6rt bir yan\u0131nda \u00e7ok sevilen, kitaplar\u0131 en \u00e7ok dile \u00e7evrilen \u00e7ocuk kitaplar\u0131 yazar\u0131 Enid Blyton\u2019\u0131n Sihirli Uzaklar A\u011fac\u0131 Serisi, T\u00fcrk\u00e7ede okurlar\u0131yla bulu\u015fuyor. Sihirli Uzaklar A\u011fac\u0131 Serisi son 10 y\u0131lda sadece \u0130ngiltere&#8217;de 5 milyondan fazla satt\u0131, pek \u00e7ok dile \u00e7evrildi<\/p>\n","protected":false},"excerpt":{"rendered":"<p>Sihirli Uzaklar A\u011fac\u0131 Serisi\u2019nin \u00fc\u00e7\u00fcnc\u00fc kitab\u0131nda Joe, Beth ve Frannie pek sevinemedikleri bir haber al\u0131rlar: Aile dostlar\u0131 Connie onlarda kalmaya gelecektir. Connie inat\u00e7\u0131 ve bencildir, \u00fcstelik<span class=\"excerpt-hellip\"> [\u2026]<\/span><\/p>\n","protected":false},"featured_media":0,"template":"","meta":{"_monsterinsights_skip_tracking":false,"_monsterinsights_sitenote_active":false,"_monsterinsights_sitenote_note":"","_monsterinsights_sitenote_category":0},"product_brand":[],"product_cat":[12275,12274],"product_tag":[],"class_list":{"0":"post-732447","1":"product","2":"type-product","3":"status-publish","5":"product_cat-6-12-yas-kitaplari","6":"product_cat-cocuk-ve-genclik-kitaplari","7":"pa_cilt-ciltsiz","8":"pa_tur-kitap","9":"pa_yayinevi-redhouse-kidz-yayinlari","10":"pa_yazar-enid-blyton","12":"first","13":"instock","14":"sale","15":"shipping-taxable","16":"purchasable","17":"product-type-simple"},"_links":{"self":[{"href":"https:\/\/roveyayinevi.com.tr\/index.php\/wp-json\/wp\/v2\/product\/732447","targetHints":{"allow":["GET"]}}],"collection":[{"href":"https:\/\/roveyayinevi.com.tr\/index.php\/wp-json\/wp\/v2\/product"}],"about":[{"href":"https:\/\/roveyayinevi.com.tr\/index.php\/wp-json\/wp\/v2\/types\/product"}],"wp:attachment":[{"href":"https:\/\/roveyayinevi.com.tr\/index.php\/wp-json\/wp\/v2\/media?parent=732447"}],"wp:term":[{"taxonomy":"product_brand","embeddable":true,"href":"https:\/\/roveyayinevi.com.tr\/index.php\/wp-json\/wp\/v2\/product_brand?post=732447"},{"taxonomy":"product_cat","embeddable":true,"href":"https:\/\/roveyayinevi.com.tr\/index.php\/wp-json\/wp\/v2\/product_cat?post=732447"},{"taxonomy":"product_tag","embeddable":true,"href":"https:\/\/roveyayinevi.com.tr\/index.php\/wp-json\/wp\/v2\/product_tag?post=732447"}],"curies":[{"name":"wp","href":"https:\/\/api.w.org\/{rel}","templated":true}]}}