{"id":732445,"date":"2025-08-27T21:51:07","date_gmt":"2025-08-27T18:51:07","guid":{"rendered":"https:\/\/roveyayinevi.com.tr\/index.php\/urun\/sehir-ve-modern\/"},"modified":"2026-04-16T02:40:19","modified_gmt":"2026-04-15T23:40:19","slug":"sehir-ve-modern","status":"publish","type":"product","link":"https:\/\/roveyayinevi.com.tr\/index.php\/urun\/sehir-ve-modern\/","title":{"rendered":"\u015eehir ve Modern"},"content":{"rendered":"<p>Modernle\u015fme ser\u00fcveninin \u015fehirdeki en g\u00fczel yans\u0131malar\u0131n\u0131 edebiyat ve sinema dal\u0131nda g\u00f6rmek m\u00fcmk\u00fcnd\u00fcr. Bu eserde, Kieslowski\u2019nin filmlerindeki Prag\u2019\u0131 anlat\u0131rken Kafka\u2019n\u0131n karanl\u0131k \u015fehrine yolculuk yapaca\u011f\u0131z. Woody Allen\u2019\u0131n Paris\u2019inde gezinirken, Baudleaire\u2019in g\u00f6z\u00fcyle de Paris\u2019e bakarak, ge\u00e7mi\u015ften g\u00fcn\u00fcm\u00fcze, Paris \u00e2\u015f\u0131klar\u0131n\u0131n dilinden bu \u015fehrin maceras\u0131na hep birlikte tan\u0131k olaca\u011f\u0131z. \u0130stanbul, Roma, Berlin, Saint Petersburg, Londra, Var\u015fova, Londra ve New York gibi insanl\u0131k tarihine \u0131\u015f\u0131k tutan mek\u00e2nlar\u0131 konu alacak, cadde ve sokaklar\u0131nda gezinece\u011fimiz \u015fehirlerin, d\u00fcnden bug\u00fcne ya\u015fad\u0131\u011f\u0131 de\u011fi\u015fimi hem ki\u015fisel hem de toplumsal a\u00e7\u0131dan inceleyece\u011fiz. Londra\u2019n\u0131n puslu sokaklar\u0131nda Shakespera\u2019le gezinirken, Jane Austine\u2019in kasaba hayat\u0131na misafir olaca\u011f\u0131z. Charles Dickens\u2019\u0131n B\u00fcy\u00fck Umutlar\u2019\u0131nda kendimizi ararken bug\u00fcnk\u00fc Londra\u2019ya kadar gelece\u011fiz. \u201cA\u015fk Engel Tan\u0131maz\u201d filminin karl\u0131 Londra sokaklar\u0131nda, a\u015fk\u0131n s\u0131n\u0131rlar\u0131nda gezinirken, ne istedi\u011fini bilmeyen, karma\u015f\u0131k ili\u015fkilerde bo\u011fulmu\u015f, aray\u0131\u015f i\u00e7indeki insanlar\u0131n da ya\u015fad\u0131\u011f\u0131 Londra\u2019n\u0131n metropol hayat\u0131na \u201cCloser\u201d filmi \u00fczerinden e\u011filece\u011fiz. K\u0131rk haramiden bakire kalan \u015fehir olan \u0130stanbul\u2019da Yahya Kemal\u2019le \u201cS\u00fcleymaniye\u2019de Bayram Sabah\u0131\u201d namaz k\u0131l\u0131p, Necip Faz\u0131l\u2019la \u0130stanbul\u2019un kald\u0131r\u0131mlar\u0131nda dola\u015faca\u011f\u0131z. Naz\u0131m Hikmet\u2019le \u201cG\u00fclhane Park\u0131\u201dnda Ceviz A\u011fac\u0131\u2019n\u0131 seyredip, Sezai Karako\u00e7\u2019la \u201cS\u00fcrg\u00fcn \u00dclkeden Ba\u015fkentler Ba\u015fkenti\u201dne seyahat ettikten sonra, Orhan Veli ile g\u00f6zlerimizi kapataca\u011f\u0131z.<\/p>\n","protected":false},"excerpt":{"rendered":"<p>Modernle\u015fme ser\u00fcveninin \u015fehirdeki en g\u00fczel yans\u0131malar\u0131n\u0131 edebiyat ve sinema dal\u0131nda g\u00f6rmek m\u00fcmk\u00fcnd\u00fcr. Bu eserde, Kieslowski\u2019nin filmlerindeki Prag\u2019\u0131 anlat\u0131rken Kafka\u2019n\u0131n karanl\u0131k \u015fehrine yolculuk yapaca\u011f\u0131z. Woody Allen\u2019\u0131n Paris\u2019inde<span class=\"excerpt-hellip\"> [\u2026]<\/span><\/p>\n","protected":false},"featured_media":0,"template":"","meta":{"_monsterinsights_skip_tracking":false,"_monsterinsights_sitenote_active":false,"_monsterinsights_sitenote_note":"","_monsterinsights_sitenote_category":0},"product_brand":[],"product_cat":[13054,24413],"product_tag":[],"class_list":{"0":"post-732445","1":"product","2":"type-product","3":"status-publish","5":"product_cat-gezi-ve-rehber-kitaplari","6":"product_cat-kent-rehberleri","7":"pa_cilt-ciltsiz","8":"pa_tur-kitap","9":"pa_yayinevi-idealkent-yayincilik","10":"pa_yazar-ekrem-ozdemir","12":"first","13":"instock","14":"sale","15":"shipping-taxable","16":"purchasable","17":"product-type-simple"},"_links":{"self":[{"href":"https:\/\/roveyayinevi.com.tr\/index.php\/wp-json\/wp\/v2\/product\/732445","targetHints":{"allow":["GET"]}}],"collection":[{"href":"https:\/\/roveyayinevi.com.tr\/index.php\/wp-json\/wp\/v2\/product"}],"about":[{"href":"https:\/\/roveyayinevi.com.tr\/index.php\/wp-json\/wp\/v2\/types\/product"}],"wp:attachment":[{"href":"https:\/\/roveyayinevi.com.tr\/index.php\/wp-json\/wp\/v2\/media?parent=732445"}],"wp:term":[{"taxonomy":"product_brand","embeddable":true,"href":"https:\/\/roveyayinevi.com.tr\/index.php\/wp-json\/wp\/v2\/product_brand?post=732445"},{"taxonomy":"product_cat","embeddable":true,"href":"https:\/\/roveyayinevi.com.tr\/index.php\/wp-json\/wp\/v2\/product_cat?post=732445"},{"taxonomy":"product_tag","embeddable":true,"href":"https:\/\/roveyayinevi.com.tr\/index.php\/wp-json\/wp\/v2\/product_tag?post=732445"}],"curies":[{"name":"wp","href":"https:\/\/api.w.org\/{rel}","templated":true}]}}