{"id":732441,"date":"2025-08-27T21:51:04","date_gmt":"2025-08-27T18:51:04","guid":{"rendered":"https:\/\/roveyayinevi.com.tr\/index.php\/urun\/veriye-dayali-isletme-yonetimi\/"},"modified":"2026-04-16T02:40:19","modified_gmt":"2026-04-15T23:40:19","slug":"veriye-dayali-isletme-yonetimi","status":"publish","type":"product","link":"https:\/\/roveyayinevi.com.tr\/index.php\/urun\/veriye-dayali-isletme-yonetimi\/","title":{"rendered":"Veriye Dayal\u0131 \u0130\u015fletme Y\u00f6netimi"},"content":{"rendered":"<p>\u0130\u00e7indekiler 1.Veriye Dayal\u0131 Karar Y\u00f6netimi &#8211; Dr. \u00d6\u011fr. \u00dcyesi Okan Ya\u015far 2.Veriye Dayal\u0131 Bilgi Y\u00f6netimi &#8211; Dr. \u00d6\u011fr. \u00dcyesi Seher Arslankaya 3.Veriye Dayal\u0131 De\u011fi\u015fim Y\u00f6netimi &#8211; Dr. \u00d6\u011fr. \u00dcyesi Duygu Hidiro\u011flu 4.Veriye Dayal\u0131 Inovasyon Y\u00f6netimi &#8211; Do\u00e7. Dr. Osman Yilmaz 5.Veriye Dayal\u0131 Proje Y\u00f6netimi &#8211; Do\u00e7. Dr. Sinan Apak 6.Veriye Dayal\u0131 Tedarik Zinciri Y\u00f6netimi &#8211; Do\u00e7. Dr. Iskender Peker 7.Veriye Dayal\u0131 Pazarlama Ve Sati\u015f Y\u00f6netimi &#8211; Do\u00e7. Dr. Selay Ilgaz S\u00fcmer 8.Veriye Dayal\u0131 Muhasebe Ve Denetim &#8211; Do\u00e7. Dr. Murat Ser\u00e7emeli 9.Veriye Dayal\u0131 Finansal Y\u00f6netim &#8211; Do\u00e7. Dr. Bur\u00e7ay Ya\u015far Ak\u00e7ali 10.Veriye Dayal\u0131 Kurumsal Risk Y\u00f6netimi &#8211; Do\u00e7. Dr. An\u0131l Gacar 11.Veriye Dayal\u0131 Insan Kaynaklari Y\u00f6netimi &#8211; Do\u00e7. Dr. Nermin Ki\u015fi 12.Veriye Dayal\u0131 Halkla Ili\u015fkiler Y\u00f6netimi &#8211; Dr. \u00d6\u011fr. \u00dcyesi Remzi Reha Durucasu <\/p>\n","protected":false},"excerpt":{"rendered":"<p>\u0130\u00e7indekiler 1.Veriye Dayal\u0131 Karar Y\u00f6netimi &#8211; Dr. \u00d6\u011fr. \u00dcyesi Okan Ya\u015far 2.Veriye Dayal\u0131 Bilgi Y\u00f6netimi &#8211; Dr. \u00d6\u011fr. \u00dcyesi Seher Arslankaya 3.Veriye Dayal\u0131 De\u011fi\u015fim Y\u00f6netimi &#8211;<span class=\"excerpt-hellip\"> [\u2026]<\/span><\/p>\n","protected":false},"featured_media":0,"template":"","meta":{"_monsterinsights_skip_tracking":false,"_monsterinsights_sitenote_active":false,"_monsterinsights_sitenote_note":"","_monsterinsights_sitenote_category":0},"product_brand":[],"product_cat":[13043,19008],"product_tag":[],"class_list":{"0":"post-732441","1":"product","2":"type-product","3":"status-publish","5":"product_cat-ekonomi","6":"product_cat-yonetim","7":"pa_cilt-ciltsiz","8":"pa_tur-kitap","9":"pa_yayinevi-gazi-kitabevi","10":"pa_yazar-nermin-kisi","12":"first","13":"instock","14":"sale","15":"shipping-taxable","16":"purchasable","17":"product-type-simple"},"_links":{"self":[{"href":"https:\/\/roveyayinevi.com.tr\/index.php\/wp-json\/wp\/v2\/product\/732441","targetHints":{"allow":["GET"]}}],"collection":[{"href":"https:\/\/roveyayinevi.com.tr\/index.php\/wp-json\/wp\/v2\/product"}],"about":[{"href":"https:\/\/roveyayinevi.com.tr\/index.php\/wp-json\/wp\/v2\/types\/product"}],"wp:attachment":[{"href":"https:\/\/roveyayinevi.com.tr\/index.php\/wp-json\/wp\/v2\/media?parent=732441"}],"wp:term":[{"taxonomy":"product_brand","embeddable":true,"href":"https:\/\/roveyayinevi.com.tr\/index.php\/wp-json\/wp\/v2\/product_brand?post=732441"},{"taxonomy":"product_cat","embeddable":true,"href":"https:\/\/roveyayinevi.com.tr\/index.php\/wp-json\/wp\/v2\/product_cat?post=732441"},{"taxonomy":"product_tag","embeddable":true,"href":"https:\/\/roveyayinevi.com.tr\/index.php\/wp-json\/wp\/v2\/product_tag?post=732441"}],"curies":[{"name":"wp","href":"https:\/\/api.w.org\/{rel}","templated":true}]}}