{"id":732437,"date":"2025-08-27T21:51:01","date_gmt":"2025-08-27T18:51:01","guid":{"rendered":"https:\/\/roveyayinevi.com.tr\/index.php\/urun\/laiklik-siyaseti-fransa-ve-turkiyede-din-cesitlilik-ve-kurumsal-degisim\/"},"modified":"2026-04-16T02:40:19","modified_gmt":"2026-04-15T23:40:19","slug":"laiklik-siyaseti-fransa-ve-turkiyede-din-cesitlilik-ve-kurumsal-degisim","status":"publish","type":"product","link":"https:\/\/roveyayinevi.com.tr\/index.php\/urun\/laiklik-siyaseti-fransa-ve-turkiyede-din-cesitlilik-ve-kurumsal-degisim\/","title":{"rendered":"Laiklik Siyaseti Fransa ve T\u00fcrkiye\u2019de Din, \u00c7e\u015fitlilik ve Kurumsal De\u011fi\u015fim"},"content":{"rendered":"<p>Daha \u00f6nce \u0130ngilizce olarak Columbia \u00dcniversitesi Yay\u0131nlar\u0131 taraf\u0131ndan bas\u0131lan ve yo\u011fun ilgi g\u00f6ren Laiklik Siyaseti kitab\u0131n\u0131 Hilal Dikmen\u2019in \u00e7evirisiyle sunuyoruz.   &#8220;Murat Akan bizlere, laiklikle ilgili fikirlerin Fransa ve T\u00fcrkiye aras\u0131nda nas\u0131l gidip geldi\u011finin ve bu fikirleri din ile toplum aras\u0131ndaki ili\u015fkiye dair daha geni\u015f anlay\u0131\u015flarla nas\u0131l ili\u015fkilendirilece\u011finin fevkalade kapsaml\u0131 bir anlat\u0131s\u0131n\u0131 sunuyor. \u00c7ok y\u00f6nl\u00fc, ince d\u00fc\u015f\u00fcn\u00fclm\u00fc\u015f derin teorik yakla\u015f\u0131m\u0131, ampirik ara\u015ft\u0131rmas\u0131ndan besleniyor. Bu kitap, kar\u015f\u0131la\u015ft\u0131rmal\u0131 laiklik ve \u00e7oklu modernlikler \u00e7al\u0131\u015fmalar\u0131ndaki pek \u00e7ok yanl\u0131\u015f anlamay\u0131 a\u00e7\u0131kl\u0131\u011fa kavu\u015fturacak. Sosyal bilimler alan\u0131ndan pek \u00e7ok bilim insan\u0131n\u0131n yan\u0131 s\u0131ra entelekt\u00fcel merak\u0131 olan herkes taraf\u0131ndan mutlaka okunmas\u0131 gereken bir kitap.&#8221;   \u2013Peter van der Veer, The Value of Comparison kitab\u0131n\u0131n yazar\u0131   &#8220;Fransa ve T\u00fcrkiye \u00fczerine yap\u0131lan kar\u015f\u0131la\u015ft\u0131rmal\u0131 \u00e7al\u0131\u015fmalar genelde kat\u0131 antiklerik laiklik ile \u0131l\u0131ml\u0131 liberal laiklik aras\u0131ndaki kar\u015f\u0131tl\u0131\u011f\u0131 vurgular. Murat Akan\u2019\u0131n bu parlak ve isabetli \u00e7al\u0131\u015fmas\u0131, iki u\u00e7lu bir yakla\u015f\u0131m\u0131n laikli\u011fin siyasi in\u015fas\u0131n\u0131n temel sorununu g\u00f6z ard\u0131 etti\u011fini g\u00f6steriyor: Devlet sivil dini. Bir tarih\u00e7inin titiz bilgisi ile bir sosyolo\u011fun teorik ustal\u0131\u011f\u0131n\u0131 bir araya getiren Akan, \u00dc\u00e7\u00fcnc\u00fc Fransa Cumhuriyeti\u2019nde liberal laikli\u011fin nas\u0131l kazand\u0131\u011f\u0131n\u0131 ve T\u00fcrkiye\u2019de Kemalizm\u2019in AKP\u2019nin egemenli\u011finin yolunu nas\u0131l a\u00e7t\u0131\u011f\u0131n\u0131 g\u00f6steriyor. Akan\u2019\u0131n kitab\u0131, bu konuya dair okudu\u011fum en iyi kitap ve k\u00fcresel laiklik kavray\u0131\u015flar\u0131n\u0131 \u00f6nemli \u00f6l\u00e7\u00fcde canland\u0131racak.&#8221; \u2013 Jean Baub\u00e9rot, \u00c9cole pratique des hautes \u00e9tudes (Sorbonne)   &#8220;Akan, \u00f6zellikle (bununla s\u0131n\u0131rl\u0131 kalmamakla beraber) Fransa ve T\u00fcrkiye\u2019deki din ve laiklik \u00e7al\u0131\u015fmalar\u0131na dikkate de\u011fer katk\u0131larda bulunuyor. Kitap derin bir ar\u015fiv \u00e7al\u0131\u015fmas\u0131 sunuyor; hem T\u00fcrk\u00e7e hem de Frans\u0131zca kaynaklara h\u00e2kimiyetiyle, Akan T\u00fcrkiye-Fransa kar\u015f\u0131la\u015ft\u0131rmalar\u0131na \u00f6zg\u00fcn bir katk\u0131da bulunuyor. Laiklik Siyaseti bir kar\u015f\u0131la\u015ft\u0131rmal\u0131 tarih \u00e7al\u0131\u015fmas\u0131n\u0131n en iyi \u00f6rne\u011fi.&#8221; \u2013 Cihan Tu\u011fal, University of California, Berkeley   &#8220;Laiklik \u00fczerine tarihsel, antropolojik, siyasi ve hukuki akademik \u00e7al\u0131\u015fmalara \u00f6nemli bir katk\u0131.&#8221; -Journal of Church and State Dergisi   &#8220;Akan, Fransa ve T\u00fcrkiye\u2019deki laiklik ara\u015ft\u0131rmalar\u0131na \u00f6nemli bir katk\u0131 sunuyor. Hem genel olarak laiklik siyasetiyle hem de \u00f6zel olarak Fransa\u2019daki ve T\u00fcrkiye\u2019deki deneyimlerle ilgilenen bilim insanlar\u0131 bu kitab\u0131 yararl\u0131 bulacak.&#8221; \u2013 Politics and Religion Dergisi   \u201cKritik d\u00f6nemlerdeki geni\u015f \u00e7apl\u0131 tart\u0131\u015fmalar\u0131n titiz analiziyle Laiklik Siyaseti Frans\u0131z ve T\u00fcrk laikli\u011fi \u00fcst\u00fcne \u00e7al\u0131\u015fan \u00f6\u011frenciler i\u00e7in temel ba\u015fvuru kitab\u0131 haline gelecek.\u201d \u2013 New Perspectives on Turkey Dergisi <\/p>\n","protected":false},"excerpt":{"rendered":"<p>Daha \u00f6nce \u0130ngilizce olarak Columbia \u00dcniversitesi Yay\u0131nlar\u0131 taraf\u0131ndan bas\u0131lan ve yo\u011fun ilgi g\u00f6ren Laiklik Siyaseti kitab\u0131n\u0131 Hilal Dikmen\u2019in \u00e7evirisiyle sunuyoruz. &#8220;Murat Akan bizlere, laiklikle ilgili fikirlerin<span class=\"excerpt-hellip\"> [\u2026]<\/span><\/p>\n","protected":false},"featured_media":0,"template":"","meta":{"_monsterinsights_skip_tracking":false,"_monsterinsights_sitenote_active":false,"_monsterinsights_sitenote_note":"","_monsterinsights_sitenote_category":0},"product_brand":[],"product_cat":[13590,12337],"product_tag":[],"class_list":{"0":"post-732437","1":"product","2":"type-product","3":"status-publish","5":"product_cat-arastirma-inceleme-politika-siyaset","6":"product_cat-politika-siyaset","7":"pa_cilt-ciltsiz","8":"pa_tur-kitap","9":"pa_yayinevi-bilgi-yayinevi","10":"pa_yazar-murat-akan","12":"first","13":"instock","14":"sale","15":"shipping-taxable","16":"purchasable","17":"product-type-simple"},"_links":{"self":[{"href":"https:\/\/roveyayinevi.com.tr\/index.php\/wp-json\/wp\/v2\/product\/732437","targetHints":{"allow":["GET"]}}],"collection":[{"href":"https:\/\/roveyayinevi.com.tr\/index.php\/wp-json\/wp\/v2\/product"}],"about":[{"href":"https:\/\/roveyayinevi.com.tr\/index.php\/wp-json\/wp\/v2\/types\/product"}],"wp:attachment":[{"href":"https:\/\/roveyayinevi.com.tr\/index.php\/wp-json\/wp\/v2\/media?parent=732437"}],"wp:term":[{"taxonomy":"product_brand","embeddable":true,"href":"https:\/\/roveyayinevi.com.tr\/index.php\/wp-json\/wp\/v2\/product_brand?post=732437"},{"taxonomy":"product_cat","embeddable":true,"href":"https:\/\/roveyayinevi.com.tr\/index.php\/wp-json\/wp\/v2\/product_cat?post=732437"},{"taxonomy":"product_tag","embeddable":true,"href":"https:\/\/roveyayinevi.com.tr\/index.php\/wp-json\/wp\/v2\/product_tag?post=732437"}],"curies":[{"name":"wp","href":"https:\/\/api.w.org\/{rel}","templated":true}]}}