{"id":732436,"date":"2025-08-27T21:51:00","date_gmt":"2025-08-27T18:51:00","guid":{"rendered":"https:\/\/roveyayinevi.com.tr\/index.php\/urun\/68-kusagi-dogus-ve-arayis\/"},"modified":"2026-04-16T02:40:19","modified_gmt":"2026-04-15T23:40:19","slug":"68-kusagi-dogus-ve-arayis","status":"publish","type":"product","link":"https:\/\/roveyayinevi.com.tr\/index.php\/urun\/68-kusagi-dogus-ve-arayis\/","title":{"rendered":"68 Ku\u015fa\u011f\u0131 Do\u011fu\u015f ve Aray\u0131\u015f"},"content":{"rendered":"<p>&#8220;Biz devrimciler olarak\u2026 Say\u0131m\u0131z\u0131n azl\u0131\u011f\u0131na, d\u00fc\u015fman\u0131n \u00e7oklu\u011funa bakmadan, b\u0131kmadan, y\u0131lmadan, yorulmadan TAM BA\u011eIMSIZ VE GER\u00c7EKTEN DEMOKRAT\u0130K T\u00dcRK\u0130YE \u0130\u00c7\u0130N; bizi mahvetmek isteyen emperyalizme, bizi yutmak isteyen kapitalizme kar\u015f\u0131, son nefesimize kadar m\u00fccadele edece\u011fimize, devrimci \u015ferefimiz \u00fczerine ant i\u00e7eriz.&#8221; 68&#8217;liler Devrim And\u0131 \u201c68\u2019in bir delikanl\u0131s\u0131 olarak\u201d \u00d6ner Ya\u011fc\u0131, 68 Ku\u015fa\u011f\u0131na bug\u00fcnden bak\u0131yor; eylemleri, \u00f6nderleri, \u00f6rg\u00fctlenmeleri, sanatsal, toplumsal, siyasal etkileriyle yar\u0131m as\u0131r sonra bug\u00fcn de yank\u0131lar\u0131n\u0131 s\u00fcrd\u00fcrmeye devam eden 68 Ku\u015fa\u011f\u0131n\u0131 tarihsel ak\u0131\u015f i\u00e7indeki yeri ve bug\u00fcn de yol g\u00f6stermeye devam eden \u00f6zg\u00fcrl\u00fck tutkusuyla anlat\u0131yor<\/p>\n","protected":false},"excerpt":{"rendered":"<p>&#8220;Biz devrimciler olarak\u2026 Say\u0131m\u0131z\u0131n azl\u0131\u011f\u0131na, d\u00fc\u015fman\u0131n \u00e7oklu\u011funa bakmadan, b\u0131kmadan, y\u0131lmadan, yorulmadan TAM BA\u011eIMSIZ VE GER\u00c7EKTEN DEMOKRAT\u0130K T\u00dcRK\u0130YE \u0130\u00c7\u0130N; bizi mahvetmek isteyen emperyalizme, bizi yutmak isteyen kapitalizme<span class=\"excerpt-hellip\"> [\u2026]<\/span><\/p>\n","protected":false},"featured_media":0,"template":"","meta":{"_monsterinsights_skip_tracking":false,"_monsterinsights_sitenote_active":false,"_monsterinsights_sitenote_note":"","_monsterinsights_sitenote_category":0},"product_brand":[],"product_cat":[13590,12337],"product_tag":[],"class_list":{"0":"post-732436","1":"product","2":"type-product","3":"status-publish","5":"product_cat-arastirma-inceleme-politika-siyaset","6":"product_cat-politika-siyaset","7":"pa_cilt-ciltsiz","8":"pa_tur-kitap","9":"pa_yayinevi-bilgi-yayinevi","10":"pa_yazar-oner-yagci","12":"first","13":"instock","14":"sale","15":"shipping-taxable","16":"purchasable","17":"product-type-simple"},"_links":{"self":[{"href":"https:\/\/roveyayinevi.com.tr\/index.php\/wp-json\/wp\/v2\/product\/732436","targetHints":{"allow":["GET"]}}],"collection":[{"href":"https:\/\/roveyayinevi.com.tr\/index.php\/wp-json\/wp\/v2\/product"}],"about":[{"href":"https:\/\/roveyayinevi.com.tr\/index.php\/wp-json\/wp\/v2\/types\/product"}],"wp:attachment":[{"href":"https:\/\/roveyayinevi.com.tr\/index.php\/wp-json\/wp\/v2\/media?parent=732436"}],"wp:term":[{"taxonomy":"product_brand","embeddable":true,"href":"https:\/\/roveyayinevi.com.tr\/index.php\/wp-json\/wp\/v2\/product_brand?post=732436"},{"taxonomy":"product_cat","embeddable":true,"href":"https:\/\/roveyayinevi.com.tr\/index.php\/wp-json\/wp\/v2\/product_cat?post=732436"},{"taxonomy":"product_tag","embeddable":true,"href":"https:\/\/roveyayinevi.com.tr\/index.php\/wp-json\/wp\/v2\/product_tag?post=732436"}],"curies":[{"name":"wp","href":"https:\/\/api.w.org\/{rel}","templated":true}]}}