{"id":732433,"date":"2025-08-27T21:50:56","date_gmt":"2025-08-27T18:50:56","guid":{"rendered":"https:\/\/roveyayinevi.com.tr\/index.php\/urun\/ben-yanilabilirim\/"},"modified":"2026-04-16T02:40:19","modified_gmt":"2026-04-15T23:40:19","slug":"ben-yanilabilirim","status":"publish","type":"product","link":"https:\/\/roveyayinevi.com.tr\/index.php\/urun\/ben-yanilabilirim\/","title":{"rendered":"Ben Yan\u0131labilirim"},"content":{"rendered":"<p>Neden her \u015fey merakla ba\u015flar? Sorular ne i\u00e7in var? D\u00fc\u015f\u00fcnmek nedir? D\u00fc\u015f\u00fcnce nedir? Neden herkes yan\u0131labilir? Yan\u0131ld\u0131\u011f\u0131m\u0131zda ne yapmal\u0131y\u0131z? Bilmedi\u011fimizde ne yapmal\u0131y\u0131z? Anlamad\u0131\u011f\u0131m\u0131zda ne yapmal\u0131y\u0131z? Kendimizi geli\u015ftirmek i\u00e7in nas\u0131l d\u00fc\u015f\u00fcnmeliyiz? Filozof Me\u015fe, Muz Cenneti, Samanadam gibi \u00e7ocuklar\u0131 soru sormaya ve do\u011fru yan\u0131tlar bulmaya y\u00f6nlendiren kitaplar\u0131yla sevilen yazar\u0131m\u0131z Anooshirvan Miandji, bu kez bir resimli kitapla kar\u015f\u0131m\u0131zda. Efecan Sezer&#8217;in renkli resimleriyle s\u00fcsledi\u011fi kitapta yine \u00e7ocuklar\u0131 do\u011fru d\u00fc\u015f\u00fcnmeye y\u00f6nlendiren e\u011flenceli bir hik\u00e2ye bekliyor. <\/p>\n","protected":false},"excerpt":{"rendered":"<p>Neden her \u015fey merakla ba\u015flar? Sorular ne i\u00e7in var? D\u00fc\u015f\u00fcnmek nedir? D\u00fc\u015f\u00fcnce nedir? Neden herkes yan\u0131labilir? Yan\u0131ld\u0131\u011f\u0131m\u0131zda ne yapmal\u0131y\u0131z? Bilmedi\u011fimizde ne yapmal\u0131y\u0131z? Anlamad\u0131\u011f\u0131m\u0131zda ne yapmal\u0131y\u0131z? Kendimizi<span class=\"excerpt-hellip\"> [\u2026]<\/span><\/p>\n","protected":false},"featured_media":0,"template":"","meta":{"_monsterinsights_skip_tracking":false,"_monsterinsights_sitenote_active":false,"_monsterinsights_sitenote_note":"","_monsterinsights_sitenote_category":0},"product_brand":[],"product_cat":[12274,12523],"product_tag":[],"class_list":{"0":"post-732433","1":"product","2":"type-product","3":"status-publish","5":"product_cat-cocuk-ve-genclik-kitaplari","6":"product_cat-masallar","7":"pa_cilt-ciltsiz","8":"pa_tur-kitap","9":"pa_yayinevi-bilgi-yayinevi","10":"pa_yazar-anooshirvan-miandji","12":"first","13":"instock","14":"sale","15":"shipping-taxable","16":"purchasable","17":"product-type-simple"},"_links":{"self":[{"href":"https:\/\/roveyayinevi.com.tr\/index.php\/wp-json\/wp\/v2\/product\/732433","targetHints":{"allow":["GET"]}}],"collection":[{"href":"https:\/\/roveyayinevi.com.tr\/index.php\/wp-json\/wp\/v2\/product"}],"about":[{"href":"https:\/\/roveyayinevi.com.tr\/index.php\/wp-json\/wp\/v2\/types\/product"}],"wp:attachment":[{"href":"https:\/\/roveyayinevi.com.tr\/index.php\/wp-json\/wp\/v2\/media?parent=732433"}],"wp:term":[{"taxonomy":"product_brand","embeddable":true,"href":"https:\/\/roveyayinevi.com.tr\/index.php\/wp-json\/wp\/v2\/product_brand?post=732433"},{"taxonomy":"product_cat","embeddable":true,"href":"https:\/\/roveyayinevi.com.tr\/index.php\/wp-json\/wp\/v2\/product_cat?post=732433"},{"taxonomy":"product_tag","embeddable":true,"href":"https:\/\/roveyayinevi.com.tr\/index.php\/wp-json\/wp\/v2\/product_tag?post=732433"}],"curies":[{"name":"wp","href":"https:\/\/api.w.org\/{rel}","templated":true}]}}