{"id":732432,"date":"2025-08-27T21:50:55","date_gmt":"2025-08-27T18:50:55","guid":{"rendered":"https:\/\/roveyayinevi.com.tr\/index.php\/urun\/buradaki-kitap-nereye-gitti\/"},"modified":"2026-04-08T02:49:15","modified_gmt":"2026-04-07T23:49:15","slug":"buradaki-kitap-nereye-gitti","status":"publish","type":"product","link":"https:\/\/roveyayinevi.com.tr\/index.php\/urun\/buradaki-kitap-nereye-gitti\/","title":{"rendered":"Buradaki Kitap Nereye Gitti"},"content":{"rendered":"<p>\u00d6d\u00fcll\u00fc ill\u00fcstrasyonlar\u0131ya \u00e7ocuklar\u0131n renkler ve nesnelerle ilgili alg\u0131lar\u0131n\u0131 harekete ge\u00e7iren, hayal g\u00fcc\u00fcn\u00fc geli\u015ftiren e\u011flenceli, reng\u00e2renk bir ke\u015fif kitab\u0131. &#8220;Buradaki kitap nereye gitti?&#8221; sorusuyla ba\u015flayan macera, farkl\u0131 sorularla hayvanlar\u0131n ve nesnelerin renkli resimleri aras\u0131nda kayboldu\u011funuz e\u011flenceli bir bulmaca oyununa d\u00f6n\u00fc\u015f\u00fcyor. Bu ke\u015fif maceras\u0131nda bize kat\u0131l\u0131p birbirinden g\u00fczel ill\u00fcstrasyonlar aras\u0131nda saklanan t\u00fcm hayvanlar\u0131 bulmam\u0131za yard\u0131mc\u0131 olur musunuz? <\/p>\n","protected":false},"excerpt":{"rendered":"<p>\u00d6d\u00fcll\u00fc ill\u00fcstrasyonlar\u0131ya \u00e7ocuklar\u0131n renkler ve nesnelerle ilgili alg\u0131lar\u0131n\u0131 harekete ge\u00e7iren, hayal g\u00fcc\u00fcn\u00fc geli\u015ftiren e\u011flenceli, reng\u00e2renk bir ke\u015fif kitab\u0131. &#8220;Buradaki kitap nereye gitti?&#8221; sorusuyla ba\u015flayan macera, farkl\u0131<span class=\"excerpt-hellip\"> [\u2026]<\/span><\/p>\n","protected":false},"featured_media":0,"template":"","meta":{"_monsterinsights_skip_tracking":false,"_monsterinsights_sitenote_active":false,"_monsterinsights_sitenote_note":"","_monsterinsights_sitenote_category":0},"product_brand":[],"product_cat":[12275,12274],"product_tag":[],"class_list":{"0":"post-732432","1":"product","2":"type-product","3":"status-publish","5":"product_cat-6-12-yas-kitaplari","6":"product_cat-cocuk-ve-genclik-kitaplari","7":"pa_cilt-ciltsiz","8":"pa_tur-kitap","9":"pa_yayinevi-bilgi-yayinevi","10":"pa_yazar-telma-guimaraes","12":"first","13":"instock","14":"sale","15":"shipping-taxable","16":"purchasable","17":"product-type-simple"},"_links":{"self":[{"href":"https:\/\/roveyayinevi.com.tr\/index.php\/wp-json\/wp\/v2\/product\/732432","targetHints":{"allow":["GET"]}}],"collection":[{"href":"https:\/\/roveyayinevi.com.tr\/index.php\/wp-json\/wp\/v2\/product"}],"about":[{"href":"https:\/\/roveyayinevi.com.tr\/index.php\/wp-json\/wp\/v2\/types\/product"}],"wp:attachment":[{"href":"https:\/\/roveyayinevi.com.tr\/index.php\/wp-json\/wp\/v2\/media?parent=732432"}],"wp:term":[{"taxonomy":"product_brand","embeddable":true,"href":"https:\/\/roveyayinevi.com.tr\/index.php\/wp-json\/wp\/v2\/product_brand?post=732432"},{"taxonomy":"product_cat","embeddable":true,"href":"https:\/\/roveyayinevi.com.tr\/index.php\/wp-json\/wp\/v2\/product_cat?post=732432"},{"taxonomy":"product_tag","embeddable":true,"href":"https:\/\/roveyayinevi.com.tr\/index.php\/wp-json\/wp\/v2\/product_tag?post=732432"}],"curies":[{"name":"wp","href":"https:\/\/api.w.org\/{rel}","templated":true}]}}