{"id":732430,"date":"2025-08-27T21:50:53","date_gmt":"2025-08-27T18:50:53","guid":{"rendered":"https:\/\/roveyayinevi.com.tr\/index.php\/urun\/les-bez-ciltli\/"},"modified":"2026-04-16T02:40:19","modified_gmt":"2026-04-15T23:40:19","slug":"les-bez-ciltli","status":"publish","type":"product","link":"https:\/\/roveyayinevi.com.tr\/index.php\/urun\/les-bez-ciltli\/","title":{"rendered":"Le\u015f (Bez Ciltli)"},"content":{"rendered":"<p>Bu kitapta yazar\u0131n 9 \u00f6yk\u00fc kitab\u0131, yar\u0131m y\u00fczy\u0131l boyunca yazm\u0131\u015f oldu\u011fu 181 \u00f6yk\u00fc yer al\u0131yor. Hemen hemen bir ya\u015fam.Bu ciltte yer alan kitaplarDo sesi\u0130\u015fte deniz, MariaDo\u011fu \u00f6yk\u00fcleri\u00c7\u0131\u011fl\u0131kBir gemideAvDevamBozgunKa\u00e7k\u0131nlar<\/p>\n","protected":false},"excerpt":{"rendered":"<p>Bu kitapta yazar\u0131n 9 \u00f6yk\u00fc kitab\u0131, yar\u0131m y\u00fczy\u0131l boyunca yazm\u0131\u015f oldu\u011fu 181 \u00f6yk\u00fc yer al\u0131yor. Hemen hemen bir ya\u015fam.Bu ciltte yer alan kitaplarDo sesi\u0130\u015fte deniz, MariaDo\u011fu<span class=\"excerpt-hellip\"> [\u2026]<\/span><\/p>\n","protected":false},"featured_media":0,"template":"","meta":{"_monsterinsights_skip_tracking":false,"_monsterinsights_sitenote_active":false,"_monsterinsights_sitenote_note":"","_monsterinsights_sitenote_category":0},"product_brand":[],"product_cat":[12291,12711],"product_tag":[],"class_list":{"0":"post-732430","1":"product","2":"type-product","3":"status-publish","5":"product_cat-edebiyat","6":"product_cat-roman-oyku","7":"pa_cilt-ciltli","8":"pa_tur-kitap","9":"pa_yayinevi-everest-yayinlari","10":"pa_yazar-ferit-edgu","12":"first","13":"instock","14":"sale","15":"shipping-taxable","16":"purchasable","17":"product-type-simple"},"_links":{"self":[{"href":"https:\/\/roveyayinevi.com.tr\/index.php\/wp-json\/wp\/v2\/product\/732430","targetHints":{"allow":["GET"]}}],"collection":[{"href":"https:\/\/roveyayinevi.com.tr\/index.php\/wp-json\/wp\/v2\/product"}],"about":[{"href":"https:\/\/roveyayinevi.com.tr\/index.php\/wp-json\/wp\/v2\/types\/product"}],"wp:attachment":[{"href":"https:\/\/roveyayinevi.com.tr\/index.php\/wp-json\/wp\/v2\/media?parent=732430"}],"wp:term":[{"taxonomy":"product_brand","embeddable":true,"href":"https:\/\/roveyayinevi.com.tr\/index.php\/wp-json\/wp\/v2\/product_brand?post=732430"},{"taxonomy":"product_cat","embeddable":true,"href":"https:\/\/roveyayinevi.com.tr\/index.php\/wp-json\/wp\/v2\/product_cat?post=732430"},{"taxonomy":"product_tag","embeddable":true,"href":"https:\/\/roveyayinevi.com.tr\/index.php\/wp-json\/wp\/v2\/product_tag?post=732430"}],"curies":[{"name":"wp","href":"https:\/\/api.w.org\/{rel}","templated":true}]}}