{"id":732424,"date":"2025-08-27T21:49:56","date_gmt":"2025-08-27T18:49:56","guid":{"rendered":"https:\/\/roveyayinevi.com.tr\/index.php\/urun\/kimsesiz\/"},"modified":"2026-04-16T02:40:19","modified_gmt":"2026-04-15T23:40:19","slug":"kimsesiz","status":"publish","type":"product","link":"https:\/\/roveyayinevi.com.tr\/index.php\/urun\/kimsesiz\/","title":{"rendered":"Kimsesiz"},"content":{"rendered":"<p>\u201c\u0130\u00e7inde bulundu\u011fu sokak, onu tam anlam\u0131yla \u00f6zetliyordu: karanl\u0131k, so\u011fuk, y\u0131k\u0131k d\u00f6k\u00fck, terk edilmi\u015f&#8230;\u201d <\/p>\n","protected":false},"excerpt":{"rendered":"<p>\u201c\u0130\u00e7inde bulundu\u011fu sokak, onu tam anlam\u0131yla \u00f6zetliyordu: karanl\u0131k, so\u011fuk, y\u0131k\u0131k d\u00f6k\u00fck, terk edilmi\u015f&#8230;\u201d<\/p>\n","protected":false},"featured_media":0,"template":"","meta":{"_monsterinsights_skip_tracking":false,"_monsterinsights_sitenote_active":false,"_monsterinsights_sitenote_note":"","_monsterinsights_sitenote_category":0},"product_brand":[],"product_cat":[12291,12711],"product_tag":[],"class_list":{"0":"post-732424","1":"product","2":"type-product","3":"status-publish","5":"product_cat-edebiyat","6":"product_cat-roman-oyku","7":"pa_cilt-ciltsiz","8":"pa_tur-kitap","9":"pa_yayinevi-luna-yayinlari","10":"pa_yazar-cuma-badur","12":"first","13":"instock","14":"sale","15":"shipping-taxable","16":"purchasable","17":"product-type-simple"},"_links":{"self":[{"href":"https:\/\/roveyayinevi.com.tr\/index.php\/wp-json\/wp\/v2\/product\/732424","targetHints":{"allow":["GET"]}}],"collection":[{"href":"https:\/\/roveyayinevi.com.tr\/index.php\/wp-json\/wp\/v2\/product"}],"about":[{"href":"https:\/\/roveyayinevi.com.tr\/index.php\/wp-json\/wp\/v2\/types\/product"}],"wp:attachment":[{"href":"https:\/\/roveyayinevi.com.tr\/index.php\/wp-json\/wp\/v2\/media?parent=732424"}],"wp:term":[{"taxonomy":"product_brand","embeddable":true,"href":"https:\/\/roveyayinevi.com.tr\/index.php\/wp-json\/wp\/v2\/product_brand?post=732424"},{"taxonomy":"product_cat","embeddable":true,"href":"https:\/\/roveyayinevi.com.tr\/index.php\/wp-json\/wp\/v2\/product_cat?post=732424"},{"taxonomy":"product_tag","embeddable":true,"href":"https:\/\/roveyayinevi.com.tr\/index.php\/wp-json\/wp\/v2\/product_tag?post=732424"}],"curies":[{"name":"wp","href":"https:\/\/api.w.org\/{rel}","templated":true}]}}