{"id":732416,"date":"2025-08-27T21:49:48","date_gmt":"2025-08-27T18:49:48","guid":{"rendered":"https:\/\/roveyayinevi.com.tr\/index.php\/urun\/guldur-beni\/"},"modified":"2026-04-16T02:40:19","modified_gmt":"2026-04-15T23:40:19","slug":"guldur-beni","status":"publish","type":"product","link":"https:\/\/roveyayinevi.com.tr\/index.php\/urun\/guldur-beni\/","title":{"rendered":"G\u00fcld\u00fcr Beni"},"content":{"rendered":"<p>G\u00fcl\u00fcc\u00fckler, k\u0131k\u0131rdamalar ve kahkahalar al\u0131nacak en g\u00fczel tatlard\u0131r d\u00fcnyadan. Bu k\u00fc\u00e7\u00fck fil \u00e7ok \u015fansl\u0131, k\u0131k\u0131r k\u0131k\u0131r g\u00fcl\u00fcyor durmadan.Hadi, sen de kat\u0131l bu harika e\u011flenceye, Dayanamay\u0131p ba\u015flayacaks\u0131n g\u00fclmeye!<\/p>\n","protected":false},"excerpt":{"rendered":"<p>G\u00fcl\u00fcc\u00fckler, k\u0131k\u0131rdamalar ve kahkahalar al\u0131nacak en g\u00fczel tatlard\u0131r d\u00fcnyadan. Bu k\u00fc\u00e7\u00fck fil \u00e7ok \u015fansl\u0131, k\u0131k\u0131r k\u0131k\u0131r g\u00fcl\u00fcyor durmadan.Hadi, sen de kat\u0131l bu harika e\u011flenceye, Dayanamay\u0131p ba\u015flayacaks\u0131n<span class=\"excerpt-hellip\"> [\u2026]<\/span><\/p>\n","protected":false},"featured_media":0,"template":"","meta":{"_monsterinsights_skip_tracking":false,"_monsterinsights_sitenote_active":false,"_monsterinsights_sitenote_note":"","_monsterinsights_sitenote_category":0},"product_brand":[],"product_cat":[12274,12284],"product_tag":[],"class_list":{"0":"post-732416","1":"product","2":"type-product","3":"status-publish","5":"product_cat-cocuk-ve-genclik-kitaplari","6":"product_cat-hikayeler","7":"pa_cilt-ciltsiz","8":"pa_tur-kitap","9":"pa_yayinevi-is-bankasi-kultur-yayinlari","10":"pa_yazar-melanie-joyce","12":"first","13":"instock","14":"sale","15":"shipping-taxable","16":"purchasable","17":"product-type-simple"},"_links":{"self":[{"href":"https:\/\/roveyayinevi.com.tr\/index.php\/wp-json\/wp\/v2\/product\/732416","targetHints":{"allow":["GET"]}}],"collection":[{"href":"https:\/\/roveyayinevi.com.tr\/index.php\/wp-json\/wp\/v2\/product"}],"about":[{"href":"https:\/\/roveyayinevi.com.tr\/index.php\/wp-json\/wp\/v2\/types\/product"}],"wp:attachment":[{"href":"https:\/\/roveyayinevi.com.tr\/index.php\/wp-json\/wp\/v2\/media?parent=732416"}],"wp:term":[{"taxonomy":"product_brand","embeddable":true,"href":"https:\/\/roveyayinevi.com.tr\/index.php\/wp-json\/wp\/v2\/product_brand?post=732416"},{"taxonomy":"product_cat","embeddable":true,"href":"https:\/\/roveyayinevi.com.tr\/index.php\/wp-json\/wp\/v2\/product_cat?post=732416"},{"taxonomy":"product_tag","embeddable":true,"href":"https:\/\/roveyayinevi.com.tr\/index.php\/wp-json\/wp\/v2\/product_tag?post=732416"}],"curies":[{"name":"wp","href":"https:\/\/api.w.org\/{rel}","templated":true}]}}