{"id":732415,"date":"2025-08-27T21:49:47","date_gmt":"2025-08-27T18:49:47","guid":{"rendered":"https:\/\/roveyayinevi.com.tr\/index.php\/urun\/cicek-tutulmasi\/"},"modified":"2026-04-16T02:40:19","modified_gmt":"2026-04-15T23:40:19","slug":"cicek-tutulmasi","status":"publish","type":"product","link":"https:\/\/roveyayinevi.com.tr\/index.php\/urun\/cicek-tutulmasi\/","title":{"rendered":"\u00c7i\u00e7ek Tutulmas\u0131"},"content":{"rendered":"<p>D\u00fcnya arkas\u0131n\u0131 d\u00f6n\u00fcnce G\u00fcne\u015f&#8217;eVe olunca gece,T\u00fcm \u00e7i\u00e7ekler uyur mu sence?Oksa ve Mira ile tan\u0131\u015f istersen.D\u00fcnyalar g\u00fczeli harika kokulu rengarenk iki \u00e7i\u00e7ek.Ne\u015feli orman\u0131n merakl\u0131 bayku\u015fuBay Puhu&#8217;ya yard\u0131m etmek gerek.Ay g\u00f6z\u00fckt\u00fc, G\u00fcne\u015f&#8217;i \u00f6rtt\u00fc. Bu, G\u00dcne\u015f tutulmas\u0131 demek.Oksa ile Mira kavu\u015ftu mu,T\u00fcm orman ne\u015fe ile g\u00fcl\u00fc\u015ft\u00fc m\u00fc bilmek istersenBu kitab\u0131n kapa\u011f\u0131n\u0131 aralaman gerek.Astronom &#8211; Matematik\u00e7i Nurdan Ba\u011fr\u0131a\u00e7\u0131k, muhte\u015fem g\u00f6k olay\u0131 G\u00fcne\u015f tutulmas\u0131n\u0131 \u00c7i\u00e7ek tutulmas\u0131 kitab\u0131nda masals\u0131 bir \u00f6yk\u00fcyle aktar\u0131yor.<\/p>\n","protected":false},"excerpt":{"rendered":"<p>D\u00fcnya arkas\u0131n\u0131 d\u00f6n\u00fcnce G\u00fcne\u015f&#8217;eVe olunca gece,T\u00fcm \u00e7i\u00e7ekler uyur mu sence?Oksa ve Mira ile tan\u0131\u015f istersen.D\u00fcnyalar g\u00fczeli harika kokulu rengarenk iki \u00e7i\u00e7ek.Ne\u015feli orman\u0131n merakl\u0131 bayku\u015fuBay Puhu&#8217;ya yard\u0131m<span class=\"excerpt-hellip\"> [\u2026]<\/span><\/p>\n","protected":false},"featured_media":0,"template":"","meta":{"_monsterinsights_skip_tracking":false,"_monsterinsights_sitenote_active":false,"_monsterinsights_sitenote_note":"","_monsterinsights_sitenote_category":0},"product_brand":[],"product_cat":[12274,12284],"product_tag":[],"class_list":{"0":"post-732415","1":"product","2":"type-product","3":"status-publish","5":"product_cat-cocuk-ve-genclik-kitaplari","6":"product_cat-hikayeler","7":"pa_cilt-ciltsiz","8":"pa_tur-kitap","9":"pa_yayinevi-ucanfil-ozel-urun","10":"pa_yazar-nurdan-bagriacik","12":"first","13":"instock","14":"sale","15":"shipping-taxable","16":"purchasable","17":"product-type-simple"},"_links":{"self":[{"href":"https:\/\/roveyayinevi.com.tr\/index.php\/wp-json\/wp\/v2\/product\/732415","targetHints":{"allow":["GET"]}}],"collection":[{"href":"https:\/\/roveyayinevi.com.tr\/index.php\/wp-json\/wp\/v2\/product"}],"about":[{"href":"https:\/\/roveyayinevi.com.tr\/index.php\/wp-json\/wp\/v2\/types\/product"}],"wp:attachment":[{"href":"https:\/\/roveyayinevi.com.tr\/index.php\/wp-json\/wp\/v2\/media?parent=732415"}],"wp:term":[{"taxonomy":"product_brand","embeddable":true,"href":"https:\/\/roveyayinevi.com.tr\/index.php\/wp-json\/wp\/v2\/product_brand?post=732415"},{"taxonomy":"product_cat","embeddable":true,"href":"https:\/\/roveyayinevi.com.tr\/index.php\/wp-json\/wp\/v2\/product_cat?post=732415"},{"taxonomy":"product_tag","embeddable":true,"href":"https:\/\/roveyayinevi.com.tr\/index.php\/wp-json\/wp\/v2\/product_tag?post=732415"}],"curies":[{"name":"wp","href":"https:\/\/api.w.org\/{rel}","templated":true}]}}