{"id":732413,"date":"2025-08-27T21:49:44","date_gmt":"2025-08-27T18:49:44","guid":{"rendered":"https:\/\/roveyayinevi.com.tr\/index.php\/urun\/elif-saatleri-ogreniyor-ilk-okuma-kitabim\/"},"modified":"2026-04-16T02:40:19","modified_gmt":"2026-04-15T23:40:19","slug":"elif-saatleri-ogreniyor-ilk-okuma-kitabim","status":"publish","type":"product","link":"https:\/\/roveyayinevi.com.tr\/index.php\/urun\/elif-saatleri-ogreniyor-ilk-okuma-kitabim\/","title":{"rendered":"Elif Saatleri \u00d6\u011freniyor &#8211; \u0130lk Okuma Kitab\u0131m"},"content":{"rendered":"<p>Saat ka\u00e7 acaba? Elif bir saate bakt\u0131\u011f\u0131nda, saatin ka\u00e7 oldu\u011funu anlayam\u0131yordu. Annesi ona saatleri \u00f6\u011fretti\u011finde, Elif saatleri \u00f6\u011frenmenin o kadar da zor olmad\u0131\u011f\u0131n\u0131 d\u00fc\u015f\u00fcnd\u00fc. \u00c7ok ge\u00e7meden sabah ka\u00e7ta kalkt\u0131\u011f\u0131n\u0131, ka\u00e7ta \u00f6\u011fle yeme\u011fi yedi\u011fini ve tabii ki uykudan \u00f6nce ka\u00e7ta \u00f6yk\u00fc dinledi\u011fini kolayca s\u00f6yleyebiliyordu.<\/p>\n","protected":false},"excerpt":{"rendered":"<p>Saat ka\u00e7 acaba? Elif bir saate bakt\u0131\u011f\u0131nda, saatin ka\u00e7 oldu\u011funu anlayam\u0131yordu. Annesi ona saatleri \u00f6\u011fretti\u011finde, Elif saatleri \u00f6\u011frenmenin o kadar da zor olmad\u0131\u011f\u0131n\u0131 d\u00fc\u015f\u00fcnd\u00fc. \u00c7ok ge\u00e7meden<span class=\"excerpt-hellip\"> [\u2026]<\/span><\/p>\n","protected":false},"featured_media":0,"template":"","meta":{"_monsterinsights_skip_tracking":false,"_monsterinsights_sitenote_active":false,"_monsterinsights_sitenote_note":"","_monsterinsights_sitenote_category":0},"product_brand":[],"product_cat":[12274,12284],"product_tag":[],"class_list":{"0":"post-732413","1":"product","2":"type-product","3":"status-publish","5":"product_cat-cocuk-ve-genclik-kitaplari","6":"product_cat-hikayeler","7":"pa_cilt-ciltsiz","8":"pa_tur-kitap","9":"pa_yayinevi-is-bankasi-kultur-yayinlari","10":"pa_yazar-liane-schneider","12":"first","13":"instock","14":"sale","15":"shipping-taxable","16":"purchasable","17":"product-type-simple"},"_links":{"self":[{"href":"https:\/\/roveyayinevi.com.tr\/index.php\/wp-json\/wp\/v2\/product\/732413","targetHints":{"allow":["GET"]}}],"collection":[{"href":"https:\/\/roveyayinevi.com.tr\/index.php\/wp-json\/wp\/v2\/product"}],"about":[{"href":"https:\/\/roveyayinevi.com.tr\/index.php\/wp-json\/wp\/v2\/types\/product"}],"wp:attachment":[{"href":"https:\/\/roveyayinevi.com.tr\/index.php\/wp-json\/wp\/v2\/media?parent=732413"}],"wp:term":[{"taxonomy":"product_brand","embeddable":true,"href":"https:\/\/roveyayinevi.com.tr\/index.php\/wp-json\/wp\/v2\/product_brand?post=732413"},{"taxonomy":"product_cat","embeddable":true,"href":"https:\/\/roveyayinevi.com.tr\/index.php\/wp-json\/wp\/v2\/product_cat?post=732413"},{"taxonomy":"product_tag","embeddable":true,"href":"https:\/\/roveyayinevi.com.tr\/index.php\/wp-json\/wp\/v2\/product_tag?post=732413"}],"curies":[{"name":"wp","href":"https:\/\/api.w.org\/{rel}","templated":true}]}}