{"id":732407,"date":"2025-08-27T21:49:38","date_gmt":"2025-08-27T18:49:38","guid":{"rendered":"https:\/\/roveyayinevi.com.tr\/index.php\/urun\/balonla-bes-hafta-9\/"},"modified":"2026-04-16T02:40:18","modified_gmt":"2026-04-15T23:40:18","slug":"balonla-bes-hafta-9","status":"publish","type":"product","link":"https:\/\/roveyayinevi.com.tr\/index.php\/urun\/balonla-bes-hafta-9\/","title":{"rendered":"Balonla Be\u015f Hafta"},"content":{"rendered":"<p>1863 y\u0131l\u0131nda yay\u0131mlanan Balonla Be\u015f Hafta, Jules Verne\u2019in hem ilk roman\u0131 hem de muazzam Ola\u011fan\u00fcst\u00fc Yolculuklar koleksiyonunun ilk yap\u0131t\u0131d\u0131r. \u00dc\u00e7 \u0130ngiliz k\u00e2\u015fifin o d\u00f6nemde Avrupal\u0131lar\u0131n g\u00f6z\u00fcnde h\u00e2l\u00e2 gizemini koruyan Afrika k\u0131tas\u0131n\u0131 balonla ba\u015ftan ba\u015fa a\u015ft\u0131klar\u0131 macera dolu yolculu\u011fun hik\u00e2yesi, sonraki Jules Verne romanlar\u0131na da damgas\u0131n\u0131 vuran b\u00fct\u00fcn \u00f6zellikleri ta\u015f\u0131r. Yenilik\u00e7i bir bilimsel icat, gerilim ve s\u00fcrprizlerle dolu girift bir olay \u00f6rg\u00fcs\u00fc, bilinmeyene yap\u0131lan bir yolculuk, hedeflerine ula\u015fma yolunda g\u00f6z\u00fcn\u00fc budaktan sak\u0131nmayan karakterlerin sergiledi\u011fi azim ve cesaret, dostluk ve sadakat temalar\u0131, yazar\u0131n muziplik s\u0131n\u0131r\u0131nda gezinen mizah\u0131yla harmanlanm\u0131\u015ft\u0131r. Roman, b\u00fct\u00fcn\u00fcyle kurgu bir yap\u0131t olmas\u0131na kar\u015f\u0131n ger\u00e7ek bir gezi g\u00fcnl\u00fc\u011f\u00fc edas\u0131yla kaleme al\u0131nm\u0131\u015ft\u0131r. Karakterlerin Afrika halklar\u0131na ili\u015fkin g\u00f6zlem ve s\u00f6ylemleri, o d\u00f6nemde Avrupa\u2019daki d\u00fc\u015f\u00fcnce ikliminin, Bat\u0131l\u0131lar\u0131n kendilerinden olmayana y\u00f6nelik yakla\u015f\u0131mlar\u0131n\u0131n izlerini ta\u015f\u0131r.<\/p>\n","protected":false},"excerpt":{"rendered":"<p>1863 y\u0131l\u0131nda yay\u0131mlanan Balonla Be\u015f Hafta, Jules Verne\u2019in hem ilk roman\u0131 hem de muazzam Ola\u011fan\u00fcst\u00fc Yolculuklar koleksiyonunun ilk yap\u0131t\u0131d\u0131r. \u00dc\u00e7 \u0130ngiliz k\u00e2\u015fifin o d\u00f6nemde Avrupal\u0131lar\u0131n g\u00f6z\u00fcnde<span class=\"excerpt-hellip\"> [\u2026]<\/span><\/p>\n","protected":false},"featured_media":0,"template":"","meta":{"_monsterinsights_skip_tracking":false,"_monsterinsights_sitenote_active":false,"_monsterinsights_sitenote_note":"","_monsterinsights_sitenote_category":0},"product_brand":[],"product_cat":[12291,13872],"product_tag":[],"class_list":{"0":"post-732407","1":"product","2":"type-product","3":"status-publish","5":"product_cat-edebiyat","6":"product_cat-klasikler","7":"pa_cilt-ciltsiz","8":"pa_tur-kitap","9":"pa_yayinevi-is-bankasi-kultur-yayinlari","10":"pa_yazar-jules-verne","12":"first","13":"instock","14":"sale","15":"shipping-taxable","16":"purchasable","17":"product-type-simple"},"_links":{"self":[{"href":"https:\/\/roveyayinevi.com.tr\/index.php\/wp-json\/wp\/v2\/product\/732407","targetHints":{"allow":["GET"]}}],"collection":[{"href":"https:\/\/roveyayinevi.com.tr\/index.php\/wp-json\/wp\/v2\/product"}],"about":[{"href":"https:\/\/roveyayinevi.com.tr\/index.php\/wp-json\/wp\/v2\/types\/product"}],"wp:attachment":[{"href":"https:\/\/roveyayinevi.com.tr\/index.php\/wp-json\/wp\/v2\/media?parent=732407"}],"wp:term":[{"taxonomy":"product_brand","embeddable":true,"href":"https:\/\/roveyayinevi.com.tr\/index.php\/wp-json\/wp\/v2\/product_brand?post=732407"},{"taxonomy":"product_cat","embeddable":true,"href":"https:\/\/roveyayinevi.com.tr\/index.php\/wp-json\/wp\/v2\/product_cat?post=732407"},{"taxonomy":"product_tag","embeddable":true,"href":"https:\/\/roveyayinevi.com.tr\/index.php\/wp-json\/wp\/v2\/product_tag?post=732407"}],"curies":[{"name":"wp","href":"https:\/\/api.w.org\/{rel}","templated":true}]}}