{"id":732405,"date":"2025-08-27T21:49:36","date_gmt":"2025-08-27T18:49:36","guid":{"rendered":"https:\/\/roveyayinevi.com.tr\/index.php\/urun\/sonsuz-uzayin-hakimi-bilim-9\/"},"modified":"2026-04-16T02:40:18","modified_gmt":"2026-04-15T23:40:18","slug":"sonsuz-uzayin-hakimi-bilim-9","status":"publish","type":"product","link":"https:\/\/roveyayinevi.com.tr\/index.php\/urun\/sonsuz-uzayin-hakimi-bilim-9\/","title":{"rendered":"Sonsuz Uzay\u0131n Hakimi &#8211; Bilim 9"},"content":{"rendered":"<p>\u201cKafa, birinci tekil \u015fah\u0131s d\u00fcnyam\u0131z\u0131n ba\u015fkentidir. Bu d\u00fcnyan\u0131n en gizli dairesinin merkezinde yer al\u0131r.\u201d\u201cBen\u201d dedi\u011fimizde, hatta benlikten bahsetti\u011fimizde genellikle v\u00fccudumuzun tek bir yeri akl\u0131m\u0131za gelir: Kafam\u0131z. \u0130\u00e7inde ger\u00e7ekle\u015fen pek \u00e7ok sinirsel aktivetinin yan\u0131 s\u0131ra kafam\u0131z insan\u0131 hayrete d\u00fc\u015f\u00fcren say\u0131s\u0131z faaliyete de ev sahipli\u011fi yapar. Nefes almadan g\u00f6z k\u0131rpmaya, horlamadan g\u00fclmeye; g\u00f6zya\u015f\u0131ndan tere, t\u00fck\u00fcr\u00fckten kusmu\u011fa kadar kafan\u0131n bir par\u00e7as\u0131 oldu\u011fu her \u015fey biyolojik temellerinin \u00f6tesinde psikolojik ve hatta k\u00fclt\u00fcrel anlamlara sahiptir.Sonsuz Uzay\u0131n H\u00e2kimi\u2019nde kafan\u0131n i\u00e7inde b\u00fcy\u00fcleyici bir yolculu\u011fa \u00e7\u0131kacaks\u0131n\u0131z. Kafayla ilgili akl\u0131n\u0131za gelebilecek hemen her \u015feyin biyolojik yap\u0131s\u0131ndan yola \u00e7\u0131karak zihniniz, benli\u011finiz, kafan\u0131z k\u0131sacas\u0131 kendinize ili\u015fkin felsefi bir sorgulamaya \u015fahit olacaks\u0131n\u0131z. Belki de kafan\u0131z hakk\u0131nda hi\u00e7 bilmedi\u011finiz \u015feyler ke\u015ffedecek, kafan\u0131za hi\u00e7 bakmad\u0131\u011f\u0131n\u0131z bir \u015fekilde bakacak, \u201cben\u201d olarak tan\u0131mlad\u0131\u011f\u0131n\u0131z her ne ise onu daha iyi tan\u0131yacaks\u0131n\u0131z. Ama kesin olan bir \u015fey varsa g\u00fclecek, a\u011flayacak ve kendinizi esnemekten al\u0131koyamayacaks\u0131n\u0131z&#8230;<\/p>\n","protected":false},"excerpt":{"rendered":"<p>\u201cKafa, birinci tekil \u015fah\u0131s d\u00fcnyam\u0131z\u0131n ba\u015fkentidir. Bu d\u00fcnyan\u0131n en gizli dairesinin merkezinde yer al\u0131r.\u201d\u201cBen\u201d dedi\u011fimizde, hatta benlikten bahsetti\u011fimizde genellikle v\u00fccudumuzun tek bir yeri akl\u0131m\u0131za gelir: Kafam\u0131z.<span class=\"excerpt-hellip\"> [\u2026]<\/span><\/p>\n","protected":false},"featured_media":0,"template":"","meta":{"_monsterinsights_skip_tracking":false,"_monsterinsights_sitenote_active":false,"_monsterinsights_sitenote_note":"","_monsterinsights_sitenote_category":0},"product_brand":[],"product_cat":[13005,13010],"product_tag":[],"class_list":{"0":"post-732405","1":"product","2":"type-product","3":"status-publish","5":"product_cat-bilim-muhendislik","6":"product_cat-doga-bilimleri","7":"pa_cilt-ciltsiz","8":"pa_tur-kitap","9":"pa_yayinevi-is-bankasi-kultur-yayinlari","10":"pa_yazar-raymond-tallis","12":"first","13":"instock","14":"sale","15":"shipping-taxable","16":"purchasable","17":"product-type-simple"},"_links":{"self":[{"href":"https:\/\/roveyayinevi.com.tr\/index.php\/wp-json\/wp\/v2\/product\/732405","targetHints":{"allow":["GET"]}}],"collection":[{"href":"https:\/\/roveyayinevi.com.tr\/index.php\/wp-json\/wp\/v2\/product"}],"about":[{"href":"https:\/\/roveyayinevi.com.tr\/index.php\/wp-json\/wp\/v2\/types\/product"}],"wp:attachment":[{"href":"https:\/\/roveyayinevi.com.tr\/index.php\/wp-json\/wp\/v2\/media?parent=732405"}],"wp:term":[{"taxonomy":"product_brand","embeddable":true,"href":"https:\/\/roveyayinevi.com.tr\/index.php\/wp-json\/wp\/v2\/product_brand?post=732405"},{"taxonomy":"product_cat","embeddable":true,"href":"https:\/\/roveyayinevi.com.tr\/index.php\/wp-json\/wp\/v2\/product_cat?post=732405"},{"taxonomy":"product_tag","embeddable":true,"href":"https:\/\/roveyayinevi.com.tr\/index.php\/wp-json\/wp\/v2\/product_tag?post=732405"}],"curies":[{"name":"wp","href":"https:\/\/api.w.org\/{rel}","templated":true}]}}