{"id":732404,"date":"2025-08-27T21:49:36","date_gmt":"2025-08-27T18:49:36","guid":{"rendered":"https:\/\/roveyayinevi.com.tr\/index.php\/urun\/liberal-dusunce-sayi-102-bahar-2021\/"},"modified":"2026-04-16T02:40:18","modified_gmt":"2026-04-15T23:40:18","slug":"liberal-dusunce-sayi-102-bahar-2021","status":"publish","type":"product","link":"https:\/\/roveyayinevi.com.tr\/index.php\/urun\/liberal-dusunce-sayi-102-bahar-2021\/","title":{"rendered":"Liberal D\u00fc\u015f\u00fcnce Say\u0131 102 Bahar 2021"},"content":{"rendered":"<p>Sivil \u0130taatsizlik ve HukukCivil Disobedience and Law\u00dcmit M\u00fcderriso\u011flu\u0130ki \u00d6zg\u00fcrl\u00fck Anlay\u0131\u015f\u0131 ve Thomas Hill Green\u2019in Pozitif \u00d6zg\u00fcrl\u00fc\u011fe EtkisiTwo Concepts of Liberty and the Influence of Thomas Hill Green over Positive LibertyYavuz Selim ErfidanDobretsberger Dosyas\u0131na Bir Katk\u0131: Avusturyal\u0131 Bir \u0130ktisat\u00e7\u0131n\u0131n \u0130ktisadi ve Siyasi \u00c7izgisi \u00dczerineA Contribution to the Dobretsberger File: On the Economic and Political Perspective of an Austrian EconomistMehmet Din\u00e7aslanLiberal Multiculturalism and Human Rights Discourse:  The Contribution of Will KymlickaLiberal \u00c7okk\u00fclt\u00fcrl\u00fcl\u00fck ve \u0130nsan Haklar\u0131 S\u00f6ylemi: Will Kymlicka\u2019n\u0131n Katk\u0131s\u0131Ravza Altunta\u015f \u00c7ak\u0131rKemalizm\u2019in Kad\u0131n Siyaseti: Unutma, Bast\u0131rma ve Ara\u00e7salla\u015ft\u0131rmaWomen\u2019s Politics of Kemalism: Forgetting, Suppression and Instrumentalization\u00d6mer Baykal     Ho\u015fg\u00f6r\u00fc ve Ayr\u0131mc\u0131l\u0131k Sarkac\u0131nda T\u00fcrkiye\u2019de Roman Alg\u0131s\u0131: \u00c7anakkale \u00d6rne\u011fiThe Roma Perception at the Pendulum of Tolerance and Discrimination in Turkey:The Case of \u00c7anakkaleFatma \u0130lknur Akg\u00fclThe Downhill Trend in Commitment Mechanism of EU Competition LawAB Rekabet Hukuku A\u00e7\u0131s\u0131ndan Taahh\u00fct Mekanizmalar\u0131n\u0131n Kullan\u0131m\u0131nda D\u00fc\u015f\u00fc\u015f E\u011filimiFatih Bu\u011fra Erdem\u00d6zg\u00fcrl\u00fc\u011f\u00fcn \u00c7ekicili\u011fi: T\u00fcrkiye\u2019ye Y\u00f6nelen Uluslararas\u0131 Turizm Talebine Hak ve \u00d6zg\u00fcrl\u00fcklerin EtkisiAttractiveness of Freedom: The Impact of Rights and Freedoms on International Tourism Demand to TurkeyYahya Can Dura &amp; Esin K\u0131l\u0131\u00e7\u00d6mer Seyfettin\u2019in Hik\u00e2yelerine \u0130ktisadi Bir Yakla\u015f\u0131mAn Economic Approach to \u00d6mer Seyfettin\u2019s StoriesMustafa T\u00fcrkmeno\u011flu &amp; Sevg\u00fcl T\u00fcrkmeno\u011fluThe \u201cNew Turkey\u201d Narrative and The Hegemonic Struggle of Justice and Development Party and Erdogan: A Gramscian Perspective (2002-2019)\u201cYeni T\u00fcrkiye\u201d S\u00f6ylemi ve AK Parti ile Erdo\u011fan\u2019\u0131n Hegemonik M\u00fccadelesi: Gramscian Bir Perspektif (2002-2019)Fethi Ufuk \u00d6z\u0131\u015f\u0131kTer\u00f6rizm ve Medya \u00c7er\u00e7evelemesi \u00dczerine Bir Analiz: YPJ \u00d6rne\u011fiAn Analysis on Terrorism and Media Framing: the Case of YPJO\u011fuzhan Yanar\u0131\u015f\u0131k<\/p>\n","protected":false},"excerpt":{"rendered":"<p>Sivil \u0130taatsizlik ve HukukCivil Disobedience and Law\u00dcmit M\u00fcderriso\u011flu\u0130ki \u00d6zg\u00fcrl\u00fck Anlay\u0131\u015f\u0131 ve Thomas Hill Green\u2019in Pozitif \u00d6zg\u00fcrl\u00fc\u011fe EtkisiTwo Concepts of Liberty and the Influence of Thomas Hill<span class=\"excerpt-hellip\"> [\u2026]<\/span><\/p>\n","protected":false},"featured_media":0,"template":"","meta":{"_monsterinsights_skip_tracking":false,"_monsterinsights_sitenote_active":false,"_monsterinsights_sitenote_note":"","_monsterinsights_sitenote_category":0},"product_brand":[],"product_cat":[13527],"product_tag":[],"class_list":{"0":"post-732404","1":"product","2":"type-product","3":"status-publish","5":"product_cat-sureli-yayinlar","6":"pa_cilt-ciltsiz","7":"pa_tur-dergi","8":"pa_yayinevi-liberte-yayinlari","9":"pa_yazar-kolektif","11":"first","12":"instock","13":"sale","14":"shipping-taxable","15":"purchasable","16":"product-type-simple"},"_links":{"self":[{"href":"https:\/\/roveyayinevi.com.tr\/index.php\/wp-json\/wp\/v2\/product\/732404","targetHints":{"allow":["GET"]}}],"collection":[{"href":"https:\/\/roveyayinevi.com.tr\/index.php\/wp-json\/wp\/v2\/product"}],"about":[{"href":"https:\/\/roveyayinevi.com.tr\/index.php\/wp-json\/wp\/v2\/types\/product"}],"wp:attachment":[{"href":"https:\/\/roveyayinevi.com.tr\/index.php\/wp-json\/wp\/v2\/media?parent=732404"}],"wp:term":[{"taxonomy":"product_brand","embeddable":true,"href":"https:\/\/roveyayinevi.com.tr\/index.php\/wp-json\/wp\/v2\/product_brand?post=732404"},{"taxonomy":"product_cat","embeddable":true,"href":"https:\/\/roveyayinevi.com.tr\/index.php\/wp-json\/wp\/v2\/product_cat?post=732404"},{"taxonomy":"product_tag","embeddable":true,"href":"https:\/\/roveyayinevi.com.tr\/index.php\/wp-json\/wp\/v2\/product_tag?post=732404"}],"curies":[{"name":"wp","href":"https:\/\/api.w.org\/{rel}","templated":true}]}}