{"id":732400,"date":"2025-08-27T21:49:32","date_gmt":"2025-08-27T18:49:32","guid":{"rendered":"https:\/\/roveyayinevi.com.tr\/index.php\/urun\/turk-edebiyati-incelemeleri\/"},"modified":"2026-04-16T02:40:18","modified_gmt":"2026-04-15T23:40:18","slug":"turk-edebiyati-incelemeleri","status":"publish","type":"product","link":"https:\/\/roveyayinevi.com.tr\/index.php\/urun\/turk-edebiyati-incelemeleri\/","title":{"rendered":"T\u00fcrk Edebiyat\u0131 \u0130ncelemeleri"},"content":{"rendered":"<p>Bu kitapta T\u00fcrk Halk Edebiyat\u0131, T\u00fcrk Divan Edebiyat\u0131 ve Yeni T\u00fcrk Edebiyat\u0131 \u00fczerine inceleme ve ara\u015ft\u0131rma yaz\u0131lar\u0131n\u0131n yan\u0131nda T\u00fcrk edebiyat\u0131n\u0131n kuramsal sorunlar\u0131 da irdelenmi\u015ftir. Ayr\u0131ca T\u00fcrk edebiyat\u0131 ile ilgili yap\u0131lan baz\u0131 s\u00f6yle\u015filere de yer verildi. Bu kitap, T\u00fcrk edebiyat\u0131n\u0131n her d\u00f6nemini i\u00e7ine alarak kapsaml\u0131 ve ku\u015fat\u0131c\u0131 bir b\u00fct\u00fcnl\u00fck arzetmektedir. Dolay\u0131s\u0131yla T\u00fcrk edebiyat\u0131n\u0131n her d\u00f6nem ve t\u00fcr\u00fcn\u00fc temsil niteli\u011fi ta\u015f\u0131yan incelemeler, T\u00fcrk Edebiyat\u0131 B\u00f6l\u00fcm\u00fc \u00f6\u011frencileri, \u00f6\u011fretmenleri ve merakl\u0131lar\u0131 i\u00e7in ufuk a\u00e7\u0131c\u0131 niteliktedir.<\/p>\n","protected":false},"excerpt":{"rendered":"<p>Bu kitapta T\u00fcrk Halk Edebiyat\u0131, T\u00fcrk Divan Edebiyat\u0131 ve Yeni T\u00fcrk Edebiyat\u0131 \u00fczerine inceleme ve ara\u015ft\u0131rma yaz\u0131lar\u0131n\u0131n yan\u0131nda T\u00fcrk edebiyat\u0131n\u0131n kuramsal sorunlar\u0131 da irdelenmi\u015ftir. Ayr\u0131ca T\u00fcrk<span class=\"excerpt-hellip\"> [\u2026]<\/span><\/p>\n","protected":false},"featured_media":0,"template":"","meta":{"_monsterinsights_skip_tracking":false,"_monsterinsights_sitenote_active":false,"_monsterinsights_sitenote_note":"","_monsterinsights_sitenote_category":0},"product_brand":[],"product_cat":[13072,12291],"product_tag":[],"class_list":{"0":"post-732400","1":"product","2":"type-product","3":"status-publish","5":"product_cat-arastirma-inceleme-referans","6":"product_cat-edebiyat","7":"pa_cilt-ciltsiz","8":"pa_tur-kitap","9":"pa_yayinevi-imbik-yayinlari","10":"pa_yazar-nurullah-cetin","12":"first","13":"instock","14":"sale","15":"shipping-taxable","16":"purchasable","17":"product-type-simple"},"_links":{"self":[{"href":"https:\/\/roveyayinevi.com.tr\/index.php\/wp-json\/wp\/v2\/product\/732400","targetHints":{"allow":["GET"]}}],"collection":[{"href":"https:\/\/roveyayinevi.com.tr\/index.php\/wp-json\/wp\/v2\/product"}],"about":[{"href":"https:\/\/roveyayinevi.com.tr\/index.php\/wp-json\/wp\/v2\/types\/product"}],"wp:attachment":[{"href":"https:\/\/roveyayinevi.com.tr\/index.php\/wp-json\/wp\/v2\/media?parent=732400"}],"wp:term":[{"taxonomy":"product_brand","embeddable":true,"href":"https:\/\/roveyayinevi.com.tr\/index.php\/wp-json\/wp\/v2\/product_brand?post=732400"},{"taxonomy":"product_cat","embeddable":true,"href":"https:\/\/roveyayinevi.com.tr\/index.php\/wp-json\/wp\/v2\/product_cat?post=732400"},{"taxonomy":"product_tag","embeddable":true,"href":"https:\/\/roveyayinevi.com.tr\/index.php\/wp-json\/wp\/v2\/product_tag?post=732400"}],"curies":[{"name":"wp","href":"https:\/\/api.w.org\/{rel}","templated":true}]}}