{"id":732399,"date":"2025-08-27T21:49:31","date_gmt":"2025-08-27T18:49:31","guid":{"rendered":"https:\/\/roveyayinevi.com.tr\/index.php\/urun\/turk-devlet-felsefesi-2\/"},"modified":"2026-04-16T02:40:18","modified_gmt":"2026-04-15T23:40:18","slug":"turk-devlet-felsefesi-2","status":"publish","type":"product","link":"https:\/\/roveyayinevi.com.tr\/index.php\/urun\/turk-devlet-felsefesi-2\/","title":{"rendered":"T\u00fcrk Devlet Felsefesi"},"content":{"rendered":"<p>Bu eserde tarih boyunca T\u00fcrk bilgin ve bilgelerinin, devlet adamlar\u0131n\u0131n T\u00fcrk devlet felsefesiyle ilgili g\u00f6r\u00fc\u015f ve uygulamalar\u0131na yer verilmi\u015ftir. Ayr\u0131ca g\u00fcn\u00fcm\u00fcze d\u00f6n\u00fck de yorum ve de\u011ferlendirmeler yap\u0131lm\u0131\u015ft\u0131r. T\u00fcrk devletini y\u00f6netenler, y\u00f6netme talebinde bulunanlar ve y\u00f6neticileri denetleyen halk\u0131m\u0131z\u0131n mutlaka T\u00fcrk devlet felsefesini, gelene\u011fini, ya\u015fanan tecr\u00fcbeleri \u00e7ok iyi bilmesi gerekiyor. T\u00fcrk devleti, sadece Bat\u0131dan terc\u00fcme edilen bilgilerle y\u00f6netilemez. Bizim kendi k\u00fclt\u00fcrel kodlar\u0131m\u0131zdan ve y\u00fczy\u0131llara sari tecr\u00fcbelerimizden beslenerek bize \u00f6zg\u00fc bir y\u00f6netim anlay\u0131\u015f\u0131n\u0131 geli\u015ftirmemiz ve uygulamam\u0131z gerekiyor.<\/p>\n","protected":false},"excerpt":{"rendered":"<p>Bu eserde tarih boyunca T\u00fcrk bilgin ve bilgelerinin, devlet adamlar\u0131n\u0131n T\u00fcrk devlet felsefesiyle ilgili g\u00f6r\u00fc\u015f ve uygulamalar\u0131na yer verilmi\u015ftir. Ayr\u0131ca g\u00fcn\u00fcm\u00fcze d\u00f6n\u00fck de yorum ve de\u011ferlendirmeler<span class=\"excerpt-hellip\"> [\u2026]<\/span><\/p>\n","protected":false},"featured_media":0,"template":"","meta":{"_monsterinsights_skip_tracking":false,"_monsterinsights_sitenote_active":false,"_monsterinsights_sitenote_note":"","_monsterinsights_sitenote_category":0},"product_brand":[],"product_cat":[13590,12337],"product_tag":[],"class_list":{"0":"post-732399","1":"product","2":"type-product","3":"status-publish","5":"product_cat-arastirma-inceleme-politika-siyaset","6":"product_cat-politika-siyaset","7":"pa_cilt-ciltsiz","8":"pa_tur-kitap","9":"pa_yayinevi-imbik-yayinlari","10":"pa_yazar-nurullah-cetin","12":"first","13":"instock","14":"sale","15":"shipping-taxable","16":"purchasable","17":"product-type-simple"},"_links":{"self":[{"href":"https:\/\/roveyayinevi.com.tr\/index.php\/wp-json\/wp\/v2\/product\/732399","targetHints":{"allow":["GET"]}}],"collection":[{"href":"https:\/\/roveyayinevi.com.tr\/index.php\/wp-json\/wp\/v2\/product"}],"about":[{"href":"https:\/\/roveyayinevi.com.tr\/index.php\/wp-json\/wp\/v2\/types\/product"}],"wp:attachment":[{"href":"https:\/\/roveyayinevi.com.tr\/index.php\/wp-json\/wp\/v2\/media?parent=732399"}],"wp:term":[{"taxonomy":"product_brand","embeddable":true,"href":"https:\/\/roveyayinevi.com.tr\/index.php\/wp-json\/wp\/v2\/product_brand?post=732399"},{"taxonomy":"product_cat","embeddable":true,"href":"https:\/\/roveyayinevi.com.tr\/index.php\/wp-json\/wp\/v2\/product_cat?post=732399"},{"taxonomy":"product_tag","embeddable":true,"href":"https:\/\/roveyayinevi.com.tr\/index.php\/wp-json\/wp\/v2\/product_tag?post=732399"}],"curies":[{"name":"wp","href":"https:\/\/api.w.org\/{rel}","templated":true}]}}