{"id":732398,"date":"2025-08-27T21:49:30","date_gmt":"2025-08-27T18:49:30","guid":{"rendered":"https:\/\/roveyayinevi.com.tr\/index.php\/urun\/siir-kultur-ve-edebiyata-dair-denemeler\/"},"modified":"2026-04-16T02:40:18","modified_gmt":"2026-04-15T23:40:18","slug":"siir-kultur-ve-edebiyata-dair-denemeler","status":"publish","type":"product","link":"https:\/\/roveyayinevi.com.tr\/index.php\/urun\/siir-kultur-ve-edebiyata-dair-denemeler\/","title":{"rendered":"\u015eiir K\u00fclt\u00fcr ve Edebiyata Dair Denemeler"},"content":{"rendered":"<p>Mehmet Nuri Parmaks\u0131z, \u015fiir, k\u00fclt\u00fcr ve edebiyata dair b\u00fct\u00fcn birikimini; \u015eiir\u2019den Post-Modernizm\u2019e, G\u00f6n\u00fcl\u2019den-T\u00fcrk Edebiyat\u0131nda Mektup Gelene\u011fi\u2019ne, \u0130mge\u2019den-Mevlana\u2019ya kadar farkl\u0131 konulardaki denemelerini sizlerle payla\u015f\u0131yor. Ge\u00e7mi\u015f ve biz. K\u00fclt\u00fcr deryas\u0131 i\u00e7inde ak\u0131nt\u0131ya kar\u015f\u0131 k\u00fcrek \u00e7ekmeye \u00e7al\u0131\u015fan sanat\u00e7\u0131. \u0130ki y\u00fczy\u0131l\u0131 a\u015fan bir \u201cbat\u0131l\u0131la\u015fma\u201d filminin oyuncular\u0131 olan \u015fair ve yazarlar. Gelene\u011fe kar\u015f\u0131 \u00e7\u0131kanlar bazen onu y\u0131kmaya ve bask\u0131 alt\u0131na almaya \u00e7al\u0131\u015fanlar; ne yaparlarsa yaps\u0131nlar ondan ve etkilerinden kurtulamazlar. Gelene\u011fimiz bizim karakterimizdir. Onu ink\u00e2r, \u015fahsiyetimizi ink\u00e2rd\u0131r. \u015eiirimizde yap\u0131lmas\u0131 gereken, gelene\u011fin ya\u015fad\u0131\u011f\u0131m\u0131z \u00e7a\u011fa g\u00f6re yorumudur. Her \u015fair bilin\u00e7li veya bilin\u00e7siz bu gelenek duvar\u0131n\u0131n \u00fcst\u00fcne bir tu\u011fla koyar ve onu sa\u011flamla\u015ft\u0131rmaya \u00e7al\u0131\u015f\u0131r. Hayat\u0131m\u0131z\u0131n girift bir \u00e7\u0131kmaza girdi\u011fi e\u015fyan\u0131n insan hayat\u0131na bu kadar \u00e7ok tesir etti\u011fi \u015fu devirde, ikilemler i\u00e7ersinde kalan insanlar\u0131n mutlu olmak i\u00e7in kurdu\u011fu hayaller bu d\u00fcnyadan \u00e7ok uzakta&#8230; A\u015fk, seni tarif edebilmek ne m\u00fcmk\u00fcn ve hangi s\u00f6zc\u00fcklerle seni anlatmaya kalksam kelimeler kifayetsiz kal\u0131r. \u0130nsan\u0131 var eden \u00fc\u00e7 kuvvet varm\u0131\u015f: \u201cAk\u0131l, nefs ve g\u00f6n\u00fcl\u201d. Bu \u00fc\u00e7 g\u00fc\u00e7ten ikisi, m\u00fctemadiyen bir harp halinde \u201cg\u00f6n\u00fcl\u201d kalesine sahip olmaya \u00e7al\u0131\u015f\u0131rm\u0131\u015f. Ona h\u00e2kim olan, insana da h\u00fckmedermi\u015f. G\u00f6nl\u00fcn tam ortas\u0131ndas\u0131n S\u00fcveyda. Sana sahip olan, \u201ckalp diyar\u0131n\u0131n\u201d efendisidir; seni tan\u0131mlamak, a\u015fk\u0131 \u00e7\u00f6zmek demektir. Sen, a\u015fkla vars\u0131n; seni a\u015fks\u0131z k\u0131lmak, dermans\u0131z k\u0131lmakla m\u00fcsavidir. Sen a\u015fkta a\u00e7ars\u0131n, a\u015fk sende a\u00e7ar. Sen, g\u00fcllerin sultan\u0131s\u0131n; her \u00e2\u015f\u0131\u011f\u0131n ula\u015fmak istedi\u011fi son noktas\u0131n.<\/p>\n","protected":false},"excerpt":{"rendered":"<p>Mehmet Nuri Parmaks\u0131z, \u015fiir, k\u00fclt\u00fcr ve edebiyata dair b\u00fct\u00fcn birikimini; \u015eiir\u2019den Post-Modernizm\u2019e, G\u00f6n\u00fcl\u2019den-T\u00fcrk Edebiyat\u0131nda Mektup Gelene\u011fi\u2019ne, \u0130mge\u2019den-Mevlana\u2019ya kadar farkl\u0131 konulardaki denemelerini sizlerle payla\u015f\u0131yor. Ge\u00e7mi\u015f ve biz.<span class=\"excerpt-hellip\"> [\u2026]<\/span><\/p>\n","protected":false},"featured_media":0,"template":"","meta":{"_monsterinsights_skip_tracking":false,"_monsterinsights_sitenote_active":false,"_monsterinsights_sitenote_note":"","_monsterinsights_sitenote_category":0},"product_brand":[],"product_cat":[12777,12291],"product_tag":[],"class_list":{"0":"post-732398","1":"product","2":"type-product","3":"status-publish","5":"product_cat-deneme","6":"product_cat-edebiyat","7":"pa_cilt-ciltsiz","8":"pa_tur-kitap","9":"pa_yayinevi-imbik-yayinlari","10":"pa_yazar-mehmet-nuri-parmaksiz","12":"first","13":"instock","14":"sale","15":"shipping-taxable","16":"purchasable","17":"product-type-simple"},"_links":{"self":[{"href":"https:\/\/roveyayinevi.com.tr\/index.php\/wp-json\/wp\/v2\/product\/732398","targetHints":{"allow":["GET"]}}],"collection":[{"href":"https:\/\/roveyayinevi.com.tr\/index.php\/wp-json\/wp\/v2\/product"}],"about":[{"href":"https:\/\/roveyayinevi.com.tr\/index.php\/wp-json\/wp\/v2\/types\/product"}],"wp:attachment":[{"href":"https:\/\/roveyayinevi.com.tr\/index.php\/wp-json\/wp\/v2\/media?parent=732398"}],"wp:term":[{"taxonomy":"product_brand","embeddable":true,"href":"https:\/\/roveyayinevi.com.tr\/index.php\/wp-json\/wp\/v2\/product_brand?post=732398"},{"taxonomy":"product_cat","embeddable":true,"href":"https:\/\/roveyayinevi.com.tr\/index.php\/wp-json\/wp\/v2\/product_cat?post=732398"},{"taxonomy":"product_tag","embeddable":true,"href":"https:\/\/roveyayinevi.com.tr\/index.php\/wp-json\/wp\/v2\/product_tag?post=732398"}],"curies":[{"name":"wp","href":"https:\/\/api.w.org\/{rel}","templated":true}]}}