{"id":732397,"date":"2025-08-27T21:49:29","date_gmt":"2025-08-27T18:49:29","guid":{"rendered":"https:\/\/roveyayinevi.com.tr\/index.php\/urun\/modernizm-ve-aydin-sorunu\/"},"modified":"2026-04-16T02:40:18","modified_gmt":"2026-04-15T23:40:18","slug":"modernizm-ve-aydin-sorunu","status":"publish","type":"product","link":"https:\/\/roveyayinevi.com.tr\/index.php\/urun\/modernizm-ve-aydin-sorunu\/","title":{"rendered":"Modernizm ve Ayd\u0131n Sorunu"},"content":{"rendered":"<p>T\u00fcrk milletinin geleneksel d\u00f6nemden modern d\u00f6neme ge\u00e7i\u015fi s\u0131ras\u0131nda ya\u015fanan ve ya\u015fanmakta olan sorunlar irdelenmi\u015ftir. Ayr\u0131ca T\u00fcrk milletinin ger\u00e7ek ayd\u0131nlar\u0131 ile karanl\u0131k ayd\u0131nlar meselesi de\u011fi\u015fik boyutlar\u0131yla ele al\u0131nm\u0131\u015ft\u0131r. Modernle\u015fmeyi bilimde, teknolojide, faydal\u0131 evrensel de\u011ferlerde anlamak gerekirken baz\u0131 karanl\u0131k ayd\u0131nlar tam tersini yapt\u0131lar. \u0130nan\u00e7ta, dinde, mill\u00ee k\u00fclt\u00fcrde ve ahlakta modernle\u015fme ad\u0131na T\u00fcrk-\u0130slam k\u00fclt\u00fcr ve medeniyetini yok etmeye \u00e7al\u0131\u015ft\u0131lar.<\/p>\n","protected":false},"excerpt":{"rendered":"<p>T\u00fcrk milletinin geleneksel d\u00f6nemden modern d\u00f6neme ge\u00e7i\u015fi s\u0131ras\u0131nda ya\u015fanan ve ya\u015fanmakta olan sorunlar irdelenmi\u015ftir. Ayr\u0131ca T\u00fcrk milletinin ger\u00e7ek ayd\u0131nlar\u0131 ile karanl\u0131k ayd\u0131nlar meselesi de\u011fi\u015fik boyutlar\u0131yla ele<span class=\"excerpt-hellip\"> [\u2026]<\/span><\/p>\n","protected":false},"featured_media":0,"template":"","meta":{"_monsterinsights_skip_tracking":false,"_monsterinsights_sitenote_active":false,"_monsterinsights_sitenote_note":"","_monsterinsights_sitenote_category":0},"product_brand":[],"product_cat":[13590,12337],"product_tag":[],"class_list":{"0":"post-732397","1":"product","2":"type-product","3":"status-publish","5":"product_cat-arastirma-inceleme-politika-siyaset","6":"product_cat-politika-siyaset","7":"pa_cilt-ciltsiz","8":"pa_tur-kitap","9":"pa_yayinevi-imbik-yayinlari","10":"pa_yazar-nurullah-cetin","12":"first","13":"instock","14":"sale","15":"shipping-taxable","16":"purchasable","17":"product-type-simple"},"_links":{"self":[{"href":"https:\/\/roveyayinevi.com.tr\/index.php\/wp-json\/wp\/v2\/product\/732397","targetHints":{"allow":["GET"]}}],"collection":[{"href":"https:\/\/roveyayinevi.com.tr\/index.php\/wp-json\/wp\/v2\/product"}],"about":[{"href":"https:\/\/roveyayinevi.com.tr\/index.php\/wp-json\/wp\/v2\/types\/product"}],"wp:attachment":[{"href":"https:\/\/roveyayinevi.com.tr\/index.php\/wp-json\/wp\/v2\/media?parent=732397"}],"wp:term":[{"taxonomy":"product_brand","embeddable":true,"href":"https:\/\/roveyayinevi.com.tr\/index.php\/wp-json\/wp\/v2\/product_brand?post=732397"},{"taxonomy":"product_cat","embeddable":true,"href":"https:\/\/roveyayinevi.com.tr\/index.php\/wp-json\/wp\/v2\/product_cat?post=732397"},{"taxonomy":"product_tag","embeddable":true,"href":"https:\/\/roveyayinevi.com.tr\/index.php\/wp-json\/wp\/v2\/product_tag?post=732397"}],"curies":[{"name":"wp","href":"https:\/\/api.w.org\/{rel}","templated":true}]}}