{"id":732396,"date":"2025-08-27T21:49:28","date_gmt":"2025-08-27T18:49:28","guid":{"rendered":"https:\/\/roveyayinevi.com.tr\/index.php\/urun\/mahserin-esrari\/"},"modified":"2026-04-16T02:40:18","modified_gmt":"2026-04-15T23:40:18","slug":"mahserin-esrari","status":"publish","type":"product","link":"https:\/\/roveyayinevi.com.tr\/index.php\/urun\/mahserin-esrari\/","title":{"rendered":"Mah\u015ferin Esrar\u0131"},"content":{"rendered":"<p>\u00d6yle bir sevdad\u0131r ki bu, ne yere s\u0131\u011far ne g\u00f6\u011fe\u2026 Onun i\u00e7indir ki, sevda demi\u015fler, a\u015fk demi\u015fler ismine\u2026 Senin a\u015fk\u0131nla \u015fad olan g\u00f6nl\u00fcm, sensizli\u011fe mahk\u00fbm olsa da Mah\u015fer\u2019e kadar, i\u00e7inde bulundu\u011fum ahvalden m\u00fc\u015fteki de\u011filim zerre kadar\u2026 Bilirim. G\u00fcl gibidir, miski amber gibidir a\u015fk. T\u0131pk\u0131 Yusuf\u2019a benzer\u2026 Kokusunu almaya ise ancak bir Yakup ister\u2026 Sevgiliye s\u00f6yleyin her \u015feyi al\u0131p gelsin, G\u00f6n\u00fcl taht\u0131m\u0131 ona elimle verece\u011fim. Bak\u0131\u015flar\u0131yla beni durmadan yak\u0131p delsin A\u015fk\u0131yla o sonsuza, \u201cmah\u015fer\u201de erece\u011fim.   Esrar Dede\u2019den ba\u015flay\u0131p \u015eeyh Galib\u2019e, III. Selim\u2019le birlikte Saray\u2019a uzanan ince uzun bir yoldur bu. \u015eeyh Galib\u2019le Beyhan Sultan\u2019\u0131n mah\u015fere ertelenen a\u015fklar\u0131n\u0131 esrarl\u0131 k\u0131lan bir yol\u2026<\/p>\n","protected":false},"excerpt":{"rendered":"<p>\u00d6yle bir sevdad\u0131r ki bu, ne yere s\u0131\u011far ne g\u00f6\u011fe\u2026 Onun i\u00e7indir ki, sevda demi\u015fler, a\u015fk demi\u015fler ismine\u2026 Senin a\u015fk\u0131nla \u015fad olan g\u00f6nl\u00fcm, sensizli\u011fe mahk\u00fbm olsa<span class=\"excerpt-hellip\"> [\u2026]<\/span><\/p>\n","protected":false},"featured_media":0,"template":"","meta":{"_monsterinsights_skip_tracking":false,"_monsterinsights_sitenote_active":false,"_monsterinsights_sitenote_note":"","_monsterinsights_sitenote_category":0},"product_brand":[],"product_cat":[12291,12711],"product_tag":[],"class_list":{"0":"post-732396","1":"product","2":"type-product","3":"status-publish","5":"product_cat-edebiyat","6":"product_cat-roman-oyku","7":"pa_cilt-ciltsiz","8":"pa_tur-kitap","9":"pa_yayinevi-efsun-yayincilik","10":"pa_yazar-mehmet-nuri-parmaksiz-ilhan-akin","12":"first","13":"instock","14":"sale","15":"shipping-taxable","16":"purchasable","17":"product-type-simple"},"_links":{"self":[{"href":"https:\/\/roveyayinevi.com.tr\/index.php\/wp-json\/wp\/v2\/product\/732396","targetHints":{"allow":["GET"]}}],"collection":[{"href":"https:\/\/roveyayinevi.com.tr\/index.php\/wp-json\/wp\/v2\/product"}],"about":[{"href":"https:\/\/roveyayinevi.com.tr\/index.php\/wp-json\/wp\/v2\/types\/product"}],"wp:attachment":[{"href":"https:\/\/roveyayinevi.com.tr\/index.php\/wp-json\/wp\/v2\/media?parent=732396"}],"wp:term":[{"taxonomy":"product_brand","embeddable":true,"href":"https:\/\/roveyayinevi.com.tr\/index.php\/wp-json\/wp\/v2\/product_brand?post=732396"},{"taxonomy":"product_cat","embeddable":true,"href":"https:\/\/roveyayinevi.com.tr\/index.php\/wp-json\/wp\/v2\/product_cat?post=732396"},{"taxonomy":"product_tag","embeddable":true,"href":"https:\/\/roveyayinevi.com.tr\/index.php\/wp-json\/wp\/v2\/product_tag?post=732396"}],"curies":[{"name":"wp","href":"https:\/\/api.w.org\/{rel}","templated":true}]}}