{"id":732395,"date":"2025-08-27T21:49:27","date_gmt":"2025-08-27T18:49:27","guid":{"rendered":"https:\/\/roveyayinevi.com.tr\/index.php\/urun\/mahserin-galibi\/"},"modified":"2026-04-16T02:40:18","modified_gmt":"2026-04-15T23:40:18","slug":"mahserin-galibi","status":"publish","type":"product","link":"https:\/\/roveyayinevi.com.tr\/index.php\/urun\/mahserin-galibi\/","title":{"rendered":"Mah\u015ferin Galibi"},"content":{"rendered":"<p>En zor olan a\u015fk\u0131 ya\u015f\u0131yordu Galib\u2026 Vuslat\u0131 mah\u015fere ertelerken y\u00fcre\u011finde kopan a\u015fk tufan\u0131na zincir vurmak\u2026 Her nefeste biraz daha anl\u0131yordu ki Galib vuslat\u0131 hi\u00e7 de kolay olmayacak. Hasret, insan ger\u00e7ekten \u00e2\u015f\u0131ksa g\u00fczel oland\u0131. Hasret, herkesin ate\u015finde yanabilece\u011fi bir \u015fey de\u011fildi ki\u2026 Belki de y\u00fcrek s\u00fcrekli yan\u0131p tutu\u015funca kemale eriyor; a\u015fk ancak o zaman a\u015fk oluyordu. Dokunmadan k\u00fcle, konu\u015fmadan b\u00fclb\u00fcle d\u00f6nmek gibi bir \u015fey\u2026   Belki nefisler kanar alt\u0131ndan k\u00f6\u015fke kasra, A\u015fk\u0131nla erece\u011fim sonsuzluk denen asra. Mah\u015fer kokan ya\u011fmurlar beni \u0131slats\u0131n yeter, Her mevsim senin i\u00e7in a\u00e7ar\u0131m m\u0131sra m\u0131sra.<\/p>\n","protected":false},"excerpt":{"rendered":"<p>En zor olan a\u015fk\u0131 ya\u015f\u0131yordu Galib\u2026 Vuslat\u0131 mah\u015fere ertelerken y\u00fcre\u011finde kopan a\u015fk tufan\u0131na zincir vurmak\u2026 Her nefeste biraz daha anl\u0131yordu ki Galib vuslat\u0131 hi\u00e7 de kolay<span class=\"excerpt-hellip\"> [\u2026]<\/span><\/p>\n","protected":false},"featured_media":0,"template":"","meta":{"_monsterinsights_skip_tracking":false,"_monsterinsights_sitenote_active":false,"_monsterinsights_sitenote_note":"","_monsterinsights_sitenote_category":0},"product_brand":[],"product_cat":[12291,12711],"product_tag":[],"class_list":{"0":"post-732395","1":"product","2":"type-product","3":"status-publish","5":"product_cat-edebiyat","6":"product_cat-roman-oyku","7":"pa_cilt-ciltsiz","8":"pa_tur-kitap","9":"pa_yayinevi-efsun-yayincilik","10":"pa_yazar-mehmet-nuri-parmaksiz-ilhan-akin","12":"first","13":"instock","14":"sale","15":"shipping-taxable","16":"purchasable","17":"product-type-simple"},"_links":{"self":[{"href":"https:\/\/roveyayinevi.com.tr\/index.php\/wp-json\/wp\/v2\/product\/732395","targetHints":{"allow":["GET"]}}],"collection":[{"href":"https:\/\/roveyayinevi.com.tr\/index.php\/wp-json\/wp\/v2\/product"}],"about":[{"href":"https:\/\/roveyayinevi.com.tr\/index.php\/wp-json\/wp\/v2\/types\/product"}],"wp:attachment":[{"href":"https:\/\/roveyayinevi.com.tr\/index.php\/wp-json\/wp\/v2\/media?parent=732395"}],"wp:term":[{"taxonomy":"product_brand","embeddable":true,"href":"https:\/\/roveyayinevi.com.tr\/index.php\/wp-json\/wp\/v2\/product_brand?post=732395"},{"taxonomy":"product_cat","embeddable":true,"href":"https:\/\/roveyayinevi.com.tr\/index.php\/wp-json\/wp\/v2\/product_cat?post=732395"},{"taxonomy":"product_tag","embeddable":true,"href":"https:\/\/roveyayinevi.com.tr\/index.php\/wp-json\/wp\/v2\/product_tag?post=732395"}],"curies":[{"name":"wp","href":"https:\/\/api.w.org\/{rel}","templated":true}]}}