{"id":732394,"date":"2025-08-27T21:49:26","date_gmt":"2025-08-27T18:49:26","guid":{"rendered":"https:\/\/roveyayinevi.com.tr\/index.php\/urun\/degerler-egitimi-2\/"},"modified":"2026-04-16T02:40:18","modified_gmt":"2026-04-15T23:40:18","slug":"degerler-egitimi-2","status":"publish","type":"product","link":"https:\/\/roveyayinevi.com.tr\/index.php\/urun\/degerler-egitimi-2\/","title":{"rendered":"De\u011ferler E\u011fitimi"},"content":{"rendered":"<p>Bu kitapta bizi T\u00fcrk milleti yapan din\u00ee, mill\u00ee ve insan\u00ee de\u011ferlerimiz, hem tan\u0131mlan\u0131p a\u00e7\u0131klanm\u0131\u015f hem de de\u011fi\u015fik a\u00e7\u0131lardan irdelenmi\u015ftir. \u00d6zellikle \u00f6\u011fretmenlerimizin yararlanaca\u011f\u0131 kaynak bir kitapt\u0131r. G\u00fcn\u00fcm\u00fcz T\u00fcrk milletinin en b\u00fcy\u00fck sorun ve felaketlerinden birisi din\u00ee, mill\u00ee ve evrensel de\u011ferlerimizden h\u0131zla uzakla\u015farak de\u011fersizle\u015fme ve \u00e7orakla\u015fmad\u0131r. Ki\u015fileri ve milletleri ayakta turan ve ya\u015fatan de\u011ferleridir. De\u011ferleri olmayan milletler ya\u015fayamazlar. \u00d6zellikle \u00f6\u011fretmenlerimizin bu kitab\u0131 mutlaka okumalar\u0131 ve okutmalar\u0131 gerekiyor<\/p>\n","protected":false},"excerpt":{"rendered":"<p>Bu kitapta bizi T\u00fcrk milleti yapan din\u00ee, mill\u00ee ve insan\u00ee de\u011ferlerimiz, hem tan\u0131mlan\u0131p a\u00e7\u0131klanm\u0131\u015f hem de de\u011fi\u015fik a\u00e7\u0131lardan irdelenmi\u015ftir. \u00d6zellikle \u00f6\u011fretmenlerimizin yararlanaca\u011f\u0131 kaynak bir kitapt\u0131r. G\u00fcn\u00fcm\u00fcz<span class=\"excerpt-hellip\"> [\u2026]<\/span><\/p>\n","protected":false},"featured_media":0,"template":"","meta":{"_monsterinsights_skip_tracking":false,"_monsterinsights_sitenote_active":false,"_monsterinsights_sitenote_note":"","_monsterinsights_sitenote_category":0},"product_brand":[],"product_cat":[13072,12291],"product_tag":[],"class_list":{"0":"post-732394","1":"product","2":"type-product","3":"status-publish","5":"product_cat-arastirma-inceleme-referans","6":"product_cat-edebiyat","7":"pa_cilt-ciltsiz","8":"pa_tur-kitap","9":"pa_yayinevi-imbik-yayinlari","10":"pa_yazar-nurullah-cetin","12":"first","13":"instock","14":"sale","15":"shipping-taxable","16":"purchasable","17":"product-type-simple"},"_links":{"self":[{"href":"https:\/\/roveyayinevi.com.tr\/index.php\/wp-json\/wp\/v2\/product\/732394","targetHints":{"allow":["GET"]}}],"collection":[{"href":"https:\/\/roveyayinevi.com.tr\/index.php\/wp-json\/wp\/v2\/product"}],"about":[{"href":"https:\/\/roveyayinevi.com.tr\/index.php\/wp-json\/wp\/v2\/types\/product"}],"wp:attachment":[{"href":"https:\/\/roveyayinevi.com.tr\/index.php\/wp-json\/wp\/v2\/media?parent=732394"}],"wp:term":[{"taxonomy":"product_brand","embeddable":true,"href":"https:\/\/roveyayinevi.com.tr\/index.php\/wp-json\/wp\/v2\/product_brand?post=732394"},{"taxonomy":"product_cat","embeddable":true,"href":"https:\/\/roveyayinevi.com.tr\/index.php\/wp-json\/wp\/v2\/product_cat?post=732394"},{"taxonomy":"product_tag","embeddable":true,"href":"https:\/\/roveyayinevi.com.tr\/index.php\/wp-json\/wp\/v2\/product_tag?post=732394"}],"curies":[{"name":"wp","href":"https:\/\/api.w.org\/{rel}","templated":true}]}}