{"id":732392,"date":"2025-08-27T21:49:24","date_gmt":"2025-08-27T18:49:24","guid":{"rendered":"https:\/\/roveyayinevi.com.tr\/index.php\/urun\/fistikin-caliskanligi\/"},"modified":"2026-04-16T02:40:18","modified_gmt":"2026-04-15T23:40:18","slug":"fistikin-caliskanligi","status":"publish","type":"product","link":"https:\/\/roveyayinevi.com.tr\/index.php\/urun\/fistikin-caliskanligi\/","title":{"rendered":"F\u0131st\u0131k\u2019\u0131n \u00c7al\u0131\u015fkanl\u0131\u011f\u0131"},"content":{"rendered":"<p>Bir g\u00fcn \u015fehirde \u00e7ok k\u00f6t\u00fc bir sorun oldu\u011fu tespit edildi. Herkesin paralar\u0131, alt\u0131nlar\u0131 ve m\u00fccevherleri kaybolmu\u015ftu. F\u0131st\u0131k ve sokak k\u00f6pekleri, sorunun ne oldu\u011funu \u00f6\u011frenmek istiyorlard\u0131. F\u0131st\u0131k ve Karaba\u015f, gece g\u00fcnd\u00fcz \u00e7al\u0131\u015ft\u0131lar. Sokak k\u00f6pekleri ise miskin miskin oturup ; \u00abNas\u0131lsa sorunun kayna\u011f\u0131n\u0131 bulamayacaklar.\u00bb diyorlard\u0131. <\/p>\n","protected":false},"excerpt":{"rendered":"<p>Bir g\u00fcn \u015fehirde \u00e7ok k\u00f6t\u00fc bir sorun oldu\u011fu tespit edildi. Herkesin paralar\u0131, alt\u0131nlar\u0131 ve m\u00fccevherleri kaybolmu\u015ftu. F\u0131st\u0131k ve sokak k\u00f6pekleri, sorunun ne oldu\u011funu \u00f6\u011frenmek istiyorlard\u0131. F\u0131st\u0131k<span class=\"excerpt-hellip\"> [\u2026]<\/span><\/p>\n","protected":false},"featured_media":0,"template":"","meta":{"_monsterinsights_skip_tracking":false,"_monsterinsights_sitenote_active":false,"_monsterinsights_sitenote_note":"","_monsterinsights_sitenote_category":0},"product_brand":[],"product_cat":[12274,12284],"product_tag":[],"class_list":{"0":"post-732392","1":"product","2":"type-product","3":"status-publish","5":"product_cat-cocuk-ve-genclik-kitaplari","6":"product_cat-hikayeler","7":"pa_cilt-ciltsiz","8":"pa_tur-kitap","9":"pa_yayinevi-efsun-yayincilik","10":"pa_yazar-orhun-parmaksiz","12":"first","13":"instock","14":"sale","15":"shipping-taxable","16":"purchasable","17":"product-type-simple"},"_links":{"self":[{"href":"https:\/\/roveyayinevi.com.tr\/index.php\/wp-json\/wp\/v2\/product\/732392","targetHints":{"allow":["GET"]}}],"collection":[{"href":"https:\/\/roveyayinevi.com.tr\/index.php\/wp-json\/wp\/v2\/product"}],"about":[{"href":"https:\/\/roveyayinevi.com.tr\/index.php\/wp-json\/wp\/v2\/types\/product"}],"wp:attachment":[{"href":"https:\/\/roveyayinevi.com.tr\/index.php\/wp-json\/wp\/v2\/media?parent=732392"}],"wp:term":[{"taxonomy":"product_brand","embeddable":true,"href":"https:\/\/roveyayinevi.com.tr\/index.php\/wp-json\/wp\/v2\/product_brand?post=732392"},{"taxonomy":"product_cat","embeddable":true,"href":"https:\/\/roveyayinevi.com.tr\/index.php\/wp-json\/wp\/v2\/product_cat?post=732392"},{"taxonomy":"product_tag","embeddable":true,"href":"https:\/\/roveyayinevi.com.tr\/index.php\/wp-json\/wp\/v2\/product_tag?post=732392"}],"curies":[{"name":"wp","href":"https:\/\/api.w.org\/{rel}","templated":true}]}}