{"id":732391,"date":"2025-08-27T21:49:23","date_gmt":"2025-08-27T18:49:23","guid":{"rendered":"https:\/\/roveyayinevi.com.tr\/index.php\/urun\/iki-bacagimin-arasinda-ne-var\/"},"modified":"2026-04-16T02:40:18","modified_gmt":"2026-04-15T23:40:18","slug":"iki-bacagimin-arasinda-ne-var","status":"publish","type":"product","link":"https:\/\/roveyayinevi.com.tr\/index.php\/urun\/iki-bacagimin-arasinda-ne-var\/","title":{"rendered":"\u0130ki Baca\u011f\u0131m\u0131n Aras\u0131nda Ne Var?"},"content":{"rendered":"<p>\u201cYelda Karata\u015f, bu kitapta yer alan denemeleriyle kafam\u0131z\u0131 bir ceviz kabu\u011fu gibi k\u0131rarak a\u00e7\u0131yor. San\u0131yorum ona g\u00f6re d\u0131\u015far\u0131daki kap\u0131lar\u0131 a\u00e7abilmenin ve de \u00f6nlerinde muhaf\u0131zl\u0131k yapmaktan kendimizi al\u0131koyabilmemizin en ger\u00e7ek\u00e7i yolu da bu hareketi bilin\u00e7li yapabilmekten ge\u00e7iyor. Ahlaktan son derece yoksun olan bu tutumu, salt etik de\u011ferlere dayand\u0131r\u0131yor. Zira kendisi de bunu yaparken ne yukar\u0131dan ne de a\u015fa\u011f\u0131dan sesleniyor; yazd\u0131klar\u0131 baz\u0131lar\u0131m\u0131za uzak gelecek olsa da, tam hizam\u0131zdan konu\u015fuyor. Ku\u015fkusuz bu eser kendi hizam\u0131z\u0131 daha iyi fark edebilmemiz a\u00e7\u0131s\u0131ndan da okuruna katk\u0131 niteli\u011findedir.\u201d <\/p>\n","protected":false},"excerpt":{"rendered":"<p>\u201cYelda Karata\u015f, bu kitapta yer alan denemeleriyle kafam\u0131z\u0131 bir ceviz kabu\u011fu gibi k\u0131rarak a\u00e7\u0131yor. San\u0131yorum ona g\u00f6re d\u0131\u015far\u0131daki kap\u0131lar\u0131 a\u00e7abilmenin ve de \u00f6nlerinde muhaf\u0131zl\u0131k yapmaktan kendimizi<span class=\"excerpt-hellip\"> [\u2026]<\/span><\/p>\n","protected":false},"featured_media":0,"template":"","meta":{"_monsterinsights_skip_tracking":false,"_monsterinsights_sitenote_active":false,"_monsterinsights_sitenote_note":"","_monsterinsights_sitenote_category":0},"product_brand":[],"product_cat":[12777,12291],"product_tag":[],"class_list":{"0":"post-732391","1":"product","2":"type-product","3":"status-publish","5":"product_cat-deneme","6":"product_cat-edebiyat","7":"pa_cilt-ciltsiz","8":"pa_tur-kitap","9":"pa_yayinevi-imgenin-cocuklari","10":"pa_yazar-yelda-karatas","12":"first","13":"instock","14":"sale","15":"shipping-taxable","16":"purchasable","17":"product-type-simple"},"_links":{"self":[{"href":"https:\/\/roveyayinevi.com.tr\/index.php\/wp-json\/wp\/v2\/product\/732391","targetHints":{"allow":["GET"]}}],"collection":[{"href":"https:\/\/roveyayinevi.com.tr\/index.php\/wp-json\/wp\/v2\/product"}],"about":[{"href":"https:\/\/roveyayinevi.com.tr\/index.php\/wp-json\/wp\/v2\/types\/product"}],"wp:attachment":[{"href":"https:\/\/roveyayinevi.com.tr\/index.php\/wp-json\/wp\/v2\/media?parent=732391"}],"wp:term":[{"taxonomy":"product_brand","embeddable":true,"href":"https:\/\/roveyayinevi.com.tr\/index.php\/wp-json\/wp\/v2\/product_brand?post=732391"},{"taxonomy":"product_cat","embeddable":true,"href":"https:\/\/roveyayinevi.com.tr\/index.php\/wp-json\/wp\/v2\/product_cat?post=732391"},{"taxonomy":"product_tag","embeddable":true,"href":"https:\/\/roveyayinevi.com.tr\/index.php\/wp-json\/wp\/v2\/product_tag?post=732391"}],"curies":[{"name":"wp","href":"https:\/\/api.w.org\/{rel}","templated":true}]}}