{"id":732390,"date":"2025-08-27T21:49:22","date_gmt":"2025-08-27T18:49:22","guid":{"rendered":"https:\/\/roveyayinevi.com.tr\/index.php\/urun\/23-nisan-kutlu-cocuklar-mutlu\/"},"modified":"2026-04-16T02:40:18","modified_gmt":"2026-04-15T23:40:18","slug":"23-nisan-kutlu-cocuklar-mutlu","status":"publish","type":"product","link":"https:\/\/roveyayinevi.com.tr\/index.php\/urun\/23-nisan-kutlu-cocuklar-mutlu\/","title":{"rendered":"23 Nisan Kutlu \u00c7ocuklar Mutlu"},"content":{"rendered":"<p>23 N\u0130SAN KUTLU \u00c7OCUKLAR MUTLU, s\u0131n\u0131f panosuna as\u0131lan k\u00fc\u00e7\u00fck bir afi\u015fin kocaman bir sosyal sorumluluk projesine d\u00f6n\u00fc\u015fmesinin \u00f6yk\u00fcs\u00fc! Teneff\u00fcs sonunda s\u0131n\u0131flar\u0131na do\u011fru giden be\u015f kafadardan \u00f6\u011fretmenleri yard\u0131m ister ve elindeki k\u00e2\u011f\u0131tlar\u0131 s\u0131n\u0131f panolar\u0131na asmalar\u0131n\u0131 \u00e7ocuklardan rica eder. \u00c7ocuklar afi\u015fte ne yazd\u0131\u011f\u0131n\u0131 tabii ki merak eder. Afi\u015fteki yaz\u0131y\u0131 okuyan be\u015f kafadar\u0131n merak\u0131 on kat\u0131na \u00e7\u0131kar ve macera ba\u015flar! G\u00fcl, Mustafa, Ay\u015fe, Rengin ve Ali; ola\u011fan\u00fcst\u00fc \u00e7abalar\u0131 kar\u015f\u0131l\u0131\u011f\u0131nda iyili\u011fin, do\u011frulu\u011fun, payla\u015fman\u0131n \u00f6nemini ve de\u011ferini \u00f6\u011freniyorlar. Be\u015f kafadar\u0131n kalpleri \u0131s\u0131tan maceras\u0131n\u0131 soluksuz okuyacaks\u0131n\u0131z<\/p>\n","protected":false},"excerpt":{"rendered":"<p>23 N\u0130SAN KUTLU \u00c7OCUKLAR MUTLU, s\u0131n\u0131f panosuna as\u0131lan k\u00fc\u00e7\u00fck bir afi\u015fin kocaman bir sosyal sorumluluk projesine d\u00f6n\u00fc\u015fmesinin \u00f6yk\u00fcs\u00fc! Teneff\u00fcs sonunda s\u0131n\u0131flar\u0131na do\u011fru giden be\u015f kafadardan \u00f6\u011fretmenleri<span class=\"excerpt-hellip\"> [\u2026]<\/span><\/p>\n","protected":false},"featured_media":0,"template":"","meta":{"_monsterinsights_skip_tracking":false,"_monsterinsights_sitenote_active":false,"_monsterinsights_sitenote_note":"","_monsterinsights_sitenote_category":0},"product_brand":[],"product_cat":[12274,12284],"product_tag":[],"class_list":{"0":"post-732390","1":"product","2":"type-product","3":"status-publish","5":"product_cat-cocuk-ve-genclik-kitaplari","6":"product_cat-hikayeler","7":"pa_cilt-ciltsiz","8":"pa_tur-kitap","9":"pa_yayinevi-altin-kitaplar-ozel-urun","10":"pa_yazar-guven-cevik","12":"first","13":"instock","14":"sale","15":"shipping-taxable","16":"purchasable","17":"product-type-simple"},"_links":{"self":[{"href":"https:\/\/roveyayinevi.com.tr\/index.php\/wp-json\/wp\/v2\/product\/732390","targetHints":{"allow":["GET"]}}],"collection":[{"href":"https:\/\/roveyayinevi.com.tr\/index.php\/wp-json\/wp\/v2\/product"}],"about":[{"href":"https:\/\/roveyayinevi.com.tr\/index.php\/wp-json\/wp\/v2\/types\/product"}],"wp:attachment":[{"href":"https:\/\/roveyayinevi.com.tr\/index.php\/wp-json\/wp\/v2\/media?parent=732390"}],"wp:term":[{"taxonomy":"product_brand","embeddable":true,"href":"https:\/\/roveyayinevi.com.tr\/index.php\/wp-json\/wp\/v2\/product_brand?post=732390"},{"taxonomy":"product_cat","embeddable":true,"href":"https:\/\/roveyayinevi.com.tr\/index.php\/wp-json\/wp\/v2\/product_cat?post=732390"},{"taxonomy":"product_tag","embeddable":true,"href":"https:\/\/roveyayinevi.com.tr\/index.php\/wp-json\/wp\/v2\/product_tag?post=732390"}],"curies":[{"name":"wp","href":"https:\/\/api.w.org\/{rel}","templated":true}]}}