{"id":732389,"date":"2025-08-27T21:49:21","date_gmt":"2025-08-27T18:49:21","guid":{"rendered":"https:\/\/roveyayinevi.com.tr\/index.php\/urun\/absalom-absalom\/"},"modified":"2026-04-16T02:40:18","modified_gmt":"2026-04-15T23:40:18","slug":"absalom-absalom","status":"publish","type":"product","link":"https:\/\/roveyayinevi.com.tr\/index.php\/urun\/absalom-absalom\/","title":{"rendered":"Ab\u015falom, Ab\u015falom!"},"content":{"rendered":"<p>Faulkner&#8217;\u0131n &#8220;yar\u0131-kurgusal&#8221; b\u00f6lgesi Yoknapatawpha&#8217;da ge\u00e7en Ab\u015falom, Ab\u015falom!, Thomas Sutpen&#8217;in ve sonunda kendi o\u011fullar\u0131 taraf\u0131ndan mahvedilen plan\u0131n\u0131n -1830&#8217;larda, Missisippi&#8217;de bir hanedan\u0131 a\u011f\u0131r a\u011f\u0131r s\u00fcrd\u00fcrmek -hikayesi&#8230; Kitab\u0131 Mukaddes&#8217;ten G\u00fcney&#8217;in efsanesine, oradan da modern d\u00fcnyan\u0131n karma\u015fas\u0131na uzanan roman, farkl\u0131 anlat\u0131c\u0131lar ayn\u0131 olaylar\u0131 \u00fcst \u00fcste anlatt\u0131\u011f\u0131 i\u00e7in tekrarlar \u00fczerine kuruluymu\u015f san\u0131s\u0131 yarat\u0131r; asl\u0131nda okuyucudan do\u011frunun eksik anlat\u0131mlar\u0131ndan ge\u00e7erek, do\u011fruyu daha derin bir bi\u00e7imde kavranmas\u0131 beklenmektedir. Zor okuma u\u011fra\u015flar\u0131n\u0131 seven okur i\u00e7in Faulkner&#8217;dan &#8211; Murat Belge&#8217;nin deyi\u015fiyle tiz sesle yaz\u0131lm\u0131\u015f bir G\u00fcney profili&#8230;<\/p>\n","protected":false},"excerpt":{"rendered":"<p>Faulkner&#8217;\u0131n &#8220;yar\u0131-kurgusal&#8221; b\u00f6lgesi Yoknapatawpha&#8217;da ge\u00e7en Ab\u015falom, Ab\u015falom!, Thomas Sutpen&#8217;in ve sonunda kendi o\u011fullar\u0131 taraf\u0131ndan mahvedilen plan\u0131n\u0131n -1830&#8217;larda, Missisippi&#8217;de bir hanedan\u0131 a\u011f\u0131r a\u011f\u0131r s\u00fcrd\u00fcrmek -hikayesi&#8230; Kitab\u0131 Mukaddes&#8217;ten<span class=\"excerpt-hellip\"> [\u2026]<\/span><\/p>\n","protected":false},"featured_media":0,"template":"","meta":{"_monsterinsights_skip_tracking":false,"_monsterinsights_sitenote_active":false,"_monsterinsights_sitenote_note":"","_monsterinsights_sitenote_category":0},"product_brand":[],"product_cat":[12291,12711],"product_tag":[],"class_list":{"0":"post-732389","1":"product","2":"type-product","3":"status-publish","5":"product_cat-edebiyat","6":"product_cat-roman-oyku","7":"pa_cilt-ciltsiz","8":"pa_tur-kitap","9":"pa_yayinevi-yapi-kredi-yayinlari","10":"pa_yazar-william-faulkner","12":"first","13":"instock","14":"sale","15":"shipping-taxable","16":"purchasable","17":"product-type-simple"},"_links":{"self":[{"href":"https:\/\/roveyayinevi.com.tr\/index.php\/wp-json\/wp\/v2\/product\/732389","targetHints":{"allow":["GET"]}}],"collection":[{"href":"https:\/\/roveyayinevi.com.tr\/index.php\/wp-json\/wp\/v2\/product"}],"about":[{"href":"https:\/\/roveyayinevi.com.tr\/index.php\/wp-json\/wp\/v2\/types\/product"}],"wp:attachment":[{"href":"https:\/\/roveyayinevi.com.tr\/index.php\/wp-json\/wp\/v2\/media?parent=732389"}],"wp:term":[{"taxonomy":"product_brand","embeddable":true,"href":"https:\/\/roveyayinevi.com.tr\/index.php\/wp-json\/wp\/v2\/product_brand?post=732389"},{"taxonomy":"product_cat","embeddable":true,"href":"https:\/\/roveyayinevi.com.tr\/index.php\/wp-json\/wp\/v2\/product_cat?post=732389"},{"taxonomy":"product_tag","embeddable":true,"href":"https:\/\/roveyayinevi.com.tr\/index.php\/wp-json\/wp\/v2\/product_tag?post=732389"}],"curies":[{"name":"wp","href":"https:\/\/api.w.org\/{rel}","templated":true}]}}