{"id":732388,"date":"2025-08-27T21:49:20","date_gmt":"2025-08-27T18:49:20","guid":{"rendered":"https:\/\/roveyayinevi.com.tr\/index.php\/urun\/kavsakta\/"},"modified":"2026-04-16T02:40:18","modified_gmt":"2026-04-15T23:40:18","slug":"kavsakta","status":"publish","type":"product","link":"https:\/\/roveyayinevi.com.tr\/index.php\/urun\/kavsakta\/","title":{"rendered":"Kav\u015fakta"},"content":{"rendered":"<p>\u0130ster evlilik, sevgililik olsun isterse okul ya da asker arkada\u015fl\u0131\u011f\u0131 olsun, bu ili\u015fkilere bakanlar, onda \u201cd\u0131\u015f\u201d y\u00fcz\u00fc g\u00f6r\u00fcr yaln\u0131z, oysa her ili\u015fkide ger\u00e7eklik onun \u201ci\u00e7\u201d y\u00fcz\u00fcnde ya\u015fan\u0131r.   \u0130ki gen\u00e7 insan, \u00f6rselenmi\u015f iki ruh, birbiriyle belki de asla bulu\u015famayacak olan ama birbirlerine sar\u0131lmak d\u0131\u015f\u0131nda \u00e7\u00f6z\u00fcmleri bulunmad\u0131\u011f\u0131 i\u00e7in kozalar\u0131n\u0131 da ancak b\u00f6yle \u00e7atlatabilecek iki yaral\u0131: M\u00e2hinur ve \u0130lhan. \u0130kisi de kendi eksikli\u011fini, iflah olmaz yaln\u0131zl\u0131\u011f\u0131n\u0131, kar\u015f\u0131s\u0131ndaki insanda tamamlamay\u0131 arzulayan birer \u201cm\u00fczmin karamsar\u201d.   Her ikisinin de farkl\u0131 ki\u015filerle birer karakter alb\u00fcm\u00fc var. M\u00e2hinur ve \u0130lhan kendi karakterleri olan anne babalar\u0131ndan e\u015flerine, sevgililerine onlarla ba\u015f etmeye \u00e7al\u0131\u015f\u0131rken anla\u015fabilecekler, birlikte bir dostluk k\u00f6pr\u00fcs\u00fc kurabilecekler mi?   Belli mi olur?   Yeter ki ili\u015fkide taraflar ille de kendi iktidar\u0131n\u0131 dayatmaya kalkmas\u0131n, o k\u0131r\u0131lgan s\u0131n\u0131rlar keskin u\u00e7lu kalemle de\u011fil suluboyayla \u00e7izilsin ki keskinli\u011fi giderilmi\u015f olsun. \u00c7\u00fcnk\u00fc herkes, \u00e7e\u015fitli zamanlarda ya\u015fam\u0131na giren insanlarla bir ordu kurmuyor mu, her ili\u015fkide komutanl\u0131\u011f\u0131n\u0131 yapt\u0131\u011f\u0131 ordular onlar\u0131 sava\u015fa s\u00fcr\u00fcklemiyor mu?   Sizi Kav\u015fakta\u2019da, i\u00e7ine heyecanla dalaca\u011f\u0131n\u0131z, s\u00fcrprizlerle dolu bir roman labirenti bekliyor. <\/p>\n","protected":false},"excerpt":{"rendered":"<p>\u0130ster evlilik, sevgililik olsun isterse okul ya da asker arkada\u015fl\u0131\u011f\u0131 olsun, bu ili\u015fkilere bakanlar, onda \u201cd\u0131\u015f\u201d y\u00fcz\u00fc g\u00f6r\u00fcr yaln\u0131z, oysa her ili\u015fkide ger\u00e7eklik onun \u201ci\u00e7\u201d y\u00fcz\u00fcnde<span class=\"excerpt-hellip\"> [\u2026]<\/span><\/p>\n","protected":false},"featured_media":0,"template":"","meta":{"_monsterinsights_skip_tracking":false,"_monsterinsights_sitenote_active":false,"_monsterinsights_sitenote_note":"","_monsterinsights_sitenote_category":0},"product_brand":[],"product_cat":[12291,12711],"product_tag":[],"class_list":{"0":"post-732388","1":"product","2":"type-product","3":"status-publish","5":"product_cat-edebiyat","6":"product_cat-roman-oyku","7":"pa_cilt-ciltsiz","8":"pa_tur-kitap","9":"pa_yayinevi-cumhuriyet-kitaplari","10":"pa_yazar-zeynep-aliye","12":"first","13":"instock","14":"sale","15":"shipping-taxable","16":"purchasable","17":"product-type-simple"},"_links":{"self":[{"href":"https:\/\/roveyayinevi.com.tr\/index.php\/wp-json\/wp\/v2\/product\/732388","targetHints":{"allow":["GET"]}}],"collection":[{"href":"https:\/\/roveyayinevi.com.tr\/index.php\/wp-json\/wp\/v2\/product"}],"about":[{"href":"https:\/\/roveyayinevi.com.tr\/index.php\/wp-json\/wp\/v2\/types\/product"}],"wp:attachment":[{"href":"https:\/\/roveyayinevi.com.tr\/index.php\/wp-json\/wp\/v2\/media?parent=732388"}],"wp:term":[{"taxonomy":"product_brand","embeddable":true,"href":"https:\/\/roveyayinevi.com.tr\/index.php\/wp-json\/wp\/v2\/product_brand?post=732388"},{"taxonomy":"product_cat","embeddable":true,"href":"https:\/\/roveyayinevi.com.tr\/index.php\/wp-json\/wp\/v2\/product_cat?post=732388"},{"taxonomy":"product_tag","embeddable":true,"href":"https:\/\/roveyayinevi.com.tr\/index.php\/wp-json\/wp\/v2\/product_tag?post=732388"}],"curies":[{"name":"wp","href":"https:\/\/api.w.org\/{rel}","templated":true}]}}