{"id":732387,"date":"2025-08-27T21:49:19","date_gmt":"2025-08-27T18:49:19","guid":{"rendered":"https:\/\/roveyayinevi.com.tr\/index.php\/urun\/rusya-bati-catismasinda-fener-rum-patrikhanesi\/"},"modified":"2026-04-16T02:40:18","modified_gmt":"2026-04-15T23:40:18","slug":"rusya-bati-catismasinda-fener-rum-patrikhanesi","status":"publish","type":"product","link":"https:\/\/roveyayinevi.com.tr\/index.php\/urun\/rusya-bati-catismasinda-fener-rum-patrikhanesi\/","title":{"rendered":"Rusya-Bat\u0131 \u00c7at\u0131\u015fmas\u0131nda Fener Rum Patrikhanesi"},"content":{"rendered":"<p>ABD\u2019de Joe Biden\u2019\u0131n ba\u015fkan olmas\u0131yla, ABD-Rusya gerilimi, t\u0131rmanmaya ba\u015flad\u0131. Ukrayna, Belarus gibi Do\u011fu Avrupa ve eski Sovyet \u00fclkelerindeki \u00e7alkant\u0131lar, ABD\u2019yle Rusya aras\u0131ndaki bu \u00e7at\u0131\u015fman\u0131n yans\u0131malar\u0131.   Fener Patrikhanesi, 1940\u2019lardan bu yana, ABD\u2019nin Rusya\u2019ya kar\u015f\u0131 y\u00fcr\u00fctt\u00fc\u011f\u00fc bu m\u00fccadelenin dini aya\u011f\u0131n\u0131 olu\u015fturuyor. Rusya ise, Moskova Patrikhanesi\u2019ne destek veriyor. Konu, T\u00fcrkiye\u2019yi yak\u0131ndan ilgilendirdi\u011fi halde, \u00fclkemizde bu konuda yeterli ara\u015ft\u0131rma, yok.   \u0130\u015fte bu kitap, Fener Patrikhanesi\u2019nin ortaya \u00e7\u0131k\u0131\u015f\u0131ndan ba\u015flayarak, son 80 y\u0131lda ABD\u2019yle Fener aras\u0131ndaki yo\u011fun ili\u015fkileri, Ortodokslu\u011fun Do\u011fu Avrupa halklar\u0131n\u0131n milli kimli\u011finde oynad\u0131\u011f\u0131 rol\u00fc ve Fener\u2019le Moskova aras\u0131ndaki en b\u00fcy\u00fck \u00e7at\u0131\u015fman\u0131n neden Ukrayna\u2019da patlak verdi\u011fini ortaya koymaya \u00e7al\u0131\u015f\u0131yor. ABD\u2019nin Fener Patrikhanesi\u2019ne \u201cek\u00fcmeniklik\u201d stat\u00fcs\u00fc verilmesi konusunda T\u00fcrkiye\u2019ye neden bu kadar bask\u0131 yapt\u0131\u011f\u0131 sorusuna da bu kitap, kapsaml\u0131 bir yan\u0131t veriyor<\/p>\n","protected":false},"excerpt":{"rendered":"<p>ABD\u2019de Joe Biden\u2019\u0131n ba\u015fkan olmas\u0131yla, ABD-Rusya gerilimi, t\u0131rmanmaya ba\u015flad\u0131. Ukrayna, Belarus gibi Do\u011fu Avrupa ve eski Sovyet \u00fclkelerindeki \u00e7alkant\u0131lar, ABD\u2019yle Rusya aras\u0131ndaki bu \u00e7at\u0131\u015fman\u0131n yans\u0131malar\u0131. Fener<span class=\"excerpt-hellip\"> [\u2026]<\/span><\/p>\n","protected":false},"featured_media":0,"template":"","meta":{"_monsterinsights_skip_tracking":false,"_monsterinsights_sitenote_active":false,"_monsterinsights_sitenote_note":"","_monsterinsights_sitenote_category":0},"product_brand":[],"product_cat":[12338,12337],"product_tag":[],"class_list":{"0":"post-732387","1":"product","2":"type-product","3":"status-publish","5":"product_cat-dunya-siyaseti-ve-politikasi","6":"product_cat-politika-siyaset","7":"pa_cilt-ciltsiz","8":"pa_tur-kitap","9":"pa_yayinevi-cumhuriyet-kitaplari","10":"pa_yazar-deniz-berktay","12":"first","13":"instock","14":"sale","15":"shipping-taxable","16":"purchasable","17":"product-type-simple"},"_links":{"self":[{"href":"https:\/\/roveyayinevi.com.tr\/index.php\/wp-json\/wp\/v2\/product\/732387","targetHints":{"allow":["GET"]}}],"collection":[{"href":"https:\/\/roveyayinevi.com.tr\/index.php\/wp-json\/wp\/v2\/product"}],"about":[{"href":"https:\/\/roveyayinevi.com.tr\/index.php\/wp-json\/wp\/v2\/types\/product"}],"wp:attachment":[{"href":"https:\/\/roveyayinevi.com.tr\/index.php\/wp-json\/wp\/v2\/media?parent=732387"}],"wp:term":[{"taxonomy":"product_brand","embeddable":true,"href":"https:\/\/roveyayinevi.com.tr\/index.php\/wp-json\/wp\/v2\/product_brand?post=732387"},{"taxonomy":"product_cat","embeddable":true,"href":"https:\/\/roveyayinevi.com.tr\/index.php\/wp-json\/wp\/v2\/product_cat?post=732387"},{"taxonomy":"product_tag","embeddable":true,"href":"https:\/\/roveyayinevi.com.tr\/index.php\/wp-json\/wp\/v2\/product_tag?post=732387"}],"curies":[{"name":"wp","href":"https:\/\/api.w.org\/{rel}","templated":true}]}}