{"id":732385,"date":"2025-08-27T21:49:18","date_gmt":"2025-08-27T18:49:18","guid":{"rendered":"https:\/\/roveyayinevi.com.tr\/index.php\/urun\/herakles-ciltli\/"},"modified":"2026-04-16T02:40:18","modified_gmt":"2026-04-15T23:40:18","slug":"herakles-ciltli","status":"publish","type":"product","link":"https:\/\/roveyayinevi.com.tr\/index.php\/urun\/herakles-ciltli\/","title":{"rendered":"Herakles (Ciltli)"},"content":{"rendered":"<p>Euripides (M\u00d6 y. 484-406): Atina\u2019n\u0131n yeti\u015ftirdi\u011fi \u00fc\u00e7 b\u00fcy\u00fck tragedya \u015fairi aras\u0131nda en fazla eseri g\u00fcn\u00fcm\u00fcze ula\u015fan sanat\u00e7\u0131 olarak \u00f6zel bir yeri vard\u0131r. Bu \u00f6zelli\u011fi \u015fenliklerde Aiskhylos ve Sophokles kadar birincilik \u00f6d\u00fcl\u00fc kazanmam\u0131\u015f olsa da halk aras\u0131nda daha \u00e7ok be\u011fenilen bir \u015fair olmas\u0131na ba\u011flan\u0131r. Euripides\u2019in kahramanlar\u0131 insana \u00f6zg\u00fc zay\u0131fl\u0131k ve kusurlar\u0131 ta\u015f\u0131rlar, ya\u015fad\u0131klar\u0131 tragedyalar da bu kusurlar\u0131 ile vazge\u00e7emedikleri tutkular\u0131ndan kaynaklan\u0131r. Euripides \u00e7a\u011fda\u015f tiyatroya en yak\u0131n eserler veren klasik ozan veya modern ozanlar\u0131n ilki say\u0131labilir. Herakles\u2019te Euripides, mitolojik kahraman\u0131n \u00fcn\u00fc ve g\u00fcc\u00fc doruktayken bir anda her \u015feyini yitirmesini anlatarak hayat\u0131n trajik y\u00f6n\u00fcn\u00fc ve kaderin de\u011fi\u015fkenli\u011fi vurgular. Oyun, Seneca\u2019n\u0131n en \u00f6nemli eserlerinden biri olan Hercules Furens (\u00c7\u0131ld\u0131ran Herk\u00fcl) tragedyas\u0131na da esin kayna\u011f\u0131 olmu\u015ftur.   <\/p>\n","protected":false},"excerpt":{"rendered":"<p>Euripides (M\u00d6 y. 484-406): Atina\u2019n\u0131n yeti\u015ftirdi\u011fi \u00fc\u00e7 b\u00fcy\u00fck tragedya \u015fairi aras\u0131nda en fazla eseri g\u00fcn\u00fcm\u00fcze ula\u015fan sanat\u00e7\u0131 olarak \u00f6zel bir yeri vard\u0131r. Bu \u00f6zelli\u011fi \u015fenliklerde Aiskhylos<span class=\"excerpt-hellip\"> [\u2026]<\/span><\/p>\n","protected":false},"featured_media":0,"template":"","meta":{"_monsterinsights_skip_tracking":false,"_monsterinsights_sitenote_active":false,"_monsterinsights_sitenote_note":"","_monsterinsights_sitenote_category":0},"product_brand":[],"product_cat":[12409,12408],"product_tag":[],"class_list":{"0":"post-732385","1":"product","2":"type-product","3":"status-publish","5":"product_cat-fotograf-sinema-tiyatro","6":"product_cat-sanat","7":"pa_cilt-ciltli","8":"pa_tur-kitap","9":"pa_yayinevi-is-bankasi-kultur-yayinlari","10":"pa_yazar-euripides","12":"first","13":"instock","14":"sale","15":"shipping-taxable","16":"purchasable","17":"product-type-simple"},"_links":{"self":[{"href":"https:\/\/roveyayinevi.com.tr\/index.php\/wp-json\/wp\/v2\/product\/732385","targetHints":{"allow":["GET"]}}],"collection":[{"href":"https:\/\/roveyayinevi.com.tr\/index.php\/wp-json\/wp\/v2\/product"}],"about":[{"href":"https:\/\/roveyayinevi.com.tr\/index.php\/wp-json\/wp\/v2\/types\/product"}],"wp:attachment":[{"href":"https:\/\/roveyayinevi.com.tr\/index.php\/wp-json\/wp\/v2\/media?parent=732385"}],"wp:term":[{"taxonomy":"product_brand","embeddable":true,"href":"https:\/\/roveyayinevi.com.tr\/index.php\/wp-json\/wp\/v2\/product_brand?post=732385"},{"taxonomy":"product_cat","embeddable":true,"href":"https:\/\/roveyayinevi.com.tr\/index.php\/wp-json\/wp\/v2\/product_cat?post=732385"},{"taxonomy":"product_tag","embeddable":true,"href":"https:\/\/roveyayinevi.com.tr\/index.php\/wp-json\/wp\/v2\/product_tag?post=732385"}],"curies":[{"name":"wp","href":"https:\/\/api.w.org\/{rel}","templated":true}]}}