{"id":732382,"date":"2025-08-27T21:49:16","date_gmt":"2025-08-27T18:49:16","guid":{"rendered":"https:\/\/roveyayinevi.com.tr\/index.php\/urun\/cehaletin-iktidari-makaleler-1\/"},"modified":"2026-04-16T02:40:18","modified_gmt":"2026-04-15T23:40:18","slug":"cehaletin-iktidari-makaleler-1","status":"publish","type":"product","link":"https:\/\/roveyayinevi.com.tr\/index.php\/urun\/cehaletin-iktidari-makaleler-1\/","title":{"rendered":"Cehaletin \u0130ktidar\u0131 &#8211; Makaleler 1"},"content":{"rendered":"<p>Ayd\u0131nlanma sava\u015f\u00e7\u0131s\u0131 Prof. Dr. \u0130lhan Arsel\u2019in eski gazete ve dergi sayfalar\u0131nda kalan veya kendi ar\u015fivinde bulunup hi\u00e7 yay\u0131mlanmam\u0131\u015f olan makaleleri, Arzu Toker taraf\u0131ndan bu kitapta derlendi.   Arsel kitaptaki makalelerinde g\u00fcncel politika d\u00fczleminde pek \u00e7ok \u00f6nemli soruyu yan\u0131tl\u0131yor, bir anayasa hukuk\u00e7usu g\u00f6z\u00fcyle \u0130slamiyette kad\u0131n\u0131n yerini, din-devlet ili\u015fkisini, demokrasimizin kar\u0131la\u015ft\u0131\u011f\u0131 sorunlar\u0131 irdeliyor. Kitapta yer alan baz\u0131 konu ba\u015fl\u0131klar\u0131 \u015f\u00f6yle:   \u0130ktidar\u0131n cehaleti ve cehaletin iktidar\u0131\u2026 Abd\u00fclhamid hayranlar\u0131\u2026 Osmanl\u0131\u2019ya \u00f6zlem\u2026 Haysiyetli devlet anlay\u0131\u015f\u0131\u2026 \u015eeriat\u00e7\u0131n\u0131n k\u00fcf\u00fcrbazl\u0131\u011f\u0131\u2026 \u015eeriat\u00e7\u0131ya kar\u015f\u0131 sava\u015f\u0131m\u2026 Parlamentonun \u00fcst\u00fcnl\u00fc\u011f\u00fc\u2026 Ba\u015fkanl\u0131k sisteminin \u00fclkemiz a\u00e7\u0131s\u0131ndan sak\u0131ncalar\u0131\u2026   Kitab\u0131n sunu\u015f yaz\u0131s\u0131n\u0131 kaleme alan Muazzez \u0130lmiye \u00c7\u0131\u011f \u015f\u00f6yle diyor:   \u201cDilerim, bizleri ayd\u0131nl\u0131ktan karanl\u0131\u011fa s\u00fcr\u00fcklemeye \u00e7al\u0131\u015fan g\u00fc\u00e7leri a\u00e7\u0131klayan bu kitab\u0131 b\u00fct\u00fcn vatanda\u015flar\u0131m\u0131z okur ve tehlikenin b\u00fcy\u00fc\u011f\u00fcn\u00fc g\u00f6rerek ona g\u00f6re tepkilerini g\u00f6sterir.\u201d   <\/p>\n","protected":false},"excerpt":{"rendered":"<p>Ayd\u0131nlanma sava\u015f\u00e7\u0131s\u0131 Prof. Dr. \u0130lhan Arsel\u2019in eski gazete ve dergi sayfalar\u0131nda kalan veya kendi ar\u015fivinde bulunup hi\u00e7 yay\u0131mlanmam\u0131\u015f olan makaleleri, Arzu Toker taraf\u0131ndan bu kitapta derlendi.<span class=\"excerpt-hellip\"> [\u2026]<\/span><\/p>\n","protected":false},"featured_media":0,"template":"","meta":{"_monsterinsights_skip_tracking":false,"_monsterinsights_sitenote_active":false,"_monsterinsights_sitenote_note":"","_monsterinsights_sitenote_category":0},"product_brand":[],"product_cat":[13590,12337],"product_tag":[],"class_list":{"0":"post-732382","1":"product","2":"type-product","3":"status-publish","5":"product_cat-arastirma-inceleme-politika-siyaset","6":"product_cat-politika-siyaset","7":"pa_cilt-ciltsiz","8":"pa_tur-kitap","9":"pa_yayinevi-kaynak-yayinlari","10":"pa_yazar-ilhan-arsel","12":"first","13":"instock","14":"sale","15":"shipping-taxable","16":"purchasable","17":"product-type-simple"},"_links":{"self":[{"href":"https:\/\/roveyayinevi.com.tr\/index.php\/wp-json\/wp\/v2\/product\/732382","targetHints":{"allow":["GET"]}}],"collection":[{"href":"https:\/\/roveyayinevi.com.tr\/index.php\/wp-json\/wp\/v2\/product"}],"about":[{"href":"https:\/\/roveyayinevi.com.tr\/index.php\/wp-json\/wp\/v2\/types\/product"}],"wp:attachment":[{"href":"https:\/\/roveyayinevi.com.tr\/index.php\/wp-json\/wp\/v2\/media?parent=732382"}],"wp:term":[{"taxonomy":"product_brand","embeddable":true,"href":"https:\/\/roveyayinevi.com.tr\/index.php\/wp-json\/wp\/v2\/product_brand?post=732382"},{"taxonomy":"product_cat","embeddable":true,"href":"https:\/\/roveyayinevi.com.tr\/index.php\/wp-json\/wp\/v2\/product_cat?post=732382"},{"taxonomy":"product_tag","embeddable":true,"href":"https:\/\/roveyayinevi.com.tr\/index.php\/wp-json\/wp\/v2\/product_tag?post=732382"}],"curies":[{"name":"wp","href":"https:\/\/api.w.org\/{rel}","templated":true}]}}