{"id":732379,"date":"2025-08-27T21:49:14","date_gmt":"2025-08-27T18:49:14","guid":{"rendered":"https:\/\/roveyayinevi.com.tr\/index.php\/urun\/kayip-diva-ruchan-camayin-hayat\/"},"modified":"2026-04-16T02:40:18","modified_gmt":"2026-04-15T23:40:18","slug":"kayip-diva-ruchan-camayin-hayat","status":"publish","type":"product","link":"https:\/\/roveyayinevi.com.tr\/index.php\/urun\/kayip-diva-ruchan-camayin-hayat\/","title":{"rendered":"Kay\u0131p Diva &#8211; R\u00fc\u00e7han \u00c7amay\u2019\u0131n Hayat"},"content":{"rendered":"<p>\u201cAnnem, caz \u015fark\u0131c\u0131s\u0131 olarak e\u015fsizdir. Onun caz m\u00fczi\u011fi i\u00e7indeki haline oldum olas\u0131 hayrand\u0131m. Caz\u0131 orijinal cazc\u0131lar gibi aksan\u0131yla, vurgular\u0131yla, ritmiyle, sahnedeki duru\u015funun b\u00fct\u00fcnl\u00fc\u011f\u00fcyle s\u00f6yleyebilmek \u00e7ok zordur. T\u00fcrkiye\u2019de bunu d\u00f6rt d\u00f6rtl\u00fck yapanlardan biriydi annem.\u201dMelike Demira\u011f\u2013K\u0131z\u0131\/Oyuncu\/Ses Sanat\u00e7\u0131s\u0131\u201cB\u00fct\u00fcn\u00fcn hayr\u0131na olaca\u011f\u0131na inand\u0131\u011f\u0131m ve okumak i\u00e7in sab\u0131rs\u0131zland\u0131\u011f\u0131m Kay\u0131p Diva kitab\u0131n\u0131n yolu a\u00e7\u0131k, \u015fans\u0131 bol, okuyan\u0131, payla\u015fan\u0131 \u00e7ok olsun. Deneyimlerini bizimle payla\u015ft\u0131\u011f\u0131 i\u00e7in sevgili R\u00fc\u00e7han \u00c7amay\u2019a binlerce te\u015fekk\u00fcr.\u201dBet\u00fcl Ar\u0131m\u2013Sinema\/Tiyatro Oyuncusu\u201cSayg\u0131lar\u0131mla. \u0130yi ki vard\u0131lar, yoksa biz olmazd\u0131k.\u201dI\u015f\u0131l Y\u00fccesoy\u2013Oyuncu\/Ses Sanat\u00e7\u0131s\u0131\u201cR\u00fc\u00e7han benim i\u00e7in kad\u0131nl\u0131k sembol\u00fcd\u00fcr. Bu kadar di\u015fi, bu kadar s\u0131n\u0131rlar \u00fcst\u00fc bir kad\u0131n olamaz\u2026 Sarah Vaughan gibidir R\u00fc\u00e7han\u2019\u0131n sesi.\u201dCemil \u0130pek-\u00e7i\u2013Moda Tasar\u0131mc\u0131s\u0131\u201cR\u00fc\u00e7han \u00c7amay hem sesi, tekni\u011fi, hem de g\u00fczelli\u011fi ile \u00f6zellikle 50\u2019lilerin ikinci yar\u0131s\u0131nda b\u00fcy\u00fck bir star haline gelmi\u015ftir\u2026\u201dNaim Dilmener\u2013Yazar\/M\u00fczik Ele\u015ftirmeni\u201cR\u00fc\u00e7han Han\u0131m sahnedeki tav\u0131rlar\u0131yla, giyimi ku\u015fam\u0131yla da T\u00fcrkiye\u2019ye gelmi\u015f en zarif ve her \u015feyiyle ola\u011fan\u00fcst\u00fc farkl\u0131 bir insand\u0131. Yeni nesillerin ondan \u00f6\u011frenece\u011fi \u00e7ok \u015fey oldu\u011funa inan\u0131yorum.\u201dSelim \u0130leri-Yazar\u201cR\u00fc\u00e7han \u00c7amay&#8217;a ula\u015fabilmek, y\u0131llarca kutusunda saklad\u0131\u011f\u0131m\u0131z \u00e7ok de\u011ferli bir m\u00fccevheri g\u00fcn \u0131\u015f\u0131\u011f\u0131na \u00e7\u0131karmak gibi bir duyguydu.\u201dH\u00fclya Tun\u00e7a\u011f\u2013M\u00fczik Prod\u00fckt\u00f6r\u00fc<\/p>\n","protected":false},"excerpt":{"rendered":"<p>\u201cAnnem, caz \u015fark\u0131c\u0131s\u0131 olarak e\u015fsizdir. Onun caz m\u00fczi\u011fi i\u00e7indeki haline oldum olas\u0131 hayrand\u0131m. Caz\u0131 orijinal cazc\u0131lar gibi aksan\u0131yla, vurgular\u0131yla, ritmiyle, sahnedeki duru\u015funun b\u00fct\u00fcnl\u00fc\u011f\u00fcyle s\u00f6yleyebilmek \u00e7ok zordur.<span class=\"excerpt-hellip\"> [\u2026]<\/span><\/p>\n","protected":false},"featured_media":0,"template":"","meta":{"_monsterinsights_skip_tracking":false,"_monsterinsights_sitenote_active":false,"_monsterinsights_sitenote_note":"","_monsterinsights_sitenote_category":0},"product_brand":[],"product_cat":[14009,12291],"product_tag":[],"class_list":{"0":"post-732379","1":"product","2":"type-product","3":"status-publish","5":"product_cat-biyografi-otobiyografi-edebiyat","6":"product_cat-edebiyat","7":"pa_cilt-ciltsiz","8":"pa_tur-kitap","9":"pa_yayinevi-kuraldisi-yayinevi","10":"pa_yazar-dilek-yaras","12":"first","13":"instock","14":"sale","15":"shipping-taxable","16":"purchasable","17":"product-type-simple"},"_links":{"self":[{"href":"https:\/\/roveyayinevi.com.tr\/index.php\/wp-json\/wp\/v2\/product\/732379","targetHints":{"allow":["GET"]}}],"collection":[{"href":"https:\/\/roveyayinevi.com.tr\/index.php\/wp-json\/wp\/v2\/product"}],"about":[{"href":"https:\/\/roveyayinevi.com.tr\/index.php\/wp-json\/wp\/v2\/types\/product"}],"wp:attachment":[{"href":"https:\/\/roveyayinevi.com.tr\/index.php\/wp-json\/wp\/v2\/media?parent=732379"}],"wp:term":[{"taxonomy":"product_brand","embeddable":true,"href":"https:\/\/roveyayinevi.com.tr\/index.php\/wp-json\/wp\/v2\/product_brand?post=732379"},{"taxonomy":"product_cat","embeddable":true,"href":"https:\/\/roveyayinevi.com.tr\/index.php\/wp-json\/wp\/v2\/product_cat?post=732379"},{"taxonomy":"product_tag","embeddable":true,"href":"https:\/\/roveyayinevi.com.tr\/index.php\/wp-json\/wp\/v2\/product_tag?post=732379"}],"curies":[{"name":"wp","href":"https:\/\/api.w.org\/{rel}","templated":true}]}}