{"id":732378,"date":"2025-08-27T21:49:13","date_gmt":"2025-08-27T18:49:13","guid":{"rendered":"https:\/\/roveyayinevi.com.tr\/index.php\/urun\/10-gunde-ozguven-on-adimla-depresyondan-kurtulus\/"},"modified":"2026-04-16T02:40:18","modified_gmt":"2026-04-15T23:40:18","slug":"10-gunde-ozguven-on-adimla-depresyondan-kurtulus","status":"publish","type":"product","link":"https:\/\/roveyayinevi.com.tr\/index.php\/urun\/10-gunde-ozguven-on-adimla-depresyondan-kurtulus\/","title":{"rendered":"10 G\u00fcnde \u00d6zg\u00fcven &#8211; On Ad\u0131mla Depresyondan Kurtulu\u015f"},"content":{"rendered":"<p>Her g\u00fcne korkarak m\u0131 ba\u015fl\u0131yorsunuz?Ba\u015faracaklar\u0131n\u0131z konusunda cesaretinizin k\u0131r\u0131ld\u0131\u011f\u0131n\u0131 m\u0131 hissediyorsunuz?G\u00fcnl\u00fck ya\u015fam\u0131n\u0131zda daha fazla \u00f6zg\u00fcvenli, \u00fcretken ve ne\u015feli mi olmak istiyorsunuz?E\u011fer \u00f6yleyse, bu kitap tam size g\u00f6re! Dr. David Burns ruh halinizdeki d\u00fc\u015f\u00fc\u015f\u00fcn nedenlerini belirlemenize ve hayata kar\u015f\u0131 daha olumlu bir bak\u0131\u015f a\u00e7\u0131s\u0131 geli\u015ftirmenize yard\u0131mc\u0131 olacak yenilik\u00e7i ve uygulamas\u0131 kolay y\u00f6ntemleri 10 ayr\u0131 ad\u0131mda sunuyor.D\u00fc\u015f\u00fcnd\u00fc\u011f\u00fcn\u00fcz gibi hissediyorsunuz: Su\u00e7luluk, \u00fcz\u00fcnt\u00fc ve \u00f6fke gibi olumsuz duygular ba\u015f\u0131n\u0131za gelen k\u00f6t\u00fc olaylardan de\u011fil, bu olaylarla ilgili sizin d\u00fc\u015f\u00fcncelerinizden kaynaklan\u0131r. Bu basit ama devrim niteli\u011findeki fikir hayat\u0131n\u0131z\u0131 de\u011fi\u015ftirebilir!Nas\u0131l hissetti\u011finizi de\u011fi\u015ftirmek sizin elinizde: Bu kitapla birlikte neden depresyonda oldu\u011funuzu ke\u015ffedecek ve nas\u0131l ba\u015fa \u00e7\u0131kaca\u011f\u0131n\u0131z\u0131 \u00f6\u011freneceksiniz.Daha fazla \u00f6zg\u00fcvenli, \u00fcretken ve ne\u015feli olman\u0131n tad\u0131n\u0131 \u00e7\u0131karabilirsiniz!<\/p>\n","protected":false},"excerpt":{"rendered":"<p>Her g\u00fcne korkarak m\u0131 ba\u015fl\u0131yorsunuz?Ba\u015faracaklar\u0131n\u0131z konusunda cesaretinizin k\u0131r\u0131ld\u0131\u011f\u0131n\u0131 m\u0131 hissediyorsunuz?G\u00fcnl\u00fck ya\u015fam\u0131n\u0131zda daha fazla \u00f6zg\u00fcvenli, \u00fcretken ve ne\u015feli mi olmak istiyorsunuz?E\u011fer \u00f6yleyse, bu kitap tam size g\u00f6re!<span class=\"excerpt-hellip\"> [\u2026]<\/span><\/p>\n","protected":false},"featured_media":0,"template":"","meta":{"_monsterinsights_skip_tracking":false,"_monsterinsights_sitenote_active":false,"_monsterinsights_sitenote_note":"","_monsterinsights_sitenote_category":0},"product_brand":[],"product_cat":[12364,12376],"product_tag":[],"class_list":{"0":"post-732378","1":"product","2":"type-product","3":"status-publish","5":"product_cat-genel-konular","6":"product_cat-kisisel-gelisim","7":"pa_cilt-ciltsiz","8":"pa_tur-kitap","9":"pa_yayinevi-psikonet-yayinlari","10":"pa_yazar-david-d-burns","12":"first","13":"instock","14":"sale","15":"shipping-taxable","16":"purchasable","17":"product-type-simple"},"_links":{"self":[{"href":"https:\/\/roveyayinevi.com.tr\/index.php\/wp-json\/wp\/v2\/product\/732378","targetHints":{"allow":["GET"]}}],"collection":[{"href":"https:\/\/roveyayinevi.com.tr\/index.php\/wp-json\/wp\/v2\/product"}],"about":[{"href":"https:\/\/roveyayinevi.com.tr\/index.php\/wp-json\/wp\/v2\/types\/product"}],"wp:attachment":[{"href":"https:\/\/roveyayinevi.com.tr\/index.php\/wp-json\/wp\/v2\/media?parent=732378"}],"wp:term":[{"taxonomy":"product_brand","embeddable":true,"href":"https:\/\/roveyayinevi.com.tr\/index.php\/wp-json\/wp\/v2\/product_brand?post=732378"},{"taxonomy":"product_cat","embeddable":true,"href":"https:\/\/roveyayinevi.com.tr\/index.php\/wp-json\/wp\/v2\/product_cat?post=732378"},{"taxonomy":"product_tag","embeddable":true,"href":"https:\/\/roveyayinevi.com.tr\/index.php\/wp-json\/wp\/v2\/product_tag?post=732378"}],"curies":[{"name":"wp","href":"https:\/\/api.w.org\/{rel}","templated":true}]}}