{"id":732377,"date":"2025-08-27T21:49:12","date_gmt":"2025-08-27T18:49:12","guid":{"rendered":"https:\/\/roveyayinevi.com.tr\/index.php\/urun\/bahcelerinde-yaz\/"},"modified":"2026-04-16T02:40:18","modified_gmt":"2026-04-15T23:40:18","slug":"bahcelerinde-yaz","status":"publish","type":"product","link":"https:\/\/roveyayinevi.com.tr\/index.php\/urun\/bahcelerinde-yaz\/","title":{"rendered":"Bah\u00e7elerinde Yaz"},"content":{"rendered":"<p>Bah\u00e7elerinde Yaz, F\u00fcruzan kitaplar\u0131n\u0131n tek tek incelendi\u011fi yaz\u0131lardan olu\u015fuyor. Hilmi Tezg\u00f6r ile Aslan Erdem\u2019in haz\u0131rlad\u0131\u011f\u0131 kitapta F\u00fcruzan\u2019\u0131n elli y\u0131ll\u0131k yazarl\u0131k verimi on \u00fc\u00e7 yaz\u0131 ve iki s\u00f6yle\u015fiyle ele al\u0131n\u0131yor.\u201cGenellikle \u00f6yk\u00fc karakterleri fazla an\u0131msanmad\u0131\u011f\u0131 gibi edebiyat tarihinde tipler aras\u0131nda ya an\u0131l\u0131r ya an\u0131lmaz.F\u00fcruzan\u2019\u0131n tipleri birer roman kahraman\u0131 d\u00fczeyine y\u00fckselmi\u015ftir ve hi\u00e7bir zaman ak\u0131ldan \u00e7\u0131kmaz.\u201dDo\u011fan H\u0131zlanUmut T\u00fcmay Arslan K\u0131r\u0131k Aynalar, Ses ve \u00d6fke  Burcu \u015eahin Unutulmayan ve Uydurulamayan Bir Koku  Erol K\u00f6ro\u011flu K\u0131rk Yedi\u2019liler\u2019de Anlam\u0131n Kurulu\u015fu: Anlat\u0131 ve Anlat\u0131lan \u00dczerine B\u00fct\u00fcnc\u00fcl Bir Okuma Denemesi  Deniz G\u00fcndo\u011fan \u0130bri\u015fim Eril Bilginin \u00d6tesinde: G\u00fcl Mevsimidir\u2019de Duygu, Duygulan\u0131m ve Direnen Ki\u015fisel Tarih Aslan Erdem\u2018S\u00fcrg\u00fcn\u2019\u00fcn Y\u00fck\u00fc: Takma Di\u015fler, Yak\u0131n G\u00f6zl\u00fc\u011f\u00fc, Baston Ay\u015fe G\u00f6rkem Kozano\u011flu Sevda Dolu Bir Yaz: Bir Hayatta Kalma Bi\u00e7imi Olarak \u201cAnlatmak\u201d  Nazan Maksudyan K\u00fc\u00e7\u00fck Umutlar, Ser\u00e7eler ve \u00c7ocuklar Zeynep T\u00fcfek\u00e7io\u011flu Ev Da\u011f\u0131ld\u0131\u011f\u0131yla m\u0131 Kalacak: Korona G\u00fcnlerinde Berlin\u2019in Nar \u00c7i\u00e7e\u011fi\u2019ni Yeniden Okumak Aslan Erdem Bu\u011fulu Cam\u0131n Ard\u0131nda Hilmi Tezg\u00f6r F\u00fcruzan\u2019\u0131n \u00d6yk\u00fclerinde De\u011fi\u015fen Evler, De\u011fi\u015fen Hayatlar  Funda Durmu\u015f \u201cSenin \u015eark\u0131n\u0131 Ben Derim\u201d Haydar Erg\u00fclen F\u00fcruzan\u2019\u0131n \u015eiirler Kenti  \u015eehnaz \u015ei\u015fmano\u011flu \u015eim\u015fek F\u00fcruzan\u2019dan Bir Rumeli Nostaljisi: Pax Ottomana Aslan Erdem &#8211; Hilmi Tezg\u00f6r F\u00fcruzan\u2019la s\u00f6yle\u015fi Patrice R\u00f6tig Paras\u0131z Yat\u0131l\u0131 Hakk\u0131nda F\u00fcruzan\u2019a Yedi Soru<\/p>\n","protected":false},"excerpt":{"rendered":"<p>Bah\u00e7elerinde Yaz, F\u00fcruzan kitaplar\u0131n\u0131n tek tek incelendi\u011fi yaz\u0131lardan olu\u015fuyor. Hilmi Tezg\u00f6r ile Aslan Erdem\u2019in haz\u0131rlad\u0131\u011f\u0131 kitapta F\u00fcruzan\u2019\u0131n elli y\u0131ll\u0131k yazarl\u0131k verimi on \u00fc\u00e7 yaz\u0131 ve iki<span class=\"excerpt-hellip\"> [\u2026]<\/span><\/p>\n","protected":false},"featured_media":0,"template":"","meta":{"_monsterinsights_skip_tracking":false,"_monsterinsights_sitenote_active":false,"_monsterinsights_sitenote_note":"","_monsterinsights_sitenote_category":0},"product_brand":[],"product_cat":[12291,30969],"product_tag":[],"class_list":{"0":"post-732377","1":"product","2":"type-product","3":"status-publish","5":"product_cat-edebiyat","6":"product_cat-soylesi-edebiyat","7":"pa_cilt-ciltsiz","8":"pa_tur-kitap","9":"pa_yayinevi-yapi-kredi-yayinlari","10":"pa_yazar-hilmi-tezgor-aslan-erdem","12":"first","13":"instock","14":"sale","15":"shipping-taxable","16":"purchasable","17":"product-type-simple"},"_links":{"self":[{"href":"https:\/\/roveyayinevi.com.tr\/index.php\/wp-json\/wp\/v2\/product\/732377","targetHints":{"allow":["GET"]}}],"collection":[{"href":"https:\/\/roveyayinevi.com.tr\/index.php\/wp-json\/wp\/v2\/product"}],"about":[{"href":"https:\/\/roveyayinevi.com.tr\/index.php\/wp-json\/wp\/v2\/types\/product"}],"wp:attachment":[{"href":"https:\/\/roveyayinevi.com.tr\/index.php\/wp-json\/wp\/v2\/media?parent=732377"}],"wp:term":[{"taxonomy":"product_brand","embeddable":true,"href":"https:\/\/roveyayinevi.com.tr\/index.php\/wp-json\/wp\/v2\/product_brand?post=732377"},{"taxonomy":"product_cat","embeddable":true,"href":"https:\/\/roveyayinevi.com.tr\/index.php\/wp-json\/wp\/v2\/product_cat?post=732377"},{"taxonomy":"product_tag","embeddable":true,"href":"https:\/\/roveyayinevi.com.tr\/index.php\/wp-json\/wp\/v2\/product_tag?post=732377"}],"curies":[{"name":"wp","href":"https:\/\/api.w.org\/{rel}","templated":true}]}}