{"id":732373,"date":"2025-08-27T21:49:08","date_gmt":"2025-08-27T18:49:08","guid":{"rendered":"https:\/\/roveyayinevi.com.tr\/index.php\/urun\/kayginin-karsi-yakasi\/"},"modified":"2026-04-16T02:40:18","modified_gmt":"2026-04-15T23:40:18","slug":"kayginin-karsi-yakasi","status":"publish","type":"product","link":"https:\/\/roveyayinevi.com.tr\/index.php\/urun\/kayginin-karsi-yakasi\/","title":{"rendered":"Kayg\u0131n\u0131n Kar\u015f\u0131 Yakas\u0131"},"content":{"rendered":"<p>\u0130ster yata\u011f\u0131n alt\u0131ndaki canavarlardan ister de yeni bir sosyal \u00e7evre, okul veya spor tak\u0131m\u0131ndan kaynaklans\u0131n, kayg\u0131 \u00e7ocuklar i\u00e7in son derece zorlay\u0131c\u0131, y\u0131prat\u0131c\u0131, hatta engelleyici olabilir. Kayg\u0131 \u00e7o\u011funlukla kendine \u00f6zg\u00fc \u015fekilde i\u015fledi\u011fi i\u00e7in sa\u011fduyu ve mant\u0131k ona etki etmez, bu da ebeveynleri nas\u0131l bir destek sunacaklar\u0131n\u0131 bilemez durumda b\u0131rak\u0131r. Oyuncu Ebeveynlik yazar\u0131 Dr. Lawrence J. Cohen, Kayg\u0131n\u0131n Kar\u015f\u0131 Yakas\u0131\u2019nda \u00e7ocuk kayg\u0131lar\u0131yla m\u00fccadelede oyun, hareket, e\u011flence ve empatinin \u00f6nemini vurguluyor, bunlar \u00fczerinden \u00e7ocuklarla ba\u011flant\u0131 kurmaya y\u00f6nelen \u00f6zel y\u00f6ntem ve ara\u00e7lar\u0131 a\u00e7\u0131kl\u0131yor.   Bu kitapta ebeveyn kayg\u0131lar\u0131n\u0131 ve onlarla m\u00fccadele i\u00e7in yeti\u015fkinlere \u00f6nerilen teknikleri de bulacaks\u0131n\u0131z. Kitab\u0131n sundu\u011fu kavray\u0131\u015fla, ayr\u0131ca uygulamas\u0131 kolay strateji ve \u00e7\u00f6z\u00fcmlerle, \u00e7ocu\u011funuzla birlikte art\u0131k kayg\u0131n\u0131n kar\u015f\u0131 yakas\u0131na uzanabilir, oradaki ba\u011flant\u0131, g\u00fcven ve ne\u015fenin tad\u0131n\u0131 \u00e7\u0131karabilirsiniz.   * * *   \u201cKayg\u0131n\u0131n Kar\u015f\u0131 Yakas\u0131 \u00e7ocuklar\u0131n daha \u00e7ok g\u00fcven ve g\u00fcvence hissetmesine yard\u0131mc\u0131 olacak de\u011ferli bir fikirler hazinesi. Lawrence Cohen, \u00e7ocu\u011fu kayg\u0131l\u0131 olan her ebeveyne yard\u0131mc\u0131 bir kitap yazm\u0131\u015f. \u00c7ocuklarda kayg\u0131n\u0131n belirti ve nedenlerini a\u00e7\u0131klamakla kalm\u0131yor, sevecen ve oyuncu bir ebeveyn-\u00e7ocuk ili\u015fkisinde \u00e7ocuklar\u0131n en kuvvetli korkular\u0131n\u0131 dahi nas\u0131l yenebilece\u011finizi anlat\u0131yor.\u201d   \u2014Dr. Aletha Solter, Bilin\u00e7li Bebek ve Oyun Oynama Sanat\u0131 yazar\u0131, Bilin\u00e7li Ebeveynlik Enstit\u00fcs\u00fc kurucusu   \u201cE\u011fer \u00e7ocu\u011funuzun kayg\u0131lar\u0131n\u0131\u2014ve kendi ebeveyn tasalar\u0131n\u0131z\u0131\u2014anlayabilmek istiyorsan\u0131z Larry Cohen\u2019in muhte\u015fem kitab\u0131 Kayg\u0131n\u0131n Kar\u015f\u0131 Yakas\u0131\u2019n\u0131 okumal\u0131s\u0131n\u0131z. Dr. Cohen \u00f6mr\u00fcn\u00fczde kar\u015f\u0131la\u015faca\u011f\u0131n\u0131z en ince d\u00fc\u015f\u00fcnceli ve yarat\u0131c\u0131 psikologlardan biri. \u00c7ocuklar\u0131n neden ve nas\u0131l kayg\u0131l\u0131 hale geldi\u011fini a\u00e7\u0131kl\u0131yor, ard\u0131ndan da \u00e7ocuklu\u011fun \u00fcrk\u00fct\u00fcc\u00fc karanl\u0131k k\u00f6\u015felerine \u00e7ekilmelerini \u00f6nlemek i\u00e7in empati ve oyunu nas\u0131l kullanabilece\u011fimizi anlat\u0131yor.\u201d   \u2014Dr. Michael Thompson, K\u00e2bil\u2019i Yeti\u015ftirmek ve S\u0131k\u0131 Dostlar, Amans\u0131z D\u00fc\u015fmanlar yazar\u0131   \u201c\u0130\u015fte \u00e7ocu\u011fu kayg\u0131l\u0131 olan anne babalar\u0131n aray\u0131p da bulamad\u0131\u011f\u0131 yard\u0131m! Dr. Cohen\u2019in zek\u00e2s\u0131n\u0131, ebeveynler i\u00e7in geli\u015ftirdi\u011fi samimi ve y\u00fcce g\u00f6n\u00fcll\u00fc stratejilerde g\u00f6rebilirsiniz. Cohen, oyuncu yakla\u015f\u0131m\u0131n\u0131 \u00e7ocu\u011fun kayg\u0131dan nas\u0131l etkilendi\u011fi ve nas\u0131l iyile\u015febilece\u011fi \u00fczerine kuruyor. Ebeveynler bu kitab\u0131n i\u00e7inde \u00e7ocuklar\u0131n \u00f6zg\u00fcvenini geli\u015ftirecek pek \u00e7ok fikir bulacak. Baz\u0131 yerlerde \u2018Bunu kendimde denemeliyim!\u2019 bile dedim.\u201d \u2014Patty Wipfler, El Ele Ebeveynlik Program\u0131 kurucusu ve y\u00f6neticisi <\/p>\n","protected":false},"excerpt":{"rendered":"<p>\u0130ster yata\u011f\u0131n alt\u0131ndaki canavarlardan ister de yeni bir sosyal \u00e7evre, okul veya spor tak\u0131m\u0131ndan kaynaklans\u0131n, kayg\u0131 \u00e7ocuklar i\u00e7in son derece zorlay\u0131c\u0131, y\u0131prat\u0131c\u0131, hatta engelleyici olabilir. Kayg\u0131<span class=\"excerpt-hellip\"> [\u2026]<\/span><\/p>\n","protected":false},"featured_media":0,"template":"","meta":{"_monsterinsights_skip_tracking":false,"_monsterinsights_sitenote_active":false,"_monsterinsights_sitenote_note":"","_monsterinsights_sitenote_category":0},"product_brand":[],"product_cat":[17996,12364],"product_tag":[],"class_list":{"0":"post-732373","1":"product","2":"type-product","3":"status-publish","5":"product_cat-ebeveyn-kitaplari","6":"product_cat-genel-konular","7":"pa_cilt-ciltsiz","8":"pa_tur-kitap","9":"pa_yayinevi-gorunmez-adam-yayincilik","10":"pa_yazar-lawrence-j-cohen","12":"first","13":"instock","14":"sale","15":"shipping-taxable","16":"purchasable","17":"product-type-simple"},"_links":{"self":[{"href":"https:\/\/roveyayinevi.com.tr\/index.php\/wp-json\/wp\/v2\/product\/732373","targetHints":{"allow":["GET"]}}],"collection":[{"href":"https:\/\/roveyayinevi.com.tr\/index.php\/wp-json\/wp\/v2\/product"}],"about":[{"href":"https:\/\/roveyayinevi.com.tr\/index.php\/wp-json\/wp\/v2\/types\/product"}],"wp:attachment":[{"href":"https:\/\/roveyayinevi.com.tr\/index.php\/wp-json\/wp\/v2\/media?parent=732373"}],"wp:term":[{"taxonomy":"product_brand","embeddable":true,"href":"https:\/\/roveyayinevi.com.tr\/index.php\/wp-json\/wp\/v2\/product_brand?post=732373"},{"taxonomy":"product_cat","embeddable":true,"href":"https:\/\/roveyayinevi.com.tr\/index.php\/wp-json\/wp\/v2\/product_cat?post=732373"},{"taxonomy":"product_tag","embeddable":true,"href":"https:\/\/roveyayinevi.com.tr\/index.php\/wp-json\/wp\/v2\/product_tag?post=732373"}],"curies":[{"name":"wp","href":"https:\/\/api.w.org\/{rel}","templated":true}]}}