{"id":732371,"date":"2025-08-27T21:49:06","date_gmt":"2025-08-27T18:49:06","guid":{"rendered":"https:\/\/roveyayinevi.com.tr\/index.php\/urun\/umut-hep-var-2\/"},"modified":"2026-04-16T02:40:18","modified_gmt":"2026-04-15T23:40:18","slug":"umut-hep-var-2","status":"publish","type":"product","link":"https:\/\/roveyayinevi.com.tr\/index.php\/urun\/umut-hep-var-2\/","title":{"rendered":"Umut Hep Var"},"content":{"rendered":"<p>Umut, yendig\u0306in ac\u0131lard\u0131r, unuttug\u0306un ag\u0306r\u0131lar\u0131nd\u0131r.     Umut, ba\u015fka bir yol bulmakt\u0131r. Yenilemektir kendini, kendini yeniden tan\u0131makt\u0131r. Kalbinin \u201cs\u0131zlamad\u0131g\u0306\u0131\u201d yerde bar\u0131nmakt\u0131r. Mutlu fotog\u0306raflar\u0131n ic\u0327ine dalmakt\u0131r. Mu\u0308zig\u0306i deg\u0306is\u0327tirmektir umut. Seni gu\u0308lu\u0308mseten s\u0327ark\u0131y\u0131 kes\u0327fetmektir. Bas\u0327ka kitaplar\u0131 okumaya zaman ay\u0131rmakt\u0131r. Kayboldug\u0306un sayfalarda, alt\u0131n\u0131 c\u0327izdig\u0306in so\u0308zler olmakt\u0131r.   Umut, aynaya bakt\u0131g\u0306\u0131nda kendini sevmeyi o\u0308g\u0306renmektir. En bu\u0308yu\u0308k servetin kendini biriktirmek oldug\u0306unu kavramakt\u0131r. Dizindeki yaralara bak\u0131p nas\u0131l gec\u0327tig\u0306ini hat\u0131rlamakt\u0131r.   Umut, yendig\u0306in ac\u0131lard\u0131r, unuttug\u0306un ag\u0306r\u0131lar\u0131nd\u0131r.   Umut, her gece go\u0308zlerini kapat\u0131p sabah hic\u0327bir s\u0327ey olmam\u0131s\u0327 gibi yine ac\u0327makt\u0131r. Umut, her defas\u0131nda yeni bir gu\u0308n, her defas\u0131nda yenidendir, yenilenendir.   Umut hep vard\u0131r ve bizimledir. <\/p>\n","protected":false},"excerpt":{"rendered":"<p>Umut, yendig\u0306in ac\u0131lard\u0131r, unuttug\u0306un ag\u0306r\u0131lar\u0131nd\u0131r. Umut, ba\u015fka bir yol bulmakt\u0131r. Yenilemektir kendini, kendini yeniden tan\u0131makt\u0131r. Kalbinin \u201cs\u0131zlamad\u0131g\u0306\u0131\u201d yerde bar\u0131nmakt\u0131r. Mutlu fotog\u0306raflar\u0131n ic\u0327ine dalmakt\u0131r. Mu\u0308zig\u0306i deg\u0306is\u0327tirmektir umut.<span class=\"excerpt-hellip\"> [\u2026]<\/span><\/p>\n","protected":false},"featured_media":0,"template":"","meta":{"_monsterinsights_skip_tracking":false,"_monsterinsights_sitenote_active":false,"_monsterinsights_sitenote_note":"","_monsterinsights_sitenote_category":0},"product_brand":[],"product_cat":[12777,12291],"product_tag":[],"class_list":{"0":"post-732371","1":"product","2":"type-product","3":"status-publish","5":"product_cat-deneme","6":"product_cat-edebiyat","7":"pa_cilt-ciltsiz","8":"pa_tur-kitap","9":"pa_yayinevi-hayykitap","10":"pa_yazar-umut-guner","12":"first","13":"instock","14":"sale","15":"shipping-taxable","16":"purchasable","17":"product-type-simple"},"_links":{"self":[{"href":"https:\/\/roveyayinevi.com.tr\/index.php\/wp-json\/wp\/v2\/product\/732371","targetHints":{"allow":["GET"]}}],"collection":[{"href":"https:\/\/roveyayinevi.com.tr\/index.php\/wp-json\/wp\/v2\/product"}],"about":[{"href":"https:\/\/roveyayinevi.com.tr\/index.php\/wp-json\/wp\/v2\/types\/product"}],"wp:attachment":[{"href":"https:\/\/roveyayinevi.com.tr\/index.php\/wp-json\/wp\/v2\/media?parent=732371"}],"wp:term":[{"taxonomy":"product_brand","embeddable":true,"href":"https:\/\/roveyayinevi.com.tr\/index.php\/wp-json\/wp\/v2\/product_brand?post=732371"},{"taxonomy":"product_cat","embeddable":true,"href":"https:\/\/roveyayinevi.com.tr\/index.php\/wp-json\/wp\/v2\/product_cat?post=732371"},{"taxonomy":"product_tag","embeddable":true,"href":"https:\/\/roveyayinevi.com.tr\/index.php\/wp-json\/wp\/v2\/product_tag?post=732371"}],"curies":[{"name":"wp","href":"https:\/\/api.w.org\/{rel}","templated":true}]}}