{"id":732370,"date":"2025-08-27T21:49:05","date_gmt":"2025-08-27T18:49:05","guid":{"rendered":"https:\/\/roveyayinevi.com.tr\/index.php\/urun\/citlembik-sokagi\/"},"modified":"2026-04-16T02:40:18","modified_gmt":"2026-04-15T23:40:18","slug":"citlembik-sokagi","status":"publish","type":"product","link":"https:\/\/roveyayinevi.com.tr\/index.php\/urun\/citlembik-sokagi\/","title":{"rendered":"\u00c7itlembik Soka\u011f\u0131"},"content":{"rendered":"<p>Pek az kad\u0131na nasip olur kendine kitaplar dolusu \u015fiir yaz\u0131lmas\u0131 ve \u00e7ok az erkek a\u015fk yolunda kaybolup giderken \u015fiirlerle bulur kendini. \u015eair, kitaplar\u0131nda yerde, g\u00f6kte, gecede g\u00fcnd\u00fczde, uzakta, yak\u0131nda ve \u00c7itlembik Soka\u011f\u0131&#8217;nda arar a\u015fk\u0131n\u0131. Onsuz hi\u00e7 oldu\u011funu itiraf ederse de bulabilir mi sevgiliyi bilinmez. Belki bulur kitab\u0131n\u0131n sayfalar\u0131nda belki \u00c7itlembik Soka\u011f\u0131&#8217;nda&#8230;<\/p>\n","protected":false},"excerpt":{"rendered":"<p>Pek az kad\u0131na nasip olur kendine kitaplar dolusu \u015fiir yaz\u0131lmas\u0131 ve \u00e7ok az erkek a\u015fk yolunda kaybolup giderken \u015fiirlerle bulur kendini. \u015eair, kitaplar\u0131nda yerde, g\u00f6kte, gecede<span class=\"excerpt-hellip\"> [\u2026]<\/span><\/p>\n","protected":false},"featured_media":0,"template":"","meta":{"_monsterinsights_skip_tracking":false,"_monsterinsights_sitenote_active":false,"_monsterinsights_sitenote_note":"","_monsterinsights_sitenote_category":0},"product_brand":[],"product_cat":[12291,12509],"product_tag":[],"class_list":{"0":"post-732370","1":"product","2":"type-product","3":"status-publish","5":"product_cat-edebiyat","6":"product_cat-siir","7":"pa_cilt-ciltsiz","8":"pa_tur-kitap","9":"pa_yayinevi-fa-yayinlari","10":"pa_yazar-bunyamin-bulanik","12":"first","13":"instock","14":"sale","15":"shipping-taxable","16":"purchasable","17":"product-type-simple"},"_links":{"self":[{"href":"https:\/\/roveyayinevi.com.tr\/index.php\/wp-json\/wp\/v2\/product\/732370","targetHints":{"allow":["GET"]}}],"collection":[{"href":"https:\/\/roveyayinevi.com.tr\/index.php\/wp-json\/wp\/v2\/product"}],"about":[{"href":"https:\/\/roveyayinevi.com.tr\/index.php\/wp-json\/wp\/v2\/types\/product"}],"wp:attachment":[{"href":"https:\/\/roveyayinevi.com.tr\/index.php\/wp-json\/wp\/v2\/media?parent=732370"}],"wp:term":[{"taxonomy":"product_brand","embeddable":true,"href":"https:\/\/roveyayinevi.com.tr\/index.php\/wp-json\/wp\/v2\/product_brand?post=732370"},{"taxonomy":"product_cat","embeddable":true,"href":"https:\/\/roveyayinevi.com.tr\/index.php\/wp-json\/wp\/v2\/product_cat?post=732370"},{"taxonomy":"product_tag","embeddable":true,"href":"https:\/\/roveyayinevi.com.tr\/index.php\/wp-json\/wp\/v2\/product_tag?post=732370"}],"curies":[{"name":"wp","href":"https:\/\/api.w.org\/{rel}","templated":true}]}}