{"id":732368,"date":"2025-08-27T21:49:03","date_gmt":"2025-08-27T18:49:03","guid":{"rendered":"https:\/\/roveyayinevi.com.tr\/index.php\/urun\/1984-16\/"},"modified":"2026-04-16T02:40:18","modified_gmt":"2026-04-15T23:40:18","slug":"1984-16","status":"publish","type":"product","link":"https:\/\/roveyayinevi.com.tr\/index.php\/urun\/1984-16\/","title":{"rendered":"1984"},"content":{"rendered":"<p>Nefret, korku,sava\u015f ve yalanlar \u00fczerinde kurulu totaliter bir d\u00fczen\u2026 G\u00fcc\u00fcn\u00fc bitmek bilmeyen sava\u015flardan alan bir diktat\u00f6r; B\u00fcy\u00fck Birader\u2026 Sevmek su\u00e7, a\u015f\u0131k olmak su\u00e7, sorgulamak su\u00e7, d\u00fc\u015f\u00fcnmek su\u00e7\u2026 George Orwell\u2019in usta kaleminden \u00e7\u0131kan ve distopik yaz\u0131n t\u00fcr\u00fcn\u00fcn ba\u015fyap\u0131tlar\u0131ndan olan Bin Dokuz Y\u00fcz Seksen D\u00f6rt, bizlere ge\u00e7mi\u015fin s\u00fcrekli de\u011fi\u015ftirildi\u011fi, \u015fimdinin s\u00fcrekli izlendi\u011fi, gelece\u011fin bilgisizlik duvarlar\u0131 aras\u0131na hapsedildi\u011fi, D\u00fc\u015f\u00fcnce Polisinin her yerde kol gezdi\u011fi, yalan\u0131n ger\u00e7ek, ger\u00e7e\u011fin yalan oldu\u011fu, iki kere ikinin be\u015f etti\u011fi bir d\u00fcnya sunmaktad\u0131r. Bir Okyanusya yurtta\u015f\u0131 olan Winston Smith\u2019in g\u00f6z\u00fcnden anlat\u0131lan bu gri d\u00fcnya, kurguland\u0131\u011f\u0131 d\u00f6nemin yan\u0131 s\u0131ra, g\u00fcn\u00fcm\u00fcz d\u00fcnyas\u0131n\u0131 da ilgilendiren evrensel ger\u00e7ekleri g\u00f6zler \u00f6n\u00fcne sermekte ve okuyucuya \u00f6zg\u00fcrl\u00fck, e\u015fitlik gibi kavramlar\u0131 sorgulatmaktad\u0131r<\/p>\n","protected":false},"excerpt":{"rendered":"<p>Nefret, korku,sava\u015f ve yalanlar \u00fczerinde kurulu totaliter bir d\u00fczen\u2026 G\u00fcc\u00fcn\u00fc bitmek bilmeyen sava\u015flardan alan bir diktat\u00f6r; B\u00fcy\u00fck Birader\u2026 Sevmek su\u00e7, a\u015f\u0131k olmak su\u00e7, sorgulamak su\u00e7, d\u00fc\u015f\u00fcnmek<span class=\"excerpt-hellip\"> [\u2026]<\/span><\/p>\n","protected":false},"featured_media":0,"template":"","meta":{"_monsterinsights_skip_tracking":false,"_monsterinsights_sitenote_active":false,"_monsterinsights_sitenote_note":"","_monsterinsights_sitenote_category":0},"product_brand":[],"product_cat":[12291,12711],"product_tag":[],"class_list":{"0":"post-732368","1":"product","2":"type-product","3":"status-publish","5":"product_cat-edebiyat","6":"product_cat-roman-oyku","7":"pa_cilt-ciltsiz","8":"pa_tur-kitap","9":"pa_yayinevi-fark-yayinlari","10":"pa_yazar-george-orwell","12":"first","13":"instock","14":"sale","15":"shipping-taxable","16":"purchasable","17":"product-type-simple"},"_links":{"self":[{"href":"https:\/\/roveyayinevi.com.tr\/index.php\/wp-json\/wp\/v2\/product\/732368","targetHints":{"allow":["GET"]}}],"collection":[{"href":"https:\/\/roveyayinevi.com.tr\/index.php\/wp-json\/wp\/v2\/product"}],"about":[{"href":"https:\/\/roveyayinevi.com.tr\/index.php\/wp-json\/wp\/v2\/types\/product"}],"wp:attachment":[{"href":"https:\/\/roveyayinevi.com.tr\/index.php\/wp-json\/wp\/v2\/media?parent=732368"}],"wp:term":[{"taxonomy":"product_brand","embeddable":true,"href":"https:\/\/roveyayinevi.com.tr\/index.php\/wp-json\/wp\/v2\/product_brand?post=732368"},{"taxonomy":"product_cat","embeddable":true,"href":"https:\/\/roveyayinevi.com.tr\/index.php\/wp-json\/wp\/v2\/product_cat?post=732368"},{"taxonomy":"product_tag","embeddable":true,"href":"https:\/\/roveyayinevi.com.tr\/index.php\/wp-json\/wp\/v2\/product_tag?post=732368"}],"curies":[{"name":"wp","href":"https:\/\/api.w.org\/{rel}","templated":true}]}}