{"id":732367,"date":"2025-08-27T21:49:02","date_gmt":"2025-08-27T18:49:02","guid":{"rendered":"https:\/\/roveyayinevi.com.tr\/index.php\/urun\/ahtamar-kilisesi\/"},"modified":"2026-02-03T02:56:44","modified_gmt":"2026-02-02T23:56:44","slug":"ahtamar-kilisesi","status":"publish","type":"product","link":"https:\/\/roveyayinevi.com.tr\/index.php\/urun\/ahtamar-kilisesi\/","title":{"rendered":"Ahtamar Kilisesi"},"content":{"rendered":"<p>Van G\u00f6l\u00fc\u2019ndeki k\u00fc\u00e7\u00fck bir adada, \u00e7ok uzaktan bile g\u00f6r\u00fclebilen bir konumda y\u00fckselen Ahtamar Kilisesi, d\u0131\u015f cephesini \u015feritler halinde saran kabartmalar\u0131yla, Do\u011fu-H\u0131ristiyan mimari sanat\u0131n\u0131n e\u015fsiz bir \u00f6rne\u011fidir. \u00c7o\u011fu yass\u0131 olan bu kabartmalar, puslu havalarda ya da g\u00f6lgede duvar\u0131n i\u00e7inde belirsizle\u015firken, g\u00fcn \u0131\u015f\u0131\u011f\u0131nda canlan\u0131r; b\u00f6ylece kilise g\u00fcne\u015fle birlikte adeta \u201chayat bulur\u201d.Bug\u00fcne dek Ahtamar \u00fczerine yap\u0131lan ara\u015ft\u0131rmalarda, kilisenin mimarisi ve s\u00fcslemeleri birbirinden ayr\u0131 ele al\u0131nm\u0131\u015ft\u0131. Ne var ki, Ahtamar\u2019da mimari ile d\u0131\u015f donan\u0131m ayr\u0131lmaz bir b\u00fct\u00fcnd\u00fcr, kiliseyi \u201c\u0131\u015f\u0131ldayan\u201d bir yap\u0131 haline getiren de bu b\u00fct\u00fcnl\u00fckt\u00fcr. Dolay\u0131s\u0131yla, kilisenin bir b\u00fct\u00fcnc\u00fcl sanat yap\u0131t\u0131 olarak de\u011ferlendirilmesi gerekir. Ahtamar\u2019\u0131n sanat tarihi a\u00e7\u0131s\u0131ndan \u00f6nemi ancak b\u00f6yle bir bak\u0131\u015fla a\u00e7\u0131\u011fa \u00e7\u0131kar.Ahtamar Kilisesi, daha \u00f6nce ba\u015fka \u00f6rnekleri g\u00f6r\u00fclm\u00fc\u015f bir yap\u0131 tipini temsil etmekle birlikte, iyi korunmu\u015f tek \u00f6rnek olmas\u0131 a\u00e7\u0131s\u0131ndan b\u00fcy\u00fck \u00f6nem ta\u015f\u0131yor.<\/p>\n","protected":false},"excerpt":{"rendered":"<p>Van G\u00f6l\u00fc\u2019ndeki k\u00fc\u00e7\u00fck bir adada, \u00e7ok uzaktan bile g\u00f6r\u00fclebilen bir konumda y\u00fckselen Ahtamar Kilisesi, d\u0131\u015f cephesini \u015feritler halinde saran kabartmalar\u0131yla, Do\u011fu-H\u0131ristiyan mimari sanat\u0131n\u0131n e\u015fsiz bir \u00f6rne\u011fidir.<span class=\"excerpt-hellip\"> [\u2026]<\/span><\/p>\n","protected":false},"featured_media":0,"template":"","meta":{"_monsterinsights_skip_tracking":false,"_monsterinsights_sitenote_active":false,"_monsterinsights_sitenote_note":"","_monsterinsights_sitenote_category":0},"product_brand":[],"product_cat":[19373,12408],"product_tag":[],"class_list":{"0":"post-732367","1":"product","2":"type-product","3":"status-publish","5":"product_cat-grafik-sanatlar","6":"product_cat-sanat","7":"pa_cilt-ciltsiz","8":"pa_tur-kitap","9":"pa_yayinevi-yapi-kredi-yayinlari-sanat","10":"pa_yazar-mazhar-sevket-ipsiroglu","12":"first","13":"instock","14":"sale","15":"shipping-taxable","16":"purchasable","17":"product-type-simple"},"_links":{"self":[{"href":"https:\/\/roveyayinevi.com.tr\/index.php\/wp-json\/wp\/v2\/product\/732367","targetHints":{"allow":["GET"]}}],"collection":[{"href":"https:\/\/roveyayinevi.com.tr\/index.php\/wp-json\/wp\/v2\/product"}],"about":[{"href":"https:\/\/roveyayinevi.com.tr\/index.php\/wp-json\/wp\/v2\/types\/product"}],"wp:attachment":[{"href":"https:\/\/roveyayinevi.com.tr\/index.php\/wp-json\/wp\/v2\/media?parent=732367"}],"wp:term":[{"taxonomy":"product_brand","embeddable":true,"href":"https:\/\/roveyayinevi.com.tr\/index.php\/wp-json\/wp\/v2\/product_brand?post=732367"},{"taxonomy":"product_cat","embeddable":true,"href":"https:\/\/roveyayinevi.com.tr\/index.php\/wp-json\/wp\/v2\/product_cat?post=732367"},{"taxonomy":"product_tag","embeddable":true,"href":"https:\/\/roveyayinevi.com.tr\/index.php\/wp-json\/wp\/v2\/product_tag?post=732367"}],"curies":[{"name":"wp","href":"https:\/\/api.w.org\/{rel}","templated":true}]}}